{"id":2256,"date":"2024-02-03T11:17:08","date_gmt":"2024-02-03T10:17:08","guid":{"rendered":"https:\/\/forte-cultura.com\/?page_id=2256"},"modified":"2025-11-22T11:34:30","modified_gmt":"2025-11-22T10:34:30","slug":"forte-cultura-swiat-doznan","status":"publish","type":"page","link":"https:\/\/forte-cultura.com\/pl\/events\/forte-cultura-erlebniswelt\/","title":{"rendered":"FORTE CULTURA \u015bwiat do\u015bwiadcze\u0144"},"content":{"rendered":"<h2 class=\"wp-block-heading has-custom-farbe-1-color has-text-color has-link-color eplus-wrapper wp-elements-3d317d90206a90daba1868826ec14a1b\">Do\u015bwiadczenie w pracy w monumentalnych miejscach<\/h2>\n\n\n<figure class=\"wp-block-image alignright size-large is-resized eplus-wrapper eplus-styles-uid-7a77bb\"><a href=\"https:\/\/forte-cultura.com\/events\/\"><img loading=\"lazy\" decoding=\"async\" width=\"875\" height=\"1024\" src=\"https:\/\/forte-cultura.com\/wp-content\/uploads\/2023\/11\/logo-EFS_red-875x1024.png\" alt=\"\" class=\"wp-image-263\" style=\"width:206px;height:auto\" srcset=\"https:\/\/forte-cultura.com\/wp-content\/uploads\/2023\/11\/logo-EFS_red-875x1024.png 875w, https:\/\/forte-cultura.com\/wp-content\/uploads\/2023\/11\/logo-EFS_red-256x300.png 256w, https:\/\/forte-cultura.com\/wp-content\/uploads\/2023\/11\/logo-EFS_red-768x899.png 768w, https:\/\/forte-cultura.com\/wp-content\/uploads\/2023\/11\/logo-EFS_red-200x234.png 200w, https:\/\/forte-cultura.com\/wp-content\/uploads\/2023\/11\/logo-EFS_red.png 984w\" sizes=\"auto, (max-width: 875px) 100vw, 875px\" \/><\/a><\/figure>\n\n\n<p class=\"eplus-wrapper\"><em><strong>Kultura - Rozrywka - Rekreacja - Relaks - Odkrywanie<\/strong><\/em><\/p>\n\n\n\n<p class=\"eplus-wrapper\">Dzi\u015b historyczne zabytki forteczne s\u0105 w wielu miejscach o\u015brodkami spotka\u0144, kultury i turystyki. Pot\u0119\u017cne mury twierdzy tworz\u0105 niezwyk\u0142e t\u0142o dla szerokiej gamy fascynuj\u0105cych do\u015bwiadcze\u0144 dla m\u0142odych i starszych.<\/p>\n\n\n\n<p class=\"eplus-wrapper\">Prze\u017cyj koncerty od klasyki po punk w fortecach takich jak <strong><a href=\"https:\/\/forte-cultura.com\/sibenik-hr\/\" data-type=\"post\" data-id=\"1009\">Kulturalna twierdza \u0160ibenik<\/a><\/strong> lub <strong><a href=\"https:\/\/forte-cultura.com\/mainz-de\/\" data-type=\"post\" data-id=\"909\">Cytadela w Moguncji<\/a><\/strong>. Odkryj muzea w g\u00f3rnofranko\u0144skich twierdzach kulturowych, historyczne bitwy w parkach kulturowych czeskich i \u015bl\u0105skich twierdz, festiwale w weneckich zabytkach fortecznych, bajki na sakso\u0144skich twierdzach. <strong><a href=\"https:\/\/forte-cultura.com\/koenigstein-sachsen-de\/\" data-type=\"post\" data-id=\"804\">Twierdza K\u00f6nigstein<\/a><\/strong> lub jarmarki bo\u017conarodzeniowe w bastionach. Zjedz posi\u0142ek i przenocuj w historycznych fortecach i zrelaksuj si\u0119 w romantycznych parkach i ogrodach fortecznych, a tak\u017ce w otaczaj\u0105cej je przyrodzie.<\/p>\n\n\n\n<hr class=\"is-style-wide wp-block-separator has-alpha-channel-opacity eplus-wrapper\" style=\"margin-top:var(--wp--preset--spacing--30);margin-bottom:var(--wp--preset--spacing--30)\"\/>\n\n\n<div  class=\"ultp-post-grid-block wp-block-ultimate-post-post-grid-1 ultp-block-c78079\"><div class=\"ultp-block-wrapper\"><div class=\"ultp-loading\"><div class=\"ultp-loading-blocks\" style=\"width:100%;height:100%;\"><div style=\"left: 0;top: 0;animation-delay:0s;\"><\/div><div style=\"left: 21px;top: 0;animation-delay:0.125s;\"><\/div><div style=\"left: 42px;top: 0;animation-delay:0.25s;\"><\/div><div style=\"left: 0;top: 21px;animation-delay:0.875s;\"><\/div><div style=\"left: 42px;top: 21px;animation-delay:0.375s;\"><\/div><div style=\"left: 0;top: 42px;animation-delay:0.75s;\"><\/div><div style=\"left: 42px;top: 42px;animation-delay:0.625s;\"><\/div><div style=\"left: 21px;top: 42px;animation-delay:0.5s;\"><\/div><\/div><\/div><div class=\"ultp-heading-filter\"><div class=\"ultp-heading-filter-in\"><div class=\"ultp-heading-wrap ultp-heading-style1 ultp-heading-left\"><h1 class=\"ultp-heading-inner\"><span>Odkryj \u015bwiaty tematyczne FORTE CULTURA<\/span><\/h1><\/div><\/div><\/div><div class=\"ultp-block-items-wrap ultp-block-row ultp-pg1a-style1 ultp-grid1-responsive ultp-block-column-3 1 ultp-xs-column-1 ultp-layout1\"><div class=\"ultp-block-item post-id-2260\"><div class=\"ultp-block-content-wrap\"><div class=\"ultp-block-image ultp-block-image-opacity\"><a href=\"https:\/\/forte-cultura.com\/pl\/familie-und-kinder\/\" ><img decoding=\"async\"  class=\"ultp-block-image-content\"  alt=\"Rodzina i dzieci\"  src=\"https:\/\/forte-cultura.com\/wp-content\/uploads\/header_kids-870x400.png\" \/><\/a><\/div><div class=\"ultp-block-content\"><h3 class=\"ultp-block-title\"><a href=\"https:\/\/forte-cultura.com\/pl\/familie-und-kinder\/\" >Rodzina i dzieci<\/a><\/h3><div class=\"ultp-block-excerpt\"><p>\u015awiaty zabawy, nauka i zaj\u0119cia rekreacyjne, sport i zabawa w zabytkach fortecznych wok\u00f3\u0142...<\/p>\n<\/div><\/div><\/div><\/div><div class=\"ultp-block-item post-id-2359\"><div class=\"ultp-block-content-wrap\"><div class=\"ultp-block-image ultp-block-image-opacity\"><a href=\"https:\/\/forte-cultura.com\/pl\/gedenkstaetten-und-mahnmale\/\" ><img decoding=\"async\"  class=\"ultp-block-image-content\"  alt=\"Pomniki i miejsca pami\u0119ci\"  src=\"https:\/\/forte-cultura.com\/wp-content\/uploads\/header_gedenken-870x400.png\" \/><\/a><\/div><div class=\"ultp-block-content\"><h3 class=\"ultp-block-title\"><a href=\"https:\/\/forte-cultura.com\/pl\/gedenkstaetten-und-mahnmale\/\" >Pomniki i miejsca pami\u0119ci<\/a><\/h3><div class=\"ultp-block-excerpt\"><p>Twierdze jako miejsca pami\u0119ci Twierdze i fortyfikacje mia\u0142y...<\/p>\n<\/div><\/div><\/div><\/div><div class=\"ultp-block-item post-id-2584\"><div class=\"ultp-block-content-wrap\"><div class=\"ultp-block-image ultp-block-image-opacity\"><a href=\"https:\/\/forte-cultura.com\/pl\/geheime-architekturen\/\" ><img decoding=\"async\"  class=\"ultp-block-image-content\"  alt=\"Tajne architektury\"  src=\"https:\/\/forte-cultura.com\/wp-content\/uploads\/header_underground-870x400.png\" \/><\/a><\/div><div class=\"ultp-block-content\"><h3 class=\"ultp-block-title\"><a href=\"https:\/\/forte-cultura.com\/pl\/geheime-architekturen\/\" >Tajne architektury<\/a><\/h3><div class=\"ultp-block-excerpt\"><p>Niewidzialne pomniki twierdz wojen \u015bwiatowych i ery atomowej Tajemnica, kamufla\u017c...<\/p>\n<\/div><\/div><\/div><\/div><div class=\"ultp-block-item post-id-2354\"><div class=\"ultp-block-content-wrap\"><div class=\"ultp-block-image ultp-block-image-opacity\"><a href=\"https:\/\/forte-cultura.com\/pl\/militaergeschichte-erleben\/\" ><img decoding=\"async\"  class=\"ultp-block-image-content\"  alt=\"Poznaj histori\u0119 wojskowo\u015bci\"  src=\"https:\/\/forte-cultura.com\/wp-content\/uploads\/header_reenactment-870x400.png\" \/><\/a><\/div><div class=\"ultp-block-content\"><h3 class=\"ultp-block-title\"><a href=\"https:\/\/forte-cultura.com\/pl\/militaergeschichte-erleben\/\" >Poznaj histori\u0119 wojskowo\u015bci<\/a><\/h3><div class=\"ultp-block-excerpt\"><p>Wielkie bitwy, biwaki i \u017cycie \u017co\u0142nierzy Kolorowe mundury, historyczna bro\u0144, kawaleria,...<\/p>\n<\/div><\/div><\/div><\/div><div class=\"ultp-block-item post-id-2283\"><div class=\"ultp-block-content-wrap\"><div class=\"ultp-block-image ultp-block-image-opacity\"><a href=\"https:\/\/forte-cultura.com\/pl\/museen-und-ausstellungen\/\" ><img decoding=\"async\"  class=\"ultp-block-image-content\"  alt=\"Muzea i wystawy\"  src=\"https:\/\/forte-cultura.com\/wp-content\/uploads\/header_museum-870x400.png\" \/><\/a><\/div><div class=\"ultp-block-content\"><h3 class=\"ultp-block-title\"><a href=\"https:\/\/forte-cultura.com\/pl\/museen-und-ausstellungen\/\" >Muzea i wystawy<\/a><\/h3><div class=\"ultp-block-excerpt\"><p>Co\u015b dla ka\u017cdego: sztuka, historia kultury, \u017cycie codzienne, banalne, wyj\u0105tkowe, tajemnicze, ekstrawaganckie W...<\/p>\n<\/div><\/div><\/div><\/div><div class=\"ultp-block-item post-id-2407\"><div class=\"ultp-block-content-wrap\"><div class=\"ultp-block-image ultp-block-image-opacity\"><a href=\"https:\/\/forte-cultura.com\/pl\/musikevents-in-monumenten\/\" ><img decoding=\"async\"  class=\"ultp-block-image-content\"  alt=\"Wydarzenia muzyczne w zabytkach\"  src=\"https:\/\/forte-cultura.com\/wp-content\/uploads\/header_events-870x400.png\" \/><\/a><\/div><div class=\"ultp-block-content\"><h3 class=\"ultp-block-title\"><a href=\"https:\/\/forte-cultura.com\/pl\/musikevents-in-monumenten\/\" >Wydarzenia muzyczne w zabytkach<\/a><\/h3><div class=\"ultp-block-excerpt\"><p>Niegdy\u015b odporne na armaty - dzi\u015b bombastyczna atmosfera Muzyka klasyczna w twierdzach Inspiruj\u0105ce wydarzenia klasyczne...<\/p>\n<\/div><\/div><\/div><\/div><div class=\"ultp-block-item post-id-2340\"><div class=\"ultp-block-content-wrap\"><div class=\"ultp-block-image ultp-block-image-opacity\"><a href=\"https:\/\/forte-cultura.com\/pl\/natur-erleben-parks-und-gaerten\/\" ><img decoding=\"async\"  class=\"ultp-block-image-content\"  alt=\"Przyroda, parki i ogrody\"  src=\"https:\/\/forte-cultura.com\/wp-content\/uploads\/header_natur-870x400.png\" \/><\/a><\/div><div class=\"ultp-block-content\"><h3 class=\"ultp-block-title\"><a href=\"https:\/\/forte-cultura.com\/pl\/natur-erleben-parks-und-gaerten\/\" >Przyroda, parki i ogrody<\/a><\/h3><div class=\"ultp-block-excerpt\"><p>Kwiaty, kwiaty i urzekaj\u0105ca przyroda, gdzie niegdy\u015b grzmia\u0142y armaty Defiant...<\/p>\n<\/div><\/div><\/div><\/div><div class=\"ultp-block-item post-id-2277\"><div class=\"ultp-block-content-wrap\"><div class=\"ultp-block-image ultp-block-image-opacity\"><a href=\"https:\/\/forte-cultura.com\/pl\/residieren-geniessen\/\" ><img decoding=\"async\"  class=\"ultp-block-image-content\"  alt=\"Zamieszkaj i ciesz si\u0119\"  src=\"https:\/\/forte-cultura.com\/wp-content\/uploads\/header_genuss-870x400.png\" \/><\/a><\/div><div class=\"ultp-block-content\"><h3 class=\"ultp-block-title\"><a href=\"https:\/\/forte-cultura.com\/pl\/residieren-geniessen\/\" >Zamieszkaj i ciesz si\u0119<\/a><\/h3><div class=\"ultp-block-excerpt\"><p>Spanie w historycznych murach Od schronisk m\u0142odzie\u017cowych i mieszka\u0144 po luksusowe hotele...<\/p>\n<\/div><\/div><\/div><\/div><div class=\"ultp-block-item post-id-2577\"><div class=\"ultp-block-content-wrap\"><div class=\"ultp-block-image ultp-block-image-opacity\"><a href=\"https:\/\/forte-cultura.com\/pl\/sport\/\" ><img decoding=\"async\"  class=\"ultp-block-image-content\"  alt=\"Sport\"  src=\"https:\/\/forte-cultura.com\/wp-content\/uploads\/header_sport-870x400.png\" \/><\/a><\/div><div class=\"ultp-block-content\"><h3 class=\"ultp-block-title\"><a href=\"https:\/\/forte-cultura.com\/pl\/sport\/\" >Sport<\/a><\/h3><div class=\"ultp-block-excerpt\"><p>Aktywne fortece - zdobywanie ufortyfikowanego dziedzictwa kulturowego poprzez sport Czy w\u0119dr\u00f3wki, bieganie,...<\/p>\n<\/div><\/div><\/div><\/div><\/div><\/div><div class=\"pagination-block-html\" aria-hidden=\"true\" style=\"display: none;\"><\/div><\/div>\n\n\n<hr class=\"is-style-wide wp-block-separator has-alpha-channel-opacity eplus-wrapper\" style=\"margin-top:var(--wp--preset--spacing--30);margin-bottom:var(--wp--preset--spacing--30)\"\/>\n\n\n\n<h2 class=\"wp-block-heading has-custom-farbe-1-color has-text-color has-link-color has-large-font-size eplus-wrapper wp-elements-a59b90ffd977cb266ee95717ee8fc891\">Interaktywne atrakcje w twierdzy z Actionbound<\/h2>\n\n\n\n<p class=\"eplus-wrapper\">Odkryj fortece, zamki i zabytki w zabawny spos\u00f3b! Dzi\u0119ki aplikacji Actionbound mo\u017cesz wzi\u0105\u0107 udzia\u0142 w interaktywnych rajdach, wykonywa\u0107 ekscytuj\u0105ce zadania i uczestniczy\u0107 w multimedialnych wycieczkach przygotowanych przez cz\u0142onk\u00f3w sieci FORTE CULTURA.<\/p>\n\n\n\n<p style=\"margin-bottom:0\" class=\"eplus-wrapper\"><strong>Jak to dzia\u0142a:<\/strong><\/p>\n\n\n<ol style=\"margin-top:0;margin-bottom:0\" class=\"wp-block-list eplus-wrapper eplus-styles-uid-1bca4a\"><li class=\"eplus-wrapper eplus-styles-uid-340f12\">Zeskanuj kod QR wybranego punktu \u2013 i gotowe!<\/li>\n\n<li class=\"eplus-wrapper eplus-styles-uid-340f12\">Pobierz bezp\u0142atn\u0105 aplikacj\u0119 Actionbound w App Store lub Google Play.<\/li>\n\n<li class=\"eplus-wrapper eplus-styles-uid-340f12\">Otw\u00f3rz aplikacj\u0119 i kliknij \u201eZeskanuj kod\u201c.<\/li><\/ol>\n\n\n<p class=\"eplus-wrapper\">Aplikacja jest dost\u0119pna bezp\u0142atnie na systemy iOS i Android: <a href=\"https:\/\/play.google.com\/store\/apps\/details?id=de.actionbound\" target=\"_blank\" rel=\"noopener\">Pobierz z Google Play<\/a>   \/   <a href=\"https:\/\/apps.apple.com\/app\/actionbound\/id582660833\" target=\"_blank\" rel=\"noopener\">Pobierz w App Store<\/a><\/p>\n\n\n\n<p class=\"has-small-font-size eplus-wrapper\"><em>Uwaga: niekt\u00f3re granice wymagaj\u0105 danych mobilnych lub wcze\u015bniejszego zapisania w trybie offline. Korzystasz z nich na w\u0142asn\u0105 odpowiedzialno\u015b\u0107. Wi\u0119cej informacji znajdziesz w naszej polityce prywatno\u015bci.<\/em><\/p>\n\n\n<div class=\"wp-block-columns eplus-wrapper is-layout-flex wp-container-core-columns-is-layout-44468703 wp-block-columns-is-layout-flex eplus-styles-uid-fa9c57\" style=\"padding-top:var(--wp--preset--spacing--10);padding-right:var(--wp--preset--spacing--10);padding-bottom:var(--wp--preset--spacing--10);padding-left:var(--wp--preset--spacing--10)\">\n<div class=\"wp-block-column has-border-color has-accent-2-border-color eplus-wrapper is-layout-flow wp-block-column-is-layout-flow\" style=\"border-width:1px;border-radius:10px;flex-basis:500px\">\n<p class=\"has-text-align-left eplus-wrapper\" style=\"padding-top:var(--wp--preset--spacing--10);padding-left:var(--wp--preset--spacing--10)\">Przyk\u0142ad: miasto-twierdza Germersheim<\/p>\n\n\n<div class=\"bound-card eplus-styles-uid-0fd31d\"> <img decoding=\"async\" src=\"https:\/\/content.actionbound.com\/user\/6812328a544b4fe9a4d8f310\/image\/bi\/1746335470.jpg\" alt=\"Ok\u0142adka wydania\"> <h3>Rajd po twierdzach Germersheim dla ca\u0142ej rodziny<\/h3>\n<p>\u017byczymy dobrej zabawy podczas zwiedzania twierdzy z naszym rajdowym quizem. Czy uda Ci si\u0119 odpowiedzie\u0107 na wszystkie pytania? Trzymamy kciuki!<\/p> <div class=\"bound-cta\"> <a class=\"btn\" href=\"https:\/\/de.actionbound.com\/bound\/festungsrallye-germersheim-fuer-die-ganze-familie\" target=\"_blank\" rel=\"noopener\">Rozpocznij korzystanie z Bound ju\u017c teraz<\/a> <div class=\"qr\"> <img decoding=\"async\" src=\"https:\/\/de.actionbound.com\/bound\/festungsrallye-germersheim-fuer-die-ganze-familie\/qr\" alt=\"Kod QR do rozpocz\u0119cia trasy\"> <small>Skanowanie za pomoc\u0105 aplikacji Actionbound<\/small> <\/div> <\/div> <\/div><\/div>\n<\/div>\n\n<p class=\"eplus-wrapper eplus-styles-uid-f907c9\"><\/p>","protected":false},"excerpt":{"rendered":"<p>Erleben in monumentalen Kulissen Kultur &#8211; Unterhaltung &#8211; Erholung &#8211; Entspannung &#8211; Entdeckung Historische Festungsmonumente sind heute vielerorts Zentren f\u00fcr Begegnung, Kultur und Tourismus. Gewaltige Festungsmauern bilden au\u00dfergew\u00f6hnliche Kulissen f\u00fcr [&hellip;]<\/p>\n","protected":false},"author":1,"featured_media":0,"parent":255,"menu_order":0,"comment_status":"closed","ping_status":"closed","template":"","meta":{"editor_plus_copied_stylings":"{}","pgc_sgb_lightbox_settings":"","_price":"","_stock":"","_tribe_ticket_header":"","_tribe_default_ticket_provider":"","_tribe_ticket_capacity":"0","_ticket_start_date":"","_ticket_end_date":"","_tribe_ticket_show_description":"","_tribe_ticket_show_not_going":false,"_tribe_ticket_use_global_stock":"","_tribe_ticket_global_stock_level":"","_global_stock_mode":"","_global_stock_cap":"","_tribe_rsvp_for_event":"","_tribe_ticket_going_count":"","_tribe_ticket_not_going_count":"","_tribe_tickets_list":"[]","_tribe_ticket_has_attendee_info_fields":false,"_EventAllDay":false,"_EventTimezone":"","_EventStartDate":"","_EventEndDate":"","_EventStartDateUTC":"","_EventEndDateUTC":"","_EventShowMap":false,"_EventShowMapLink":false,"_EventURL":"","_EventCost":"","_EventCostDescription":"","_EventCurrencySymbol":"","_EventCurrencyCode":"","_EventCurrencyPosition":"","_EventDateTimeSeparator":"","_EventTimeRangeSeparator":"","_EventOrganizerID":[],"_EventVenueID":[],"_OrganizerEmail":"","_OrganizerPhone":"","_OrganizerWebsite":"","_VenueAddress":"","_VenueCity":"","_VenueCountry":"","_VenueProvince":"","_VenueState":"","_VenueZip":"","_VenuePhone":"","_VenueURL":"","_VenueStateProvince":"","_VenueLat":"","_VenueLng":"","_VenueShowMap":false,"_VenueShowMapLink":false,"footnotes":""},"class_list":["post-2256","page","type-page","status-publish","hentry"],"_links":{"self":[{"href":"https:\/\/forte-cultura.com\/pl\/wp-json\/wp\/v2\/pages\/2256","targetHints":{"allow":["GET"]}}],"collection":[{"href":"https:\/\/forte-cultura.com\/pl\/wp-json\/wp\/v2\/pages"}],"about":[{"href":"https:\/\/forte-cultura.com\/pl\/wp-json\/wp\/v2\/types\/page"}],"author":[{"embeddable":true,"href":"https:\/\/forte-cultura.com\/pl\/wp-json\/wp\/v2\/users\/1"}],"replies":[{"embeddable":true,"href":"https:\/\/forte-cultura.com\/pl\/wp-json\/wp\/v2\/comments?post=2256"}],"version-history":[{"count":12,"href":"https:\/\/forte-cultura.com\/pl\/wp-json\/wp\/v2\/pages\/2256\/revisions"}],"predecessor-version":[{"id":4343,"href":"https:\/\/forte-cultura.com\/pl\/wp-json\/wp\/v2\/pages\/2256\/revisions\/4343"}],"up":[{"embeddable":true,"href":"https:\/\/forte-cultura.com\/pl\/wp-json\/wp\/v2\/pages\/255"}],"wp:attachment":[{"href":"https:\/\/forte-cultura.com\/pl\/wp-json\/wp\/v2\/media?parent=2256"}],"curies":[{"name":"wp","href":"https:\/\/api.w.org\/{rel}","templated":true}]}}