{"id":2256,"date":"2024-02-03T11:17:08","date_gmt":"2024-02-03T10:17:08","guid":{"rendered":"https:\/\/forte-cultura.com\/?page_id=2256"},"modified":"2025-11-22T11:34:30","modified_gmt":"2025-11-22T10:34:30","slug":"forte-cultura-mondo-dellesperienza","status":"publish","type":"page","link":"https:\/\/forte-cultura.com\/it\/events\/forte-cultura-erlebniswelt\/","title":{"rendered":"FORTE CULTURA mondo dell'esperienza"},"content":{"rendered":"<h2 class=\"wp-block-heading has-custom-farbe-1-color has-text-color has-link-color eplus-wrapper wp-elements-3d317d90206a90daba1868826ec14a1b\">Esperienza in contesti monumentali<\/h2>\n\n\n<figure class=\"wp-block-image alignright size-large is-resized eplus-wrapper eplus-styles-uid-7a77bb\"><a href=\"https:\/\/forte-cultura.com\/events\/\"><img loading=\"lazy\" decoding=\"async\" width=\"875\" height=\"1024\" src=\"https:\/\/forte-cultura.com\/wp-content\/uploads\/2023\/11\/logo-EFS_red-875x1024.png\" alt=\"\" class=\"wp-image-263\" style=\"width:206px;height:auto\" srcset=\"https:\/\/forte-cultura.com\/wp-content\/uploads\/2023\/11\/logo-EFS_red-875x1024.png 875w, https:\/\/forte-cultura.com\/wp-content\/uploads\/2023\/11\/logo-EFS_red-256x300.png 256w, https:\/\/forte-cultura.com\/wp-content\/uploads\/2023\/11\/logo-EFS_red-768x899.png 768w, https:\/\/forte-cultura.com\/wp-content\/uploads\/2023\/11\/logo-EFS_red-200x234.png 200w, https:\/\/forte-cultura.com\/wp-content\/uploads\/2023\/11\/logo-EFS_red.png 984w\" sizes=\"auto, (max-width: 875px) 100vw, 875px\" \/><\/a><\/figure>\n\n\n<p class=\"eplus-wrapper\"><em><strong>Cultura - Intrattenimento - Ricreazione - Relax - Scoperta<\/strong><\/em><\/p>\n\n\n\n<p class=\"eplus-wrapper\">Oggi i monumenti storici delle fortezze sono centri di incontro, cultura e turismo in molti luoghi. Le possenti mura delle fortezze formano scenari straordinari per una vasta gamma di esperienze affascinanti per grandi e piccini.<\/p>\n\n\n\n<p class=\"eplus-wrapper\">Sperimentate i concerti dalla classica al punk in fortezze come la <strong><a href=\"https:\/\/forte-cultura.com\/sibenik-hr\/\" data-type=\"post\" data-id=\"1009\">Fortezza culturale di Sebenico<\/a><\/strong> o il <strong><a href=\"https:\/\/forte-cultura.com\/mainz-de\/\" data-type=\"post\" data-id=\"909\">Cittadella di Magonza<\/a><\/strong>. Scoprite i musei nelle fortezze culturali dell'Alta Franconia, le battaglie storiche nei parchi culturali delle fortezze boeme e slesiane, le feste nei monumenti delle fortezze veneziane, le fiabe nelle fortezze sassoni. <strong><a href=\"https:\/\/forte-cultura.com\/koenigstein-sachsen-de\/\" data-type=\"post\" data-id=\"804\">Fortezza di K\u00f6nigstein<\/a><\/strong> o i mercatini di Natale nei bastioni. Cenate e pernottate nelle fortezze storiche e rilassatevi nei romantici parchi e giardini delle fortezze e nella natura circostante.<\/p>\n\n\n\n<hr class=\"is-style-wide wp-block-separator has-alpha-channel-opacity eplus-wrapper\" style=\"margin-top:var(--wp--preset--spacing--30);margin-bottom:var(--wp--preset--spacing--30)\"\/>\n\n\n<div  class=\"ultp-post-grid-block wp-block-ultimate-post-post-grid-1 ultp-block-c78079\"><div class=\"ultp-block-wrapper\"><div class=\"ultp-loading\"><div class=\"ultp-loading-blocks\" style=\"width:100%;height:100%;\"><div style=\"left: 0;top: 0;animation-delay:0s;\"><\/div><div style=\"left: 21px;top: 0;animation-delay:0.125s;\"><\/div><div style=\"left: 42px;top: 0;animation-delay:0.25s;\"><\/div><div style=\"left: 0;top: 21px;animation-delay:0.875s;\"><\/div><div style=\"left: 42px;top: 21px;animation-delay:0.375s;\"><\/div><div style=\"left: 0;top: 42px;animation-delay:0.75s;\"><\/div><div style=\"left: 42px;top: 42px;animation-delay:0.625s;\"><\/div><div style=\"left: 21px;top: 42px;animation-delay:0.5s;\"><\/div><\/div><\/div><div class=\"ultp-heading-filter\"><div class=\"ultp-heading-filter-in\"><div class=\"ultp-heading-wrap ultp-heading-style1 ultp-heading-left\"><h1 class=\"ultp-heading-inner\"><span>Scoprite i mondi tematici di FORTE CULTURA<\/span><\/h1><\/div><\/div><\/div><div class=\"ultp-block-items-wrap ultp-block-row ultp-pg1a-style1 ultp-grid1-responsive ultp-block-column-3 1 ultp-xs-column-1 ultp-layout1\"><div class=\"ultp-block-item post-id-2260\"><div class=\"ultp-block-content-wrap\"><div class=\"ultp-block-image ultp-block-image-opacity\"><a href=\"https:\/\/forte-cultura.com\/it\/familie-und-kinder\/\" ><img decoding=\"async\"  class=\"ultp-block-image-content\"  alt=\"Famiglia e bambini\"  src=\"https:\/\/forte-cultura.com\/wp-content\/uploads\/header_kids-870x400.png\" \/><\/a><\/div><div class=\"ultp-block-content\"><h3 class=\"ultp-block-title\"><a href=\"https:\/\/forte-cultura.com\/it\/familie-und-kinder\/\" >Famiglia e bambini<\/a><\/h3><div class=\"ultp-block-excerpt\"><p>Mondi di gioco, attivit\u00e0 di apprendimento e di svago, sport e divertimento nei monumenti della fortezza...<\/p>\n<\/div><\/div><\/div><\/div><div class=\"ultp-block-item post-id-2359\"><div class=\"ultp-block-content-wrap\"><div class=\"ultp-block-image ultp-block-image-opacity\"><a href=\"https:\/\/forte-cultura.com\/it\/gedenkstaetten-und-mahnmale\/\" ><img decoding=\"async\"  class=\"ultp-block-image-content\"  alt=\"Memoriali e memoriali\"  src=\"https:\/\/forte-cultura.com\/wp-content\/uploads\/header_gedenken-870x400.png\" \/><\/a><\/div><div class=\"ultp-block-content\"><h3 class=\"ultp-block-title\"><a href=\"https:\/\/forte-cultura.com\/it\/gedenkstaetten-und-mahnmale\/\" >Memoriali e memoriali<\/a><\/h3><div class=\"ultp-block-excerpt\"><p>Le fortezze come luoghi di memoria Le fortezze e le fortificazioni hanno...<\/p>\n<\/div><\/div><\/div><\/div><div class=\"ultp-block-item post-id-2584\"><div class=\"ultp-block-content-wrap\"><div class=\"ultp-block-image ultp-block-image-opacity\"><a href=\"https:\/\/forte-cultura.com\/it\/geheime-architekturen\/\" ><img decoding=\"async\"  class=\"ultp-block-image-content\"  alt=\"Architetture segrete\"  src=\"https:\/\/forte-cultura.com\/wp-content\/uploads\/header_underground-870x400.png\" \/><\/a><\/div><div class=\"ultp-block-content\"><h3 class=\"ultp-block-title\"><a href=\"https:\/\/forte-cultura.com\/it\/geheime-architekturen\/\" >Architetture segrete<\/a><\/h3><div class=\"ultp-block-excerpt\"><p>I monumenti-fortezza invisibili delle guerre mondiali e dell'era atomica Segretezza, mimetizzazione...<\/p>\n<\/div><\/div><\/div><\/div><div class=\"ultp-block-item post-id-2354\"><div class=\"ultp-block-content-wrap\"><div class=\"ultp-block-image ultp-block-image-opacity\"><a href=\"https:\/\/forte-cultura.com\/it\/militaergeschichte-erleben\/\" ><img decoding=\"async\"  class=\"ultp-block-image-content\"  alt=\"Esperienza di storia militare\"  src=\"https:\/\/forte-cultura.com\/wp-content\/uploads\/header_reenactment-870x400.png\" \/><\/a><\/div><div class=\"ultp-block-content\"><h3 class=\"ultp-block-title\"><a href=\"https:\/\/forte-cultura.com\/it\/militaergeschichte-erleben\/\" >Esperienza di storia militare<\/a><\/h3><div class=\"ultp-block-excerpt\"><p>Grandi battaglie, bivacchi e vita dei soldati Uniformi colorate, armi storiche, cavalleria,...<\/p>\n<\/div><\/div><\/div><\/div><div class=\"ultp-block-item post-id-2283\"><div class=\"ultp-block-content-wrap\"><div class=\"ultp-block-image ultp-block-image-opacity\"><a href=\"https:\/\/forte-cultura.com\/it\/museen-und-ausstellungen\/\" ><img decoding=\"async\"  class=\"ultp-block-image-content\"  alt=\"Musei e mostre\"  src=\"https:\/\/forte-cultura.com\/wp-content\/uploads\/header_museum-870x400.png\" \/><\/a><\/div><div class=\"ultp-block-content\"><h3 class=\"ultp-block-title\"><a href=\"https:\/\/forte-cultura.com\/it\/museen-und-ausstellungen\/\" >Musei e mostre<\/a><\/h3><div class=\"ultp-block-excerpt\"><p>C'\u00e8 qualcosa per tutti: arte, storia culturale, vita quotidiana, il banale, il particolare, il misterioso, lo stravagante In...<\/p>\n<\/div><\/div><\/div><\/div><div class=\"ultp-block-item post-id-2407\"><div class=\"ultp-block-content-wrap\"><div class=\"ultp-block-image ultp-block-image-opacity\"><a href=\"https:\/\/forte-cultura.com\/it\/musikevents-in-monumenten\/\" ><img decoding=\"async\"  class=\"ultp-block-image-content\"  alt=\"Eventi musicali nei monumenti\"  src=\"https:\/\/forte-cultura.com\/wp-content\/uploads\/header_events-870x400.png\" \/><\/a><\/div><div class=\"ultp-block-content\"><h3 class=\"ultp-block-title\"><a href=\"https:\/\/forte-cultura.com\/it\/musikevents-in-monumenten\/\" >Eventi musicali nei monumenti<\/a><\/h3><div class=\"ultp-block-excerpt\"><p>Un tempo a prova di cannone - oggi un'atmosfera roboante Musica classica nelle fortezze Eventi classici ispiratori...<\/p>\n<\/div><\/div><\/div><\/div><div class=\"ultp-block-item post-id-2340\"><div class=\"ultp-block-content-wrap\"><div class=\"ultp-block-image ultp-block-image-opacity\"><a href=\"https:\/\/forte-cultura.com\/it\/natur-erleben-parks-und-gaerten\/\" ><img decoding=\"async\"  class=\"ultp-block-image-content\"  alt=\"Esperienza nella natura, nei parchi e nei giardini\"  src=\"https:\/\/forte-cultura.com\/wp-content\/uploads\/header_natur-870x400.png\" \/><\/a><\/div><div class=\"ultp-block-content\"><h3 class=\"ultp-block-title\"><a href=\"https:\/\/forte-cultura.com\/it\/natur-erleben-parks-und-gaerten\/\" >Esperienza nella natura, nei parchi e nei giardini<\/a><\/h3><div class=\"ultp-block-excerpt\"><p>Fiori, fioriture e una natura incantevole, dove un tempo tuonavano i cannoni Sfida...<\/p>\n<\/div><\/div><\/div><\/div><div class=\"ultp-block-item post-id-2277\"><div class=\"ultp-block-content-wrap\"><div class=\"ultp-block-image ultp-block-image-opacity\"><a href=\"https:\/\/forte-cultura.com\/it\/residieren-geniessen\/\" ><img decoding=\"async\"  class=\"ultp-block-image-content\"  alt=\"Risiedere e divertirsi\"  src=\"https:\/\/forte-cultura.com\/wp-content\/uploads\/header_genuss-870x400.png\" \/><\/a><\/div><div class=\"ultp-block-content\"><h3 class=\"ultp-block-title\"><a href=\"https:\/\/forte-cultura.com\/it\/residieren-geniessen\/\" >Risiedere e divertirsi<\/a><\/h3><div class=\"ultp-block-excerpt\"><p>Dormire tra le mura storiche Dagli ostelli della giovent\u00f9 agli appartamenti, fino agli hotel di lusso...<\/p>\n<\/div><\/div><\/div><\/div><div class=\"ultp-block-item post-id-2577\"><div class=\"ultp-block-content-wrap\"><div class=\"ultp-block-image ultp-block-image-opacity\"><a href=\"https:\/\/forte-cultura.com\/it\/sport\/\" ><img decoding=\"async\"  class=\"ultp-block-image-content\"  alt=\"Lo sport\"  src=\"https:\/\/forte-cultura.com\/wp-content\/uploads\/header_sport-870x400.png\" \/><\/a><\/div><div class=\"ultp-block-content\"><h3 class=\"ultp-block-title\"><a href=\"https:\/\/forte-cultura.com\/it\/sport\/\" >Lo sport<\/a><\/h3><div class=\"ultp-block-excerpt\"><p>Fortezze attive - alla conquista del patrimonio culturale fortificato attraverso lo sport Escursioni, corsa,...<\/p>\n<\/div><\/div><\/div><\/div><\/div><\/div><div class=\"pagination-block-html\" aria-hidden=\"true\" style=\"display: none;\"><\/div><\/div>\n\n\n<hr class=\"is-style-wide wp-block-separator has-alpha-channel-opacity eplus-wrapper\" style=\"margin-top:var(--wp--preset--spacing--30);margin-bottom:var(--wp--preset--spacing--30)\"\/>\n\n\n\n<h2 class=\"wp-block-heading has-custom-farbe-1-color has-text-color has-link-color has-large-font-size eplus-wrapper wp-elements-a59b90ffd977cb266ee95717ee8fc891\">Esperienze interattive nella fortezza con Actionbound<\/h2>\n\n\n\n<p class=\"eplus-wrapper\">Scopri fortezze, castelli e siti culturali in modo divertente! Con l'app Actionbound potrai partecipare a rally interattivi, svolgere compiti avvincenti e seguire tour multimediali creati dai membri della rete FORTE CULTURA.<\/p>\n\n\n\n<p style=\"margin-bottom:0\" class=\"eplus-wrapper\"><strong>Ecco come funziona:<\/strong><\/p>\n\n\n<ol style=\"margin-top:0;margin-bottom:0\" class=\"wp-block-list eplus-wrapper eplus-styles-uid-1bca4a\"><li class=\"eplus-wrapper eplus-styles-uid-340f12\">Scansiona il codice QR del bound desiderato e via!<\/li>\n\n<li class=\"eplus-wrapper eplus-styles-uid-340f12\">Scarica l'app gratuita Actionbound dall'App Store o da Google Play.<\/li>\n\n<li class=\"eplus-wrapper eplus-styles-uid-340f12\">Apri l'app e tocca \u201eScansiona codice\u201c.<\/li><\/ol>\n\n\n<p class=\"eplus-wrapper\">L'app \u00e8 disponibile gratuitamente per iOS e Android: <a href=\"https:\/\/play.google.com\/store\/apps\/details?id=de.actionbound\" target=\"_blank\" rel=\"noopener\">Scarica da Google Play<\/a>   \/   <a href=\"https:\/\/apps.apple.com\/app\/actionbound\/id582660833\" target=\"_blank\" rel=\"noopener\">Scarica dall'App Store<\/a><\/p>\n\n\n\n<p class=\"has-small-font-size eplus-wrapper\"><em>Nota bene: alcuni Bounds richiedono dati mobili o una precedente memorizzazione offline. L'utilizzo avviene sotto la propria responsabilit\u00e0. Per ulteriori informazioni, consulta la nostra informativa sulla privacy.<\/em><\/p>\n\n\n<div class=\"wp-block-columns eplus-wrapper is-layout-flex wp-container-core-columns-is-layout-44468703 wp-block-columns-is-layout-flex eplus-styles-uid-fa9c57\" style=\"padding-top:var(--wp--preset--spacing--10);padding-right:var(--wp--preset--spacing--10);padding-bottom:var(--wp--preset--spacing--10);padding-left:var(--wp--preset--spacing--10)\">\n<div class=\"wp-block-column has-border-color has-accent-2-border-color eplus-wrapper is-layout-flow wp-block-column-is-layout-flow\" style=\"border-width:1px;border-radius:10px;flex-basis:500px\">\n<p class=\"has-text-align-left eplus-wrapper\" style=\"padding-top:var(--wp--preset--spacing--10);padding-left:var(--wp--preset--spacing--10)\">Esempio: citt\u00e0 fortificata di Germersheim<\/p>\n\n\n<div class=\"bound-card eplus-styles-uid-0fd31d\"> <img decoding=\"async\" src=\"https:\/\/content.actionbound.com\/user\/6812328a544b4fe9a4d8f310\/image\/bi\/1746335470.jpg\" alt=\"Copertina del volume\"> <h3>Rally della fortezza di Germersheim per tutta la famiglia<\/h3>\n<p>Vi auguriamo buon divertimento nell'esplorare la fortezza con il nostro rally. Riuscirete a rispondere a tutte le domande? Incrociamo le dita per voi!<\/p> <div class=\"bound-cta\"> <a class=\"btn\" href=\"https:\/\/de.actionbound.com\/bound\/festungsrallye-germersheim-fuer-die-ganze-familie\" target=\"_blank\" rel=\"noopener\">Avvia subito Bound<\/a> <div class=\"qr\"> <img decoding=\"async\" src=\"https:\/\/de.actionbound.com\/bound\/festungsrallye-germersheim-fuer-die-ganze-familie\/qr\" alt=\"Codice QR per avviare il Bounds\"> <small>Scansionare con l'app Actionbound<\/small> <\/div> <\/div> <\/div><\/div>\n<\/div>\n\n<p class=\"eplus-wrapper eplus-styles-uid-f907c9\"><\/p>","protected":false},"excerpt":{"rendered":"<p>Erleben in monumentalen Kulissen Kultur &#8211; Unterhaltung &#8211; Erholung &#8211; Entspannung &#8211; Entdeckung Historische Festungsmonumente sind heute vielerorts Zentren f\u00fcr Begegnung, Kultur und Tourismus. Gewaltige Festungsmauern bilden au\u00dfergew\u00f6hnliche Kulissen f\u00fcr [&hellip;]<\/p>\n","protected":false},"author":1,"featured_media":0,"parent":255,"menu_order":0,"comment_status":"closed","ping_status":"closed","template":"","meta":{"editor_plus_copied_stylings":"{}","pgc_sgb_lightbox_settings":"","_price":"","_stock":"","_tribe_ticket_header":"","_tribe_default_ticket_provider":"","_tribe_ticket_capacity":"0","_ticket_start_date":"","_ticket_end_date":"","_tribe_ticket_show_description":"","_tribe_ticket_show_not_going":false,"_tribe_ticket_use_global_stock":"","_tribe_ticket_global_stock_level":"","_global_stock_mode":"","_global_stock_cap":"","_tribe_rsvp_for_event":"","_tribe_ticket_going_count":"","_tribe_ticket_not_going_count":"","_tribe_tickets_list":"[]","_tribe_ticket_has_attendee_info_fields":false,"_EventAllDay":false,"_EventTimezone":"","_EventStartDate":"","_EventEndDate":"","_EventStartDateUTC":"","_EventEndDateUTC":"","_EventShowMap":false,"_EventShowMapLink":false,"_EventURL":"","_EventCost":"","_EventCostDescription":"","_EventCurrencySymbol":"","_EventCurrencyCode":"","_EventCurrencyPosition":"","_EventDateTimeSeparator":"","_EventTimeRangeSeparator":"","_EventOrganizerID":[],"_EventVenueID":[],"_OrganizerEmail":"","_OrganizerPhone":"","_OrganizerWebsite":"","_VenueAddress":"","_VenueCity":"","_VenueCountry":"","_VenueProvince":"","_VenueState":"","_VenueZip":"","_VenuePhone":"","_VenueURL":"","_VenueStateProvince":"","_VenueLat":"","_VenueLng":"","_VenueShowMap":false,"_VenueShowMapLink":false,"footnotes":""},"class_list":["post-2256","page","type-page","status-publish","hentry"],"_links":{"self":[{"href":"https:\/\/forte-cultura.com\/it\/wp-json\/wp\/v2\/pages\/2256","targetHints":{"allow":["GET"]}}],"collection":[{"href":"https:\/\/forte-cultura.com\/it\/wp-json\/wp\/v2\/pages"}],"about":[{"href":"https:\/\/forte-cultura.com\/it\/wp-json\/wp\/v2\/types\/page"}],"author":[{"embeddable":true,"href":"https:\/\/forte-cultura.com\/it\/wp-json\/wp\/v2\/users\/1"}],"replies":[{"embeddable":true,"href":"https:\/\/forte-cultura.com\/it\/wp-json\/wp\/v2\/comments?post=2256"}],"version-history":[{"count":12,"href":"https:\/\/forte-cultura.com\/it\/wp-json\/wp\/v2\/pages\/2256\/revisions"}],"predecessor-version":[{"id":4343,"href":"https:\/\/forte-cultura.com\/it\/wp-json\/wp\/v2\/pages\/2256\/revisions\/4343"}],"up":[{"embeddable":true,"href":"https:\/\/forte-cultura.com\/it\/wp-json\/wp\/v2\/pages\/255"}],"wp:attachment":[{"href":"https:\/\/forte-cultura.com\/it\/wp-json\/wp\/v2\/media?parent=2256"}],"curies":[{"name":"wp","href":"https:\/\/api.w.org\/{rel}","templated":true}]}}