{"id":1702,"date":"2024-01-11T17:12:38","date_gmt":"2024-01-11T16:12:38","guid":{"rendered":"https:\/\/forte-cultura.com\/?page_id=1702"},"modified":"2024-02-07T12:11:39","modified_gmt":"2024-02-07T11:11:39","slug":"storia-della-costruzione-di-una-fortezza","status":"publish","type":"page","link":"https:\/\/forte-cultura.com\/it\/kulturerbe-festungsmonumente\/geschichte-des-festungsbaus\/","title":{"rendered":"Storia della costruzione di una fortezza"},"content":{"rendered":"<div style=\"height:13px\" aria-hidden=\"true\" class=\"wp-block-spacer eplus-wrapper\"><\/div>\n\n\n\n<h2 class=\"is-style-default wp-block-heading has-text-align-left has-custom-farbe-1-color has-text-color has-link-color eplus-wrapper wp-elements-583af1be2a5fcc7adf64818568f57199\" style=\"font-size:clamp(1.092rem, 1.092rem + ((1vw - 0.2rem) * 1.013), 1.7rem);\">Costruzione della fortezza prima del XVI secolo<\/h2>\n\n\n\n<figure class=\"wp-block-image alignright size-full eplus-wrapper\"><img loading=\"lazy\" decoding=\"async\" width=\"787\" height=\"347\" src=\"https:\/\/forte-cultura.com\/wp-content\/uploads\/history1-1.jpg\" alt=\"\" class=\"wp-image-1703\" srcset=\"https:\/\/forte-cultura.com\/wp-content\/uploads\/history1-1.jpg 787w, https:\/\/forte-cultura.com\/wp-content\/uploads\/history1-1-300x132.jpg 300w, https:\/\/forte-cultura.com\/wp-content\/uploads\/history1-1-768x339.jpg 768w, https:\/\/forte-cultura.com\/wp-content\/uploads\/history1-1-18x8.jpg 18w, https:\/\/forte-cultura.com\/wp-content\/uploads\/history1-1-200x88.jpg 200w\" sizes=\"auto, (max-width: 787px) 100vw, 787px\" \/><\/figure>\n\n\n\n<p class=\"has-text-align-left eplus-wrapper\">L'innovazione pi\u00f9 importante nella costruzione delle fortezze storiche si ebbe con l'introduzione delle armi da fuoco, contro le quali i castelli e i bastioni medievali offrivano scarsa protezione. Dalla fine del XV secolo, gli architetti italiani progettarono quindi nuove costruzioni per l'uso delle armi da fuoco, come le feritoie o le postazioni per i cannoni.<\/p>\n\n\n\n<p class=\"has-text-align-left eplus-wrapper\">Inizi\u00f2 la ricostruzione e in molti luoghi anche la completa sostituzione dei bastioni e delle torri del castello in massicci bastioni, forti mura con profondi fossati, adattati alla balistica dei proiettili.<\/p>\n\n\n\n<p class=\"has-text-align-left eplus-wrapper\">Da quel momento in poi, la costruzione di fortezze segu\u00ec il rapido sviluppo dell'artiglieria. Gli architetti contrastarono il crescente potere di penetrazione e il raggio d'azione con mura sempre pi\u00f9 robuste e fortificazioni sempre pi\u00f9 grandi, ma anche con l'arte e la ricchezza del design dell'edificio.<\/p>\n\n\n\n<p class=\"eplus-wrapper\"><\/p>\n\n\n\n<div style=\"height:11px\" aria-hidden=\"true\" class=\"wp-block-spacer eplus-wrapper\"><\/div>\n\n\n\n<h2 class=\"wp-block-heading has-text-align-left has-custom-farbe-1-color has-text-color has-link-color eplus-wrapper wp-elements-19368824ffeb9b5d5c2d39150c457815\" style=\"font-size:clamp(1.092rem, 1.092rem + ((1vw - 0.2rem) * 1.013), 1.7rem);\">Costruzione della fortezza del XVI secolo<\/h2>\n\n\n\n<figure class=\"wp-block-image alignright size-full eplus-wrapper\"><img loading=\"lazy\" decoding=\"async\" width=\"787\" height=\"349\" src=\"https:\/\/forte-cultura.com\/wp-content\/uploads\/history2-1.jpg\" alt=\"\" class=\"wp-image-1275\" srcset=\"https:\/\/forte-cultura.com\/wp-content\/uploads\/history2-1.jpg 787w, https:\/\/forte-cultura.com\/wp-content\/uploads\/history2-1-300x133.jpg 300w, https:\/\/forte-cultura.com\/wp-content\/uploads\/history2-1-768x341.jpg 768w, https:\/\/forte-cultura.com\/wp-content\/uploads\/history2-1-200x89.jpg 200w\" sizes=\"auto, (max-width: 787px) 100vw, 787px\" \/><\/figure>\n\n\n\n<p class=\"has-text-align-left eplus-wrapper\">Intorno al 1550, Dresda fu una delle prime citt\u00e0 tedesche a dotarsi di una fortezza bastionata cos\u00ec completa, che Napoleone utilizz\u00f2 ben 250 anni dopo per i frequenti soggiorni durante le sue campagne militari.<\/p>\n\n\n\n<p class=\"has-text-align-left eplus-wrapper translation-block\">Le <strong><a href=\"https:\/\/forte-cultura.com\/category\/festungserbe\/befestigte-idealstadt\/\" data-type=\"category\" data-id=\"24\" target=\"_self\">citt\u00e0 ideali fortificate<\/a><\/strong>, pianificate in base ad aspetti militari e costruite di recente in punti strategici, come ad esempio Terez\u00edn (Theresienstadt) e Josefov (CZ), D\u00f6mitz (DE) o Sabbioneta (IT), sono considerate un eccezionale punto di forza della costruzione di fortezze in Europa.<\/p>\n\n\n\n<p class=\"has-text-align-left eplus-wrapper\">All'inizio del XIX secolo, l'artiglieria moderna costrinse a costruire <strong><a href=\"https:\/\/forte-cultura.com\/category\/festungserbe\/festungssystem\/\" data-type=\"category\" data-id=\"38\">Sistemi su larga scala<\/a><\/strong>che si estendevano su intere aree e le cui propaggini distavano a volte pi\u00f9 di 5 chilometri dagli insediamenti. Qui, ad esempio, si sono immortalati:<\/p>\n\n\n<ul class=\"eplus-wrapper wp-block-list eplus-styles-uid-918c18\"><li class=\"eplus-wrapper eplus-styles-uid-1ceed8\">Prussia a Magdeburgo, K\u00fcstrin, Magonza, Ulm, Coblenza o Ingolstadt,<\/li>\n\n<li class=\"eplus-wrapper eplus-styles-uid-1ceed8\">Austria a Pola, Komarno, Przemysl o Cracovia,<\/li>\n\n<li class=\"eplus-wrapper eplus-styles-uid-1ceed8\">La Russia immortalata a Modlin e Varsavia.<\/li><\/ul>\n\n\n<p class=\"eplus-wrapper\"><\/p>\n\n\n\n<div style=\"height:11px\" aria-hidden=\"true\" class=\"wp-block-spacer eplus-wrapper\"><\/div>\n\n\n\n<h2 class=\"wp-block-heading has-custom-farbe-1-color has-text-color has-link-color eplus-wrapper wp-elements-10a4132473e25c74c194700e1213732e\" style=\"font-size:clamp(1.092rem, 1.092rem + ((1vw - 0.2rem) * 1.013), 1.7rem);\">La costruzione della fortezza dal XX secolo in poi<\/h2>\n\n\n\n<p class=\"has-text-align-left eplus-wrapper\">Sempre in risposta agli enormi progressi della tecnologia degli armamenti, nel XX secolo le strutture fortificate scomparvero sempre pi\u00f9 spesso sottoterra e nei massicci montuosi. Particolarmente impressionanti sono gli enormi <a href=\"https:\/\/forte-cultura.com\/category\/festungserbe-20-jh\/verteidigungslinie-20-jh\/\" data-type=\"category\" data-id=\"66\"><strong>Linee di difesa dei bunker<\/strong><\/a> come la Linea Maginot (FR), il Muro Occidentale o il Vallo Atlantico. <\/p>\n\n\n\n<p class=\"has-text-align-left eplus-wrapper\">Durante la Guerra Fredda sono state costruite enormi fortificazioni di confine come la \"Cortina di ferro\" e sistemi di bunker nucleari, a testimonianza di un'epoca che minacciava l'esistenza dei popoli europei. <\/p>\n\n\n\n<p class=\"has-text-align-left eplus-wrapper\">Anche per questo \u00e8 necessario preservare queste testimonianze architettoniche contemporanee e diffondere il loro messaggio.<\/p>\n\n\n\n<hr class=\"is-style-wide wp-block-separator aligncenter has-text-color has-accent-2-color has-alpha-channel-opacity has-accent-2-background-color has-background eplus-wrapper\" style=\"margin-top:var(--wp--preset--spacing--20);margin-bottom:var(--wp--preset--spacing--10)\"\/>\n\n\n\n<p class=\"has-text-align-center eplus-wrapper\">Scoprite le diverse epoche di costruzione delle fortezze con le loro peculiarit\u00e0 architettoniche e tattiche. <\/p>\n\n\n<div class=\"wp-block-columns eplus-wrapper is-layout-flex wp-container-core-columns-is-layout-c5150b4a wp-block-columns-is-layout-flex eplus-styles-uid-afc1fe\">\n<div class=\"wp-block-column has-accent-background-color has-background eplus-wrapper is-layout-flow wp-block-column-is-layout-flow\" style=\"padding-top:var(--wp--preset--spacing--20);padding-right:var(--wp--preset--spacing--10);padding-bottom:var(--wp--preset--spacing--20);padding-left:var(--wp--preset--spacing--10)\">\n<h3 class=\"wp-block-heading has-text-align-center eplus-wrapper\">Architettura di fortezza del XV-XIX secolo. <\/h3>\n\n\n\n<p class=\"has-text-align-center eplus-wrapper\">L'introduzione delle armi da fuoco determin\u00f2 un cambiamento fondamentale nella costruzione delle fortezze. Inizi\u00f2 un rimodellamento e in molti luoghi persino la completa sostituzione delle fortificazioni e delle torri dei castelli in massicci bastioni, forti mura con profondi fossati, adattati alla balistica e alla gittata dei nuovi proiettili.<\/p>\n\n\n\n<p class=\"has-text-align-center eplus-wrapper\"><a href=\"https:\/\/forte-cultura.com\/kulturerbe-festungsmonumente\/geschichte-des-festungsbaus\/festungsbau-vom-15-19-jahrhundert\/\" data-type=\"page\" data-id=\"1963\">Per saperne di pi\u00f9<\/a><\/p>\n<\/div>\n\n\n\n<div class=\"wp-block-column has-accent-2-background-color has-background eplus-wrapper is-layout-flow wp-block-column-is-layout-flow\" style=\"padding-top:var(--wp--preset--spacing--20);padding-right:var(--wp--preset--spacing--10);padding-bottom:var(--wp--preset--spacing--20);padding-left:var(--wp--preset--spacing--10)\">\n<h3 class=\"wp-block-heading has-text-align-center eplus-wrapper\">Architettura di fortezza del XX secolo<\/h3>\n\n\n\n<p class=\"has-text-align-center eplus-wrapper\">Lo sviluppo del cemento armato port\u00f2 al secondo cambiamento fondamentale nella costruzione delle fortezze. Le fortezze in pietra erano in gran parte inefficaci contro le armi moderne. La costruzione di fortezze si mimetizz\u00f2 e si orient\u00f2 verso il sottosuolo. Furono costruite gigantesche linee di bunker, sistemi di difesa aerea e bunker governativi.<\/p>\n\n\n\n<p class=\"has-text-align-center eplus-wrapper\"><a href=\"https:\/\/forte-cultura.com\/kulturerbe-festungsmonumente\/geschichte-des-festungsbaus\/festungen-des-20-jahrhunderts\/\" data-type=\"page\" data-id=\"1892\">Per saperne di pi\u00f9<\/a><\/p>\n<\/div>\n<\/div>\n\n\n<hr class=\"is-style-wide wp-block-separator aligncenter has-text-color has-accent-2-color has-alpha-channel-opacity has-accent-2-background-color has-background eplus-wrapper\" style=\"margin-top:var(--wp--preset--spacing--10);margin-bottom:var(--wp--preset--spacing--10)\"\/>\n\n\n\n<p class=\"eplus-wrapper\"><\/p>\n\n\n<div  class=\"wp-block-ultimate-post-ultp-taxonomy ultp-block-aa941b\"><div class=\"ultp-block-wrapper\"><div class=\"ultp-loading\"><div class=\"ultp-loading-blocks\" style=\"width:100%;height:100%;\"><div style=\"left: 0;top: 0;animation-delay:0s;\"><\/div><div style=\"left: 21px;top: 0;animation-delay:0.125s;\"><\/div><div style=\"left: 42px;top: 0;animation-delay:0.25s;\"><\/div><div style=\"left: 0;top: 21px;animation-delay:0.875s;\"><\/div><div style=\"left: 42px;top: 21px;animation-delay:0.375s;\"><\/div><div style=\"left: 0;top: 42px;animation-delay:0.75s;\"><\/div><div style=\"left: 42px;top: 42px;animation-delay:0.625s;\"><\/div><div style=\"left: 21px;top: 42px;animation-delay:0.5s;\"><\/div><\/div><\/div><div class=\"ultp-heading-filter\"><div class=\"ultp-heading-filter-in\"><div class=\"ultp-heading-wrap ultp-heading-style9 ultp-heading-center\"><h2 class=\"ultp-heading-inner\"><span>Stazioni di FORTE CULTURA per tipo di fortezza<\/span><\/h2><\/div><\/div><\/div><div class=\"ultp-block-items-wrap\"><ul class=\"ultp-taxonomy-items  ultp-taxonomy-animation-none ultp-taxonomy-column-3 ultp-taxonomy-layout-1\"><li class=\"ultp-block-item ultp-taxonomy-item\"><a href=\"https:\/\/forte-cultura.com\/it\/category\/festungserbe\/befestigte-burg\/\" ><span class=\"ultp-taxonomy-name\" >Castello fortificato<\/span><span class=\"ultp-taxonomy-count\" >7<\/span><\/a><\/li><li class=\"ultp-block-item ultp-taxonomy-item\"><a href=\"https:\/\/forte-cultura.com\/it\/category\/festungserbe\/befestigte-idealstadt\/\" ><span class=\"ultp-taxonomy-name\" >Citt\u00e0 ideale fortificata<\/span><span class=\"ultp-taxonomy-count\" >5<\/span><\/a><\/li><li class=\"ultp-block-item ultp-taxonomy-item\"><a href=\"https:\/\/forte-cultura.com\/it\/category\/festungserbe\/befestigte-stadt\/\" ><span class=\"ultp-taxonomy-name\" >Citt\u00e0 fortificata<\/span><span class=\"ultp-taxonomy-count\" >3<\/span><\/a><\/li><li class=\"ultp-block-item ultp-taxonomy-item\"><a href=\"https:\/\/forte-cultura.com\/it\/category\/festungserbe\/befestigtes-schloss\/\" ><span class=\"ultp-taxonomy-name\" >Serratura fissata<\/span><span class=\"ultp-taxonomy-count\" >4<\/span><\/a><\/li><li class=\"ultp-block-item ultp-taxonomy-item\"><a href=\"https:\/\/forte-cultura.com\/it\/category\/festungserbe\/festung\/\" ><span class=\"ultp-taxonomy-name\" >Fortezza<\/span><span class=\"ultp-taxonomy-count\" >10<\/span><\/a><\/li><li class=\"ultp-block-item ultp-taxonomy-item\"><a href=\"https:\/\/forte-cultura.com\/it\/category\/festungserbe\/festungssystem\/\" ><span class=\"ultp-taxonomy-name\" >Sistema a fortezza<\/span><span class=\"ultp-taxonomy-count\" >16<\/span><\/a><\/li><li class=\"ultp-block-item ultp-taxonomy-item\"><a href=\"https:\/\/forte-cultura.com\/it\/category\/festungserbe\/fort\/\" ><span class=\"ultp-taxonomy-name\" >Forte<\/span><span class=\"ultp-taxonomy-count\" >3<\/span><\/a><\/li><li class=\"ultp-block-item ultp-taxonomy-item\"><a href=\"https:\/\/forte-cultura.com\/it\/category\/festungserbe\/verteidigungslinie\/\" ><span class=\"ultp-taxonomy-name\" >Linea di difesa<\/span><span class=\"ultp-taxonomy-count\" >1<\/span><\/a><\/li><li class=\"ultp-block-item ultp-taxonomy-item\"><a href=\"https:\/\/forte-cultura.com\/it\/category\/festungserbe\/zitadelle\/\" ><span class=\"ultp-taxonomy-name\" >Cittadella<\/span><span class=\"ultp-taxonomy-count\" >6<\/span><\/a><\/li><li class=\"ultp-block-item ultp-taxonomy-item\"><a href=\"https:\/\/forte-cultura.com\/it\/category\/festungserbe-20-jh\/militaerbunker\/\" ><span class=\"ultp-taxonomy-name\" >Bunker militare<\/span><span class=\"ultp-taxonomy-count\" >11<\/span><\/a><\/li><li class=\"ultp-block-item ultp-taxonomy-item\"><a href=\"https:\/\/forte-cultura.com\/it\/category\/festungserbe-20-jh\/regierungsbunker\/\" ><span class=\"ultp-taxonomy-name\" >Bunker governativo<\/span><span class=\"ultp-taxonomy-count\" >3<\/span><\/a><\/li><li class=\"ultp-block-item ultp-taxonomy-item\"><a href=\"https:\/\/forte-cultura.com\/it\/category\/festungserbe-20-jh\/verteidigungslinie-20-jh\/\" ><span class=\"ultp-taxonomy-name\" >Linea di difesa 20\u00b0 secolo<\/span><span class=\"ultp-taxonomy-count\" >9<\/span><\/a><\/li><\/ul><\/div><\/div><\/div>\n\n<div id=\"travelersmap-container-69e5ee093567f\" class=\"travelersmap-container\" style=\"z-index: 1; min-height: 10px; min-width:10px; height:600px;width:100%; max-width:1280px; max-height:500px; position:relative;\"><div style=\"position:absolute; z-index:-1;top: 50%;text-align: center;display: block;left: 50%;transform: translate(-50%,-50%);\">La mappa dei viaggiatori sta caricando...<br>Se si vede questo messaggio dopo che la pagina \u00e8 stata caricata completamente, i file leafletJS sono mancanti.<\/div><\/div>\n\n\n\n<hr class=\"is-style-wide wp-block-separator aligncenter has-text-color has-accent-2-color has-alpha-channel-opacity has-accent-2-background-color has-background eplus-wrapper\" style=\"margin-top:var(--wp--preset--spacing--20);margin-bottom:var(--wp--preset--spacing--10)\"\/>","protected":false},"excerpt":{"rendered":"<p>Festungsbau vor dem 16. Jahrhundert Seine wichtigste Innovation erfuhr der historische Festungsbau mit der Einf\u00fchrung von Pulverwaffen, gegen die mittelalterliche Burgen und Wallanlagen nur wenig Schutz boten. Seit Ende des [&hellip;]<\/p>\n","protected":false},"author":1,"featured_media":0,"parent":1262,"menu_order":0,"comment_status":"closed","ping_status":"closed","template":"","meta":{"editor_plus_copied_stylings":"{}","pgc_sgb_lightbox_settings":"","_price":"","_stock":"","_tribe_ticket_header":"","_tribe_default_ticket_provider":"","_tribe_ticket_capacity":"0","_ticket_start_date":"","_ticket_end_date":"","_tribe_ticket_show_description":"","_tribe_ticket_show_not_going":false,"_tribe_ticket_use_global_stock":"","_tribe_ticket_global_stock_level":"","_global_stock_mode":"","_global_stock_cap":"","_tribe_rsvp_for_event":"","_tribe_ticket_going_count":"","_tribe_ticket_not_going_count":"","_tribe_tickets_list":"[]","_tribe_ticket_has_attendee_info_fields":false,"_EventAllDay":false,"_EventTimezone":"","_EventStartDate":"","_EventEndDate":"","_EventStartDateUTC":"","_EventEndDateUTC":"","_EventShowMap":false,"_EventShowMapLink":false,"_EventURL":"","_EventCost":"","_EventCostDescription":"","_EventCurrencySymbol":"","_EventCurrencyCode":"","_EventCurrencyPosition":"","_EventDateTimeSeparator":"","_EventTimeRangeSeparator":"","_EventOrganizerID":[],"_EventVenueID":[],"_OrganizerEmail":"","_OrganizerPhone":"","_OrganizerWebsite":"","_VenueAddress":"","_VenueCity":"","_VenueCountry":"","_VenueProvince":"","_VenueState":"","_VenueZip":"","_VenuePhone":"","_VenueURL":"","_VenueStateProvince":"","_VenueLat":"","_VenueLng":"","_VenueShowMap":false,"_VenueShowMapLink":false,"footnotes":""},"class_list":["post-1702","page","type-page","status-publish","hentry"],"_links":{"self":[{"href":"https:\/\/forte-cultura.com\/it\/wp-json\/wp\/v2\/pages\/1702","targetHints":{"allow":["GET"]}}],"collection":[{"href":"https:\/\/forte-cultura.com\/it\/wp-json\/wp\/v2\/pages"}],"about":[{"href":"https:\/\/forte-cultura.com\/it\/wp-json\/wp\/v2\/types\/page"}],"author":[{"embeddable":true,"href":"https:\/\/forte-cultura.com\/it\/wp-json\/wp\/v2\/users\/1"}],"replies":[{"embeddable":true,"href":"https:\/\/forte-cultura.com\/it\/wp-json\/wp\/v2\/comments?post=1702"}],"version-history":[{"count":0,"href":"https:\/\/forte-cultura.com\/it\/wp-json\/wp\/v2\/pages\/1702\/revisions"}],"up":[{"embeddable":true,"href":"https:\/\/forte-cultura.com\/it\/wp-json\/wp\/v2\/pages\/1262"}],"wp:attachment":[{"href":"https:\/\/forte-cultura.com\/it\/wp-json\/wp\/v2\/media?parent=1702"}],"curies":[{"name":"wp","href":"https:\/\/api.w.org\/{rel}","templated":true}]}}