{"id":1978,"date":"2024-01-24T11:44:05","date_gmt":"2024-01-24T10:44:05","guid":{"rendered":"https:\/\/forte-cultura.com\/?page_id=1978"},"modified":"2024-01-24T13:56:04","modified_gmt":"2024-01-24T12:56:04","slug":"forteresses-individuelles","status":"publish","type":"page","link":"https:\/\/forte-cultura.com\/fr\/kulturerbe-festungsmonumente\/geschichte-des-festungsbaus\/festungsbau-vom-15-19-jahrhundert\/einzelfestungen\/","title":{"rendered":"Fortification Individuelle"},"content":{"rendered":"<h2 class=\"wp-block-heading has-custom-farbe-1-color has-text-color has-link-color has-large-font-size eplus-wrapper wp-elements-daea68a339687e7949bbbeeb21144cfd\"><strong>B\u00e2timents magnifiques militaires aux locations expos\u00e9s<\/strong><\/h2>\n\n\n<div class=\"wp-block-columns are-vertically-aligned-center is-not-stacked-on-mobile eplus-wrapper is-layout-flex wp-container-core-columns-is-layout-28f84493 wp-block-columns-is-layout-flex eplus-styles-uid-0df894\">\n<div class=\"wp-block-column is-vertically-aligned-center eplus-wrapper is-layout-flow wp-block-column-is-layout-flow\" style=\"flex-basis:10%\">\n<figure class=\"wp-block-image size-full is-resized eplus-wrapper\"><img loading=\"lazy\" decoding=\"async\" width=\"1296\" height=\"1222\" src=\"https:\/\/forte-cultura.com\/wp-content\/uploads\/einzelfestung_mittel.png\" alt=\"\" class=\"wp-image-1907\" style=\"width:60px;height:auto\" srcset=\"https:\/\/forte-cultura.com\/wp-content\/uploads\/einzelfestung_mittel.png 1296w, https:\/\/forte-cultura.com\/wp-content\/uploads\/einzelfestung_mittel-300x283.png 300w, https:\/\/forte-cultura.com\/wp-content\/uploads\/einzelfestung_mittel-1024x966.png 1024w, https:\/\/forte-cultura.com\/wp-content\/uploads\/einzelfestung_mittel-768x724.png 768w, https:\/\/forte-cultura.com\/wp-content\/uploads\/einzelfestung_mittel-13x12.png 13w, https:\/\/forte-cultura.com\/wp-content\/uploads\/einzelfestung_mittel-200x189.png 200w\" sizes=\"auto, (max-width: 1296px) 100vw, 1296px\" \/><\/figure>\n<\/div>\n\n\n\n<div class=\"wp-block-column is-vertically-aligned-center eplus-wrapper is-layout-flow wp-block-column-is-layout-flow\" style=\"flex-basis:90%\">\n<p class=\"has-small-font-size eplus-wrapper\">B\u00e2timent individuelle militaire d\u00e9fensive, souvent constitu\u00e9 par rempart, foss\u00e9, bastions, batteries et des installations fonctionnelles militaires.<br><em>Ex. photo de couverture : forteresse K\u00f6nigstein, Saxe (DE)<\/em><\/p>\n<\/div>\n<\/div>\n\n\n<p class=\"eplus-wrapper\">Des fortifications individuelles bastionn\u00e9es du 16e au 19e si\u00e8cle sont les types les plus fr\u00e9quents des fortifications en Europe centrale. Ils se trouvent souvent aux locations strat\u00e9giquement expos\u00e9es comme des cols, des estuaires, des altitudes et des c\u00f4tes. Leur fonction d\u00e9fensive est limit\u00e9e \u00e0 la distribution directe d\u2019artillerie disponible. Des syst\u00e8mes d\u00e9fensifs exactement align\u00e9es g\u00e9om\u00e9triquement offraient la protection contre des armes hostiles et permettaient l\u2019utilisation libre de la propre technique de tir.<\/p>\n\n\n\n<p class=\"eplus-wrapper translation-block\">Il n'est pas rare que des forteresses individuelles aient \u00e9t\u00e9 construites \u00e0 partir d'anciens ch\u00e2teaux forts qui ont \u00e9t\u00e9 agrandis et fortifi\u00e9s, comme par exemple la <strong>forteresse de Rosenberg<\/strong> \u00e0 Kronach (DE).<\/p>\n\n\n\n<div style=\"height:20px\" aria-hidden=\"true\" class=\"wp-block-spacer eplus-wrapper\"><\/div>\n\n\n\n<h3 class=\"wp-block-heading has-custom-farbe-1-color has-text-color has-link-color has-large-font-size eplus-wrapper wp-elements-613af8d1f478148fd76edbc8cf67afcd\">Diversit\u00e9 dans fonction et architecture<\/h3>\n\n\n\n<p class=\"eplus-wrapper translation-block\">Aujourd'hui, les fortifications offrent aux touristes une \u00e9norme diversit\u00e9 tant en terme d\u2019architecture, de fonctionnement mais \u00e9galement de d\u00e9couverte ; elles b\u00e9n\u00e9ficient souvent de vues grandioses sur des villes, des paysages ou des oc\u00e9ans. Les exemples c\u00e9l\u00e8bres sont les puissantes forteresses de montagne, comme la <strong>forteresse saxonne de K\u00f6nigstein<\/strong> (DE) ou la <strong>forteresse de Rosenau<\/strong> \u00e0 Rasnov (RO).<\/p>\n\n\n\n<p class=\"eplus-wrapper translation-block\">Dans les plaines d'Europe centrale, les foss\u00e9s \u00e9taient souvent utilis\u00e9s comme un obstacle suppl\u00e9mentaire et un \u00e9l\u00e9ment d\u00e9fensif. Aujourd'hui, certains d'entre eux offrent un cadre de paysage fascinant et romantique, comme par exemple la forteresse aquatique Heldrungen en Thuringe (Allemagne).<\/p>\n\n\n\n<p class=\"eplus-wrapper\">Les fortifications c\u00f4ti\u00e8res de la mer du nord et de la mer baltique, de la m\u00e9diterran\u00e9e ou de l'atlantique combinent le charme particulier de la mer avec les puissants remparts des fortifications, autrefois \u00e9quip\u00e9s de canons telles. <\/p>\n\n\n\n<div style=\"height:20px\" aria-hidden=\"true\" class=\"wp-block-spacer eplus-wrapper\"><\/div>\n\n\n\n<h4 class=\"wp-block-heading has-text-align-center has-custom-farbe-1-color has-text-color has-link-color eplus-wrapper wp-elements-e076be805f5f9aa06a7bb225ad03bae7\">D\u00e9couvrir les forteresses individuelles avec FORTE CULTURA<\/h4>\n\n\n\n<hr class=\"is-style-wide wp-block-separator aligncenter has-text-color has-custom-farbe-1-color has-alpha-channel-opacity has-custom-farbe-1-background-color has-background eplus-wrapper\"\/>\n\n\n<div  class=\"ultp-post-grid-block wp-block-ultimate-post-post-grid-1 ultp-block-1e633c\"><div class=\"ultp-block-wrapper\"><div class=\"ultp-loading\"><div class=\"ultp-loading-blocks\" style=\"width:100%;height:100%;\"><div style=\"left: 0;top: 0;animation-delay:0s;\"><\/div><div style=\"left: 21px;top: 0;animation-delay:0.125s;\"><\/div><div style=\"left: 42px;top: 0;animation-delay:0.25s;\"><\/div><div style=\"left: 0;top: 21px;animation-delay:0.875s;\"><\/div><div style=\"left: 42px;top: 21px;animation-delay:0.375s;\"><\/div><div style=\"left: 0;top: 42px;animation-delay:0.75s;\"><\/div><div style=\"left: 42px;top: 42px;animation-delay:0.625s;\"><\/div><div style=\"left: 21px;top: 42px;animation-delay:0.5s;\"><\/div><\/div><\/div><div class=\"ultp-block-items-wrap ultp-block-row ultp-pg1a-style1 ultp-grid1-responsive ultp-block-column-4 1 ultp-xs-column-1 ultp-layout1\"><div class=\"ultp-block-item post-id-3344\"><div class=\"ultp-block-content-wrap\"><div class=\"ultp-block-image ultp-block-image-opacity\"><a href=\"https:\/\/forte-cultura.com\/fr\/valle-sabbia-it\/\" ><img decoding=\"async\"  class=\"ultp-block-image-content\"  alt=\"Valle Sabbia (IT)\"  src=\"https:\/\/forte-cultura.com\/wp-content\/uploads\/2018-08-05-Rocca_dAnfo-web_\u00a9Superbass-870x570.jpg\" \/><\/a><\/div><div class=\"ultp-block-content\"><h3 class=\"ultp-block-title\"><a href=\"https:\/\/forte-cultura.com\/fr\/valle-sabbia-it\/\" >Valle Sabbia (IT)<\/a><\/h3><\/div><\/div><\/div><div class=\"ultp-block-item post-id-3318\"><div class=\"ultp-block-content-wrap\"><div class=\"ultp-block-image ultp-block-image-opacity\"><a href=\"https:\/\/forte-cultura.com\/fr\/suomenlinna-fi\/\" ><img decoding=\"async\"  class=\"ultp-block-image-content\"  alt=\"Forteresse maritime de Suomenlinna\"  src=\"https:\/\/forte-cultura.com\/wp-content\/uploads\/suomenlinna-870x570.jpg\" \/><\/a><\/div><div class=\"ultp-block-content\"><h3 class=\"ultp-block-title\"><a href=\"https:\/\/forte-cultura.com\/fr\/suomenlinna-fi\/\" >Suomenlinna (FI)<\/a><\/h3><\/div><\/div><\/div><div class=\"ultp-block-item post-id-2888\"><div class=\"ultp-block-content-wrap\"><div class=\"ultp-block-image ultp-block-image-opacity\"><a href=\"https:\/\/forte-cultura.com\/fr\/franzensfeste-it\/\" ><img decoding=\"async\"  class=\"ultp-block-image-content\"  alt=\"Franzensfeste (IT)\"  src=\"https:\/\/forte-cultura.com\/wp-content\/uploads\/Franzensfeste_DR-870x570.jpg\" \/><\/a><\/div><div class=\"ultp-block-content\"><h3 class=\"ultp-block-title\"><a href=\"https:\/\/forte-cultura.com\/fr\/franzensfeste-it\/\" >Franzensfeste (IT)<\/a><\/h3><\/div><\/div><\/div><div class=\"ultp-block-item post-id-2659\"><div class=\"ultp-block-content-wrap\"><div class=\"ultp-block-image ultp-block-image-opacity\"><a href=\"https:\/\/forte-cultura.com\/fr\/bard-it\/\" ><img decoding=\"async\"  class=\"ultp-block-image-content\"  alt=\"Bard (IT)\"  src=\"https:\/\/forte-cultura.com\/wp-content\/uploads\/ForteDiBard_Hagai-Agmon-Snir-web-870x570.jpg\" \/><\/a><\/div><div class=\"ultp-block-content\"><h3 class=\"ultp-block-title\"><a href=\"https:\/\/forte-cultura.com\/fr\/bard-it\/\" >Bard (IT)<\/a><\/h3><\/div><\/div><\/div><div class=\"ultp-block-item post-id-959\"><div class=\"ultp-block-content-wrap\"><div class=\"ultp-block-image ultp-block-image-opacity\"><a href=\"https:\/\/forte-cultura.com\/fr\/rasnov-ro\/\" ><img decoding=\"async\"  class=\"ultp-block-image-content\"  alt=\"Forteresse de Rosenau, Rasnov (RO)\"  src=\"https:\/\/forte-cultura.com\/wp-content\/uploads\/Rasnov-870x570.jpg\" \/><\/a><\/div><div class=\"ultp-block-content\"><h3 class=\"ultp-block-title\"><a href=\"https:\/\/forte-cultura.com\/fr\/rasnov-ro\/\" >Rasnov (RO)<\/a><\/h3><\/div><\/div><\/div><div class=\"ultp-block-item post-id-944\"><div class=\"ultp-block-content-wrap\"><div class=\"ultp-block-image ultp-block-image-opacity\"><a href=\"https:\/\/forte-cultura.com\/fr\/ohrid-mkd\/\" ><img decoding=\"async\"  class=\"ultp-block-image-content\"  alt=\"Forteresse de Samuel \u00e0 Ohrid, Mac\u00e9doine du Nord\"  src=\"https:\/\/forte-cultura.com\/wp-content\/uploads\/Ohrid-870x570.jpg\" \/><\/a><\/div><div class=\"ultp-block-content\"><h3 class=\"ultp-block-title\"><a href=\"https:\/\/forte-cultura.com\/fr\/ohrid-mkd\/\" >Ohrid (MKD)<\/a><\/h3><\/div><\/div><\/div><div class=\"ultp-block-item post-id-916\"><div class=\"ultp-block-content-wrap\"><div class=\"ultp-block-image ultp-block-image-opacity\"><a href=\"https:\/\/forte-cultura.com\/fr\/medzhybizh-ua\/\" ><img decoding=\"async\"  class=\"ultp-block-image-content\"  alt=\"Medzhybizh (UA)\"  src=\"https:\/\/forte-cultura.com\/wp-content\/uploads\/Medzhybizh1-870x570.jpg\" \/><\/a><\/div><div class=\"ultp-block-content\"><h3 class=\"ultp-block-title\"><a href=\"https:\/\/forte-cultura.com\/fr\/medzhybizh-ua\/\" >Medzhybizh (UA)<\/a><\/h3><\/div><\/div><\/div><div class=\"ultp-block-item post-id-877\"><div class=\"ultp-block-content-wrap\"><div class=\"ultp-block-image ultp-block-image-opacity\"><a href=\"https:\/\/forte-cultura.com\/fr\/kronach-de\/\" ><img decoding=\"async\"  class=\"ultp-block-image-content\"  alt=\"Forteresse Rosenberg, Kronach (DE) \u00a9Otmar Fugmann\"  src=\"https:\/\/forte-cultura.com\/wp-content\/uploads\/Festung-Rosenberg-Kronach-870x570.jpg\" \/><\/a><\/div><div class=\"ultp-block-content\"><h3 class=\"ultp-block-title\"><a href=\"https:\/\/forte-cultura.com\/fr\/kronach-de\/\" >Kronach (DE)<\/a><\/h3><\/div><\/div><\/div><div class=\"ultp-block-item post-id-804\"><div class=\"ultp-block-content-wrap\"><div class=\"ultp-block-image ultp-block-image-opacity\"><a href=\"https:\/\/forte-cultura.com\/fr\/koenigstein-sachsen-de\/\" ><img decoding=\"async\"  class=\"ultp-block-image-content\"  alt=\"Forteresse K\u00f6nigstein, Saxe (DE) \u00a9fotofestival-sandstein\"  src=\"https:\/\/forte-cultura.com\/wp-content\/uploads\/Koenigstein-westansicht\u00a9fotofestival-gr\u00e8s-870x570.jpg\" \/><\/a><\/div><div class=\"ultp-block-content\"><h3 class=\"ultp-block-title\"><a href=\"https:\/\/forte-cultura.com\/fr\/koenigstein-sachsen-de\/\" >K\u00f6nigstein, Saxe (DE)<\/a><\/h3><\/div><\/div><\/div><div class=\"ultp-block-item post-id-619\"><div class=\"ultp-block-content-wrap\"><div class=\"ultp-block-image ultp-block-image-opacity\"><a href=\"https:\/\/forte-cultura.com\/fr\/grauerort-de\/\" ><img decoding=\"async\"  class=\"ultp-block-image-content\"  alt=\"Forteresse de Grauerort\"  src=\"https:\/\/forte-cultura.com\/wp-content\/uploads\/2023\/11\/Grauerort-870x570.jpg\" \/><\/a><\/div><div class=\"ultp-block-content\"><h3 class=\"ultp-block-title\"><a href=\"https:\/\/forte-cultura.com\/fr\/grauerort-de\/\" >Grauerort (DE)<\/a><\/h3><\/div><\/div><\/div><\/div><\/div><div class=\"pagination-block-html\" aria-hidden=\"true\" style=\"display: none;\"><\/div><\/div>\n\n\n<hr class=\"is-style-wide wp-block-separator aligncenter has-text-color has-custom-farbe-1-color has-alpha-channel-opacity has-custom-farbe-1-background-color has-background eplus-wrapper\"\/>\n\n\n<div id=\"travelersmap-container-69e4a08b31a8e\" class=\"travelersmap-container\" style=\"z-index: 1; min-height: 10px; min-width:10px; height:600px;width:100%; max-width:1280px; max-height:500px; position:relative;\"><div style=\"position:absolute; z-index:-1;top: 50%;text-align: center;display: block;left: 50%;transform: translate(-50%,-50%);\">La carte des voyageurs est en cours de chargement...<br>Si vous constatez cela apr\u00e8s le chargement complet de votre page, les fichiers leafletJS sont manquants.<\/div><\/div>\n\n\n\n<div style=\"height:33px\" aria-hidden=\"true\" class=\"wp-block-spacer eplus-wrapper\"><\/div>\n\n\n\n<p class=\"has-medium-font-size eplus-wrapper\"><a href=\"https:\/\/forte-cultura.com\/kulturerbe-festungsmonumente\/geschichte-des-festungsbaus\/festungsbau-vom-15-19-jahrhundert\/\">Construction de forteresses du 15e au 19e si\u00e8cle<\/a><\/p>\n\n\n\n<div style=\"margin-top:0;margin-bottom:0;height:20px\" aria-hidden=\"true\" class=\"wp-block-spacer eplus-wrapper\"><\/div>\n\n\n<div id=\"mega-menu-wrap-max_mega_menu_2\" class=\"mega-menu-wrap\"><div class=\"mega-menu-toggle\"><div class=\"mega-toggle-blocks-left\"><\/div><div class=\"mega-toggle-blocks-center\"><\/div><div class=\"mega-toggle-blocks-right\"><div class='mega-toggle-block mega-menu-toggle-animated-block mega-toggle-block-0' id='mega-toggle-block-0'><button aria-label=\"Toggle Menu\" class=\"mega-toggle-animated mega-toggle-animated-slider\" type=\"button\" aria-haspopup=\"true\" aria-expanded=\"false\" aria-controls=\"mega-menu-max_mega_menu_2\">\n                  <span class=\"mega-toggle-animated-box\">\n                    <span class=\"mega-toggle-animated-inner\"><\/span>\n                  <\/span>\n                <\/button><\/div><\/div><\/div><ul id=\"mega-menu-max_mega_menu_2\" class=\"mega-menu max-mega-menu mega-menu-horizontal mega-no-js\" data-event=\"hover_intent\" data-effect=\"fade_up\" data-effect-speed=\"200\" data-effect-mobile=\"disabled\" data-effect-speed-mobile=\"0\" data-mobile-force-width=\"false\" data-second-click=\"go\" data-document-click=\"collapse\" data-vertical-behaviour=\"standard\" data-breakpoint=\"768\" data-unbind=\"true\" data-mobile-state=\"collapse_all\" data-mobile-direction=\"vertical\" data-hover-intent-timeout=\"300\" data-hover-intent-interval=\"100\"><li class=\"mega-menu-item mega-menu-item-type-post_type mega-menu-item-object-page mega-align-bottom-left mega-menu-flyout mega-menu-item-2026\" id=\"mega-menu-item-2026\"><a class=\"mega-menu-link\" href=\"https:\/\/forte-cultura.com\/fr\/kulturerbe-festungsmonumente\/geschichte-des-festungsbaus\/festungsbau-vom-15-19-jahrhundert\/einzelfestungen\/\">Fortification Individuelle<\/a><\/li><li class=\"mega-menu-item mega-menu-item-type-post_type mega-menu-item-object-page mega-align-bottom-left mega-menu-flyout mega-menu-item-2025\" id=\"mega-menu-item-2025\"><a class=\"mega-menu-link\" href=\"https:\/\/forte-cultura.com\/fr\/kulturerbe-festungsmonumente\/geschichte-des-festungsbaus\/festungsbau-vom-15-19-jahrhundert\/befestigte-stadt\/\">La ville fortifi\u00e9e<\/a><\/li><li class=\"mega-menu-item mega-menu-item-type-post_type mega-menu-item-object-page mega-align-bottom-left mega-menu-flyout mega-menu-item-2024\" id=\"mega-menu-item-2024\"><a class=\"mega-menu-link\" href=\"https:\/\/forte-cultura.com\/fr\/kulturerbe-festungsmonumente\/geschichte-des-festungsbaus\/festungsbau-vom-15-19-jahrhundert\/befestigte-idealstadt\/\">La ville id\u00e9ale fortifi\u00e9e<\/a><\/li><li class=\"mega-menu-item mega-menu-item-type-post_type mega-menu-item-object-page mega-align-bottom-left mega-menu-flyout mega-menu-item-2113\" id=\"mega-menu-item-2113\"><a class=\"mega-menu-link\" href=\"https:\/\/forte-cultura.com\/fr\/kulturerbe-festungsmonumente\/geschichte-des-festungsbaus\/festungsbau-vom-15-19-jahrhundert\/zitadellen\/\">Citadelles<\/a><\/li><li class=\"mega-menu-item mega-menu-item-type-post_type mega-menu-item-object-page mega-align-bottom-left mega-menu-flyout mega-menu-item-2120\" id=\"mega-menu-item-2120\"><a class=\"mega-menu-link\" href=\"https:\/\/forte-cultura.com\/fr\/kulturerbe-festungsmonumente\/geschichte-des-festungsbaus\/festungsbau-vom-15-19-jahrhundert\/befestigte-burg\/\">Les ch\u00e2teaux fortifi\u00e9s<\/a><\/li><li class=\"mega-menu-item mega-menu-item-type-post_type mega-menu-item-object-page mega-align-bottom-left mega-menu-flyout mega-menu-item-2148\" id=\"mega-menu-item-2148\"><a class=\"mega-menu-link\" href=\"https:\/\/forte-cultura.com\/fr\/kulturerbe-festungsmonumente\/geschichte-des-festungsbaus\/festungsbau-vom-15-19-jahrhundert\/befestigtes-schloss\/\">Le palais fortifi\u00e9<\/a><\/li><li class=\"mega-menu-item mega-menu-item-type-post_type mega-menu-item-object-page mega-align-bottom-left mega-menu-flyout mega-menu-item-2147\" id=\"mega-menu-item-2147\"><a class=\"mega-menu-link\" href=\"https:\/\/forte-cultura.com\/fr\/kulturerbe-festungsmonumente\/geschichte-des-festungsbaus\/festungsbau-vom-15-19-jahrhundert\/grossfestungen\/\">Forteresse Grande<\/a><\/li><li class=\"mega-menu-item mega-menu-item-type-post_type mega-menu-item-object-page mega-align-bottom-left mega-menu-flyout mega-menu-item-2154\" id=\"mega-menu-item-2154\"><a class=\"mega-menu-link\" href=\"https:\/\/forte-cultura.com\/fr\/kulturerbe-festungsmonumente\/geschichte-des-festungsbaus\/festungsbau-vom-15-19-jahrhundert\/verteidigungslinien\/\">Lignes de d\u00e9fense 15e-19e s.<\/a><\/li><\/ul><\/div>\n\n\n<div style=\"height:20px\" aria-hidden=\"true\" class=\"wp-block-spacer eplus-wrapper\"><\/div>","protected":false},"excerpt":{"rendered":"<p>Milit\u00e4rische Prachtbauten an exponierten Orten Allein stehendes milit\u00e4risches Verteidigungsbauwerk, meist bestehend aus Wall, Graben, Bastionen, Gesch\u00fctzst\u00e4nden und milit\u00e4rischen Funktionsgeb\u00e4uden.Bsp. Titelbild: Festung K\u00f6nigstein, Sachsen (DE) Bastionierte Einzelfestungen aus der Entstehungszeit zwischen [&hellip;]<\/p>\n","protected":false},"author":1,"featured_media":884,"parent":1963,"menu_order":0,"comment_status":"closed","ping_status":"closed","template":"","meta":{"editor_plus_copied_stylings":"{}","pgc_sgb_lightbox_settings":"","_price":"","_stock":"","_tribe_ticket_header":"","_tribe_default_ticket_provider":"","_tribe_ticket_capacity":"0","_ticket_start_date":"","_ticket_end_date":"","_tribe_ticket_show_description":"","_tribe_ticket_show_not_going":false,"_tribe_ticket_use_global_stock":"","_tribe_ticket_global_stock_level":"","_global_stock_mode":"","_global_stock_cap":"","_tribe_rsvp_for_event":"","_tribe_ticket_going_count":"","_tribe_ticket_not_going_count":"","_tribe_tickets_list":"[]","_tribe_ticket_has_attendee_info_fields":false,"_EventAllDay":false,"_EventTimezone":"","_EventStartDate":"","_EventEndDate":"","_EventStartDateUTC":"","_EventEndDateUTC":"","_EventShowMap":false,"_EventShowMapLink":false,"_EventURL":"","_EventCost":"","_EventCostDescription":"","_EventCurrencySymbol":"","_EventCurrencyCode":"","_EventCurrencyPosition":"","_EventDateTimeSeparator":"","_EventTimeRangeSeparator":"","_EventOrganizerID":[],"_EventVenueID":[],"_OrganizerEmail":"","_OrganizerPhone":"","_OrganizerWebsite":"","_VenueAddress":"","_VenueCity":"","_VenueCountry":"","_VenueProvince":"","_VenueState":"","_VenueZip":"","_VenuePhone":"","_VenueURL":"","_VenueStateProvince":"","_VenueLat":"","_VenueLng":"","_VenueShowMap":false,"_VenueShowMapLink":false,"footnotes":""},"class_list":["post-1978","page","type-page","status-publish","has-post-thumbnail","hentry"],"_links":{"self":[{"href":"https:\/\/forte-cultura.com\/fr\/wp-json\/wp\/v2\/pages\/1978","targetHints":{"allow":["GET"]}}],"collection":[{"href":"https:\/\/forte-cultura.com\/fr\/wp-json\/wp\/v2\/pages"}],"about":[{"href":"https:\/\/forte-cultura.com\/fr\/wp-json\/wp\/v2\/types\/page"}],"author":[{"embeddable":true,"href":"https:\/\/forte-cultura.com\/fr\/wp-json\/wp\/v2\/users\/1"}],"replies":[{"embeddable":true,"href":"https:\/\/forte-cultura.com\/fr\/wp-json\/wp\/v2\/comments?post=1978"}],"version-history":[{"count":0,"href":"https:\/\/forte-cultura.com\/fr\/wp-json\/wp\/v2\/pages\/1978\/revisions"}],"up":[{"embeddable":true,"href":"https:\/\/forte-cultura.com\/fr\/wp-json\/wp\/v2\/pages\/1963"}],"wp:featuredmedia":[{"embeddable":true,"href":"https:\/\/forte-cultura.com\/fr\/wp-json\/wp\/v2\/media\/884"}],"wp:attachment":[{"href":"https:\/\/forte-cultura.com\/fr\/wp-json\/wp\/v2\/media?parent=1978"}],"curies":[{"name":"wp","href":"https:\/\/api.w.org\/{rel}","templated":true}]}}