{"id":2256,"date":"2024-02-03T11:17:08","date_gmt":"2024-02-03T10:17:08","guid":{"rendered":"https:\/\/forte-cultura.com\/?page_id=2256"},"modified":"2025-11-22T11:34:30","modified_gmt":"2025-11-22T10:34:30","slug":"forte-cultura-mundo-de-experiencias","status":"publish","type":"page","link":"https:\/\/forte-cultura.com\/es\/events\/forte-cultura-erlebniswelt\/","title":{"rendered":"FORTE CULTURA mundo de experiencias"},"content":{"rendered":"<h2 class=\"wp-block-heading has-custom-farbe-1-color has-text-color has-link-color eplus-wrapper wp-elements-3d317d90206a90daba1868826ec14a1b\">Experiencia en entornos monumentales<\/h2>\n\n\n<figure class=\"wp-block-image alignright size-large is-resized eplus-wrapper eplus-styles-uid-7a77bb\"><a href=\"https:\/\/forte-cultura.com\/events\/\"><img loading=\"lazy\" decoding=\"async\" width=\"875\" height=\"1024\" src=\"https:\/\/forte-cultura.com\/wp-content\/uploads\/2023\/11\/logo-EFS_red-875x1024.png\" alt=\"\" class=\"wp-image-263\" style=\"width:206px;height:auto\" srcset=\"https:\/\/forte-cultura.com\/wp-content\/uploads\/2023\/11\/logo-EFS_red-875x1024.png 875w, https:\/\/forte-cultura.com\/wp-content\/uploads\/2023\/11\/logo-EFS_red-256x300.png 256w, https:\/\/forte-cultura.com\/wp-content\/uploads\/2023\/11\/logo-EFS_red-768x899.png 768w, https:\/\/forte-cultura.com\/wp-content\/uploads\/2023\/11\/logo-EFS_red-200x234.png 200w, https:\/\/forte-cultura.com\/wp-content\/uploads\/2023\/11\/logo-EFS_red.png 984w\" sizes=\"auto, (max-width: 875px) 100vw, 875px\" \/><\/a><\/figure>\n\n\n<p class=\"eplus-wrapper\"><em><strong>Cultura - Entretenimiento - Ocio - Relajaci\u00f3n - Descubrimiento<\/strong><\/em><\/p>\n\n\n\n<p class=\"eplus-wrapper\">Hoy en d\u00eda, los monumentos hist\u00f3ricos de las fortalezas son centros de encuentro, cultura y turismo en muchos lugares. Las poderosas murallas de las fortalezas forman extraordinarios telones de fondo para una amplia gama de experiencias fascinantes para j\u00f3venes y mayores.<\/p>\n\n\n\n<p class=\"eplus-wrapper\">Disfrute de conciertos de m\u00fasica cl\u00e1sica o punk en fortalezas como el <strong><a href=\"https:\/\/forte-cultura.com\/sibenik-hr\/\" data-type=\"post\" data-id=\"1009\">Fortaleza cultural de \u0160ibenik<\/a><\/strong> o el <strong><a href=\"https:\/\/forte-cultura.com\/mainz-de\/\" data-type=\"post\" data-id=\"909\">Ciudadela de Maguncia<\/a><\/strong>. Descubra museos en las fortalezas culturales de Alta Franconia, batallas hist\u00f3ricas en los parques culturales de las fortalezas de Bohemia y Silesia, festivales en los monumentos de las fortalezas venecianas, cuentos de hadas en las fortalezas sajonas... <strong><a href=\"https:\/\/forte-cultura.com\/koenigstein-sachsen-de\/\" data-type=\"post\" data-id=\"804\">Fortaleza de K\u00f6nigstein<\/a><\/strong> o mercados navide\u00f1os en baluartes. Cene y pase la noche en fortalezas hist\u00f3ricas y rel\u00e1jese en los rom\u00e1nticos parques y jardines de las fortalezas, as\u00ed como en la naturaleza que las rodea.<\/p>\n\n\n\n<hr class=\"is-style-wide wp-block-separator has-alpha-channel-opacity eplus-wrapper\" style=\"margin-top:var(--wp--preset--spacing--30);margin-bottom:var(--wp--preset--spacing--30)\"\/>\n\n\n<div  class=\"ultp-post-grid-block wp-block-ultimate-post-post-grid-1 ultp-block-c78079\"><div class=\"ultp-block-wrapper\"><div class=\"ultp-loading\"><div class=\"ultp-loading-blocks\" style=\"width:100%;height:100%;\"><div style=\"left: 0;top: 0;animation-delay:0s;\"><\/div><div style=\"left: 21px;top: 0;animation-delay:0.125s;\"><\/div><div style=\"left: 42px;top: 0;animation-delay:0.25s;\"><\/div><div style=\"left: 0;top: 21px;animation-delay:0.875s;\"><\/div><div style=\"left: 42px;top: 21px;animation-delay:0.375s;\"><\/div><div style=\"left: 0;top: 42px;animation-delay:0.75s;\"><\/div><div style=\"left: 42px;top: 42px;animation-delay:0.625s;\"><\/div><div style=\"left: 21px;top: 42px;animation-delay:0.5s;\"><\/div><\/div><\/div><div class=\"ultp-heading-filter\"><div class=\"ultp-heading-filter-in\"><div class=\"ultp-heading-wrap ultp-heading-style1 ultp-heading-left\"><h1 class=\"ultp-heading-inner\"><span>Descubra los mundos tem\u00e1ticos de FORTE CULTURA<\/span><\/h1><\/div><\/div><\/div><div class=\"ultp-block-items-wrap ultp-block-row ultp-pg1a-style1 ultp-grid1-responsive ultp-block-column-3 1 ultp-xs-column-1 ultp-layout1\"><div class=\"ultp-block-item post-id-2260\"><div class=\"ultp-block-content-wrap\"><div class=\"ultp-block-image ultp-block-image-opacity\"><a href=\"https:\/\/forte-cultura.com\/es\/familie-und-kinder\/\" ><img decoding=\"async\"  class=\"ultp-block-image-content\"  alt=\"Familia e hijos\"  src=\"https:\/\/forte-cultura.com\/wp-content\/uploads\/header_kids-870x400.png\" \/><\/a><\/div><div class=\"ultp-block-content\"><h3 class=\"ultp-block-title\"><a href=\"https:\/\/forte-cultura.com\/es\/familie-und-kinder\/\" >Familia e hijos<\/a><\/h3><div class=\"ultp-block-excerpt\"><p>Spielewelten, Lern- und Freizeitangebote, Sport und Spa\u00df in Festungsmonumenten&nbsp; Runde&hellip;<\/p>\n<\/div><\/div><\/div><\/div><div class=\"ultp-block-item post-id-2359\"><div class=\"ultp-block-content-wrap\"><div class=\"ultp-block-image ultp-block-image-opacity\"><a href=\"https:\/\/forte-cultura.com\/es\/gedenkstaetten-und-mahnmale\/\" ><img decoding=\"async\"  class=\"ultp-block-image-content\"  alt=\"Conmemoraciones y memoriales\"  src=\"https:\/\/forte-cultura.com\/wp-content\/uploads\/header_gedenken-870x400.png\" \/><\/a><\/div><div class=\"ultp-block-content\"><h3 class=\"ultp-block-title\"><a href=\"https:\/\/forte-cultura.com\/es\/gedenkstaetten-und-mahnmale\/\" >Conmemoraciones y memoriales<\/a><\/h3><div class=\"ultp-block-excerpt\"><p>Festungen als Orte der Erinnerung Festungen und Festungsanlagen hatten in&hellip;<\/p>\n<\/div><\/div><\/div><\/div><div class=\"ultp-block-item post-id-2584\"><div class=\"ultp-block-content-wrap\"><div class=\"ultp-block-image ultp-block-image-opacity\"><a href=\"https:\/\/forte-cultura.com\/es\/geheime-architekturen\/\" ><img decoding=\"async\"  class=\"ultp-block-image-content\"  alt=\"Arquitecturas secretas\"  src=\"https:\/\/forte-cultura.com\/wp-content\/uploads\/header_underground-870x400.png\" \/><\/a><\/div><div class=\"ultp-block-content\"><h3 class=\"ultp-block-title\"><a href=\"https:\/\/forte-cultura.com\/es\/geheime-architekturen\/\" >Arquitecturas secretas<\/a><\/h3><div class=\"ultp-block-excerpt\"><p>Die unsichtbaren Festungsmonumente der Weltkriege und des Atomzeitalters Geheimhaltung, Tarnung&hellip;<\/p>\n<\/div><\/div><\/div><\/div><div class=\"ultp-block-item post-id-2354\"><div class=\"ultp-block-content-wrap\"><div class=\"ultp-block-image ultp-block-image-opacity\"><a href=\"https:\/\/forte-cultura.com\/es\/militaergeschichte-erleben\/\" ><img decoding=\"async\"  class=\"ultp-block-image-content\"  alt=\"Vivir la historia militar\"  src=\"https:\/\/forte-cultura.com\/wp-content\/uploads\/header_reenactment-870x400.png\" \/><\/a><\/div><div class=\"ultp-block-content\"><h3 class=\"ultp-block-title\"><a href=\"https:\/\/forte-cultura.com\/es\/militaergeschichte-erleben\/\" >Vivir la historia militar<\/a><\/h3><div class=\"ultp-block-excerpt\"><p>Gro\u00dfe Schlachten, Biwaks und Soldatenleben Bunte Uniformen, historische Waffen, Kavallerie,&hellip;<\/p>\n<\/div><\/div><\/div><\/div><div class=\"ultp-block-item post-id-2283\"><div class=\"ultp-block-content-wrap\"><div class=\"ultp-block-image ultp-block-image-opacity\"><a href=\"https:\/\/forte-cultura.com\/es\/museen-und-ausstellungen\/\" ><img decoding=\"async\"  class=\"ultp-block-image-content\"  alt=\"Museos y exposiciones\"  src=\"https:\/\/forte-cultura.com\/wp-content\/uploads\/header_museum-870x400.png\" \/><\/a><\/div><div class=\"ultp-block-content\"><h3 class=\"ultp-block-title\"><a href=\"https:\/\/forte-cultura.com\/es\/museen-und-ausstellungen\/\" >Museos y exposiciones<\/a><\/h3><div class=\"ultp-block-excerpt\"><p>F\u00fcr jeden etwas:&nbsp;Kunst, Kulturgeschichte, Alltag, Banales, Besonderes, Geheimnisvolles, Extravagantes In&hellip;<\/p>\n<\/div><\/div><\/div><\/div><div class=\"ultp-block-item post-id-2407\"><div class=\"ultp-block-content-wrap\"><div class=\"ultp-block-image ultp-block-image-opacity\"><a href=\"https:\/\/forte-cultura.com\/es\/musikevents-in-monumenten\/\" ><img decoding=\"async\"  class=\"ultp-block-image-content\"  alt=\"Actos musicales en monumentos\"  src=\"https:\/\/forte-cultura.com\/wp-content\/uploads\/header_events-870x400.png\" \/><\/a><\/div><div class=\"ultp-block-content\"><h3 class=\"ultp-block-title\"><a href=\"https:\/\/forte-cultura.com\/es\/musikevents-in-monumenten\/\" >Actos musicales en monumentos<\/a><\/h3><div class=\"ultp-block-excerpt\"><p>Fr\u00fcher kanonensicher &#8211; heute Bombenstimmung Klassik in Festungen Begeisternde Klassikevents&hellip;<\/p>\n<\/div><\/div><\/div><\/div><div class=\"ultp-block-item post-id-2340\"><div class=\"ultp-block-content-wrap\"><div class=\"ultp-block-image ultp-block-image-opacity\"><a href=\"https:\/\/forte-cultura.com\/es\/natur-erleben-parks-und-gaerten\/\" ><img decoding=\"async\"  class=\"ultp-block-image-content\"  alt=\"Naturaleza, parques y jardines\"  src=\"https:\/\/forte-cultura.com\/wp-content\/uploads\/header_natur-870x400.png\" \/><\/a><\/div><div class=\"ultp-block-content\"><h3 class=\"ultp-block-title\"><a href=\"https:\/\/forte-cultura.com\/es\/natur-erleben-parks-und-gaerten\/\" >Naturaleza, parques y jardines<\/a><\/h3><div class=\"ultp-block-excerpt\"><p>Blumen, Bl\u00fcten und zauberhafte Natur, wo einst Kanonen donnerten Trutzige&hellip;<\/p>\n<\/div><\/div><\/div><\/div><div class=\"ultp-block-item post-id-2277\"><div class=\"ultp-block-content-wrap\"><div class=\"ultp-block-image ultp-block-image-opacity\"><a href=\"https:\/\/forte-cultura.com\/es\/residieren-geniessen\/\" ><img decoding=\"async\"  class=\"ultp-block-image-content\"  alt=\"Residir y disfrutar\"  src=\"https:\/\/forte-cultura.com\/wp-content\/uploads\/header_genuss-870x400.png\" \/><\/a><\/div><div class=\"ultp-block-content\"><h3 class=\"ultp-block-title\"><a href=\"https:\/\/forte-cultura.com\/es\/residieren-geniessen\/\" >Residir y disfrutar<\/a><\/h3><div class=\"ultp-block-excerpt\"><p>Ausschlafen in historischen Gem\u00e4uern Von Jugendherbergen \u00fcber Apartments bis Luxushotels&hellip;<\/p>\n<\/div><\/div><\/div><\/div><div class=\"ultp-block-item post-id-2577\"><div class=\"ultp-block-content-wrap\"><div class=\"ultp-block-image ultp-block-image-opacity\"><a href=\"https:\/\/forte-cultura.com\/es\/sport\/\" ><img decoding=\"async\"  class=\"ultp-block-image-content\"  alt=\"Deporte\"  src=\"https:\/\/forte-cultura.com\/wp-content\/uploads\/header_sport-870x400.png\" \/><\/a><\/div><div class=\"ultp-block-content\"><h3 class=\"ultp-block-title\"><a href=\"https:\/\/forte-cultura.com\/es\/sport\/\" >Deporte<\/a><\/h3><div class=\"ultp-block-excerpt\"><p>Festungen Aktiv &#8211; Befestigtes Kulturerbe sportlich erobern Ob Wandern, Laufen,&hellip;<\/p>\n<\/div><\/div><\/div><\/div><\/div><\/div><div class=\"pagination-block-html\" aria-hidden=\"true\" style=\"display: none;\"><\/div><\/div>\n\n\n<hr class=\"is-style-wide wp-block-separator has-alpha-channel-opacity eplus-wrapper\" style=\"margin-top:var(--wp--preset--spacing--30);margin-bottom:var(--wp--preset--spacing--30)\"\/>\n\n\n\n<h2 class=\"wp-block-heading has-custom-farbe-1-color has-text-color has-link-color has-large-font-size eplus-wrapper wp-elements-a59b90ffd977cb266ee95717ee8fc891\">Experiencias interactivas en fortalezas con Actionbound<\/h2>\n\n\n\n<p class=\"eplus-wrapper\">\u00a1Descubre fortalezas, castillos y lugares de inter\u00e9s cultural de una forma divertida! Con la aplicaci\u00f3n Actionbound podr\u00e1s disfrutar de rallies interactivos, emocionantes retos y recorridos multimedia creados por los miembros de la red FORTE CULTURA.<\/p>\n\n\n\n<p style=\"margin-bottom:0\" class=\"eplus-wrapper\"><strong>As\u00ed funciona:<\/strong><\/p>\n\n\n<ol style=\"margin-top:0;margin-bottom:0\" class=\"wp-block-list eplus-wrapper eplus-styles-uid-1bca4a\"><li class=\"eplus-wrapper eplus-styles-uid-340f12\">Escanea el c\u00f3digo QR del l\u00edmite que desees y \u00a1listo!<\/li>\n\n<li class=\"eplus-wrapper eplus-styles-uid-340f12\">Descarga la aplicaci\u00f3n gratuita Actionbound en la App Store o en Google Play.<\/li>\n\n<li class=\"eplus-wrapper eplus-styles-uid-340f12\">Abre la aplicaci\u00f3n y pulsa \u201eEscanear c\u00f3digo\u201c.<\/li><\/ol>\n\n\n<p class=\"eplus-wrapper\">La aplicaci\u00f3n est\u00e1 disponible de forma gratuita para iOS y Android: <a href=\"https:\/\/play.google.com\/store\/apps\/details?id=de.actionbound\" target=\"_blank\" rel=\"noopener\">Descargar en Google Play<\/a>   \/   <a href=\"https:\/\/apps.apple.com\/app\/actionbound\/id582660833\" target=\"_blank\" rel=\"noopener\">Descargar en la App Store<\/a><\/p>\n\n\n\n<p class=\"has-small-font-size eplus-wrapper\"><em>Ten en cuenta que algunos l\u00edmites requieren datos m\u00f3viles o un almacenamiento previo sin conexi\u00f3n. El uso es bajo tu propia responsabilidad. Encontrar\u00e1s m\u00e1s informaci\u00f3n en nuestra pol\u00edtica de privacidad.<\/em><\/p>\n\n\n<div class=\"wp-block-columns eplus-wrapper is-layout-flex wp-container-core-columns-is-layout-44468703 wp-block-columns-is-layout-flex eplus-styles-uid-fa9c57\" style=\"padding-top:var(--wp--preset--spacing--10);padding-right:var(--wp--preset--spacing--10);padding-bottom:var(--wp--preset--spacing--10);padding-left:var(--wp--preset--spacing--10)\">\n<div class=\"wp-block-column has-border-color has-accent-2-border-color eplus-wrapper is-layout-flow wp-block-column-is-layout-flow\" style=\"border-width:1px;border-radius:10px;flex-basis:500px\">\n<p class=\"has-text-align-left eplus-wrapper\" style=\"padding-top:var(--wp--preset--spacing--10);padding-left:var(--wp--preset--spacing--10)\">Ejemplo: ciudad fortificada de Germersheim<\/p>\n\n\n<div class=\"bound-card eplus-styles-uid-0fd31d\"> <img decoding=\"async\" src=\"https:\/\/content.actionbound.com\/user\/6812328a544b4fe9a4d8f310\/image\/bi\/1746335470.jpg\" alt=\"Imagen de portada de la Encuadernaci\u00f3n\"> <h3>Rally por la fortaleza de Germersheim para toda la familia<\/h3>\n<p>Esperamos que disfrutes explorando la fortaleza con nuestro rally. \u00bfConseguir\u00e1s responder a todas las preguntas? \u00a1Cruzaremos los dedos por ti!<\/p> <div class=\"bound-cta\"> <a class=\"btn\" href=\"https:\/\/de.actionbound.com\/bound\/festungsrallye-germersheim-fuer-die-ganze-familie\" target=\"_blank\" rel=\"noopener\">Empezar a encuadernar ahora<\/a> <div class=\"qr\"> <img decoding=\"async\" src=\"https:\/\/de.actionbound.com\/bound\/festungsrallye-germersheim-fuer-die-ganze-familie\/qr\" alt=\"C\u00f3digo QR para iniciar la Encuadernaci\u00f3n\"> <small>Escanear con la aplicaci\u00f3n Actionbound<\/small> <\/div> <\/div> <\/div><\/div>\n<\/div>\n\n<p class=\"eplus-wrapper eplus-styles-uid-f907c9\"><\/p>","protected":false},"excerpt":{"rendered":"<p>Erleben in monumentalen Kulissen Kultur &#8211; Unterhaltung &#8211; Erholung &#8211; Entspannung &#8211; Entdeckung Historische Festungsmonumente sind heute vielerorts Zentren f\u00fcr Begegnung, Kultur und Tourismus. Gewaltige Festungsmauern bilden au\u00dfergew\u00f6hnliche Kulissen f\u00fcr [&hellip;]<\/p>\n","protected":false},"author":1,"featured_media":0,"parent":255,"menu_order":0,"comment_status":"closed","ping_status":"closed","template":"","meta":{"editor_plus_copied_stylings":"{}","pgc_sgb_lightbox_settings":"","_price":"","_stock":"","_tribe_ticket_header":"","_tribe_default_ticket_provider":"","_tribe_ticket_capacity":"0","_ticket_start_date":"","_ticket_end_date":"","_tribe_ticket_show_description":"","_tribe_ticket_show_not_going":false,"_tribe_ticket_use_global_stock":"","_tribe_ticket_global_stock_level":"","_global_stock_mode":"","_global_stock_cap":"","_tribe_rsvp_for_event":"","_tribe_ticket_going_count":"","_tribe_ticket_not_going_count":"","_tribe_tickets_list":"[]","_tribe_ticket_has_attendee_info_fields":false,"_EventAllDay":false,"_EventTimezone":"","_EventStartDate":"","_EventEndDate":"","_EventStartDateUTC":"","_EventEndDateUTC":"","_EventShowMap":false,"_EventShowMapLink":false,"_EventURL":"","_EventCost":"","_EventCostDescription":"","_EventCurrencySymbol":"","_EventCurrencyCode":"","_EventCurrencyPosition":"","_EventDateTimeSeparator":"","_EventTimeRangeSeparator":"","_EventOrganizerID":[],"_EventVenueID":[],"_OrganizerEmail":"","_OrganizerPhone":"","_OrganizerWebsite":"","_VenueAddress":"","_VenueCity":"","_VenueCountry":"","_VenueProvince":"","_VenueState":"","_VenueZip":"","_VenuePhone":"","_VenueURL":"","_VenueStateProvince":"","_VenueLat":"","_VenueLng":"","_VenueShowMap":false,"_VenueShowMapLink":false,"footnotes":""},"class_list":["post-2256","page","type-page","status-publish","hentry"],"_links":{"self":[{"href":"https:\/\/forte-cultura.com\/es\/wp-json\/wp\/v2\/pages\/2256","targetHints":{"allow":["GET"]}}],"collection":[{"href":"https:\/\/forte-cultura.com\/es\/wp-json\/wp\/v2\/pages"}],"about":[{"href":"https:\/\/forte-cultura.com\/es\/wp-json\/wp\/v2\/types\/page"}],"author":[{"embeddable":true,"href":"https:\/\/forte-cultura.com\/es\/wp-json\/wp\/v2\/users\/1"}],"replies":[{"embeddable":true,"href":"https:\/\/forte-cultura.com\/es\/wp-json\/wp\/v2\/comments?post=2256"}],"version-history":[{"count":12,"href":"https:\/\/forte-cultura.com\/es\/wp-json\/wp\/v2\/pages\/2256\/revisions"}],"predecessor-version":[{"id":4343,"href":"https:\/\/forte-cultura.com\/es\/wp-json\/wp\/v2\/pages\/2256\/revisions\/4343"}],"up":[{"embeddable":true,"href":"https:\/\/forte-cultura.com\/es\/wp-json\/wp\/v2\/pages\/255"}],"wp:attachment":[{"href":"https:\/\/forte-cultura.com\/es\/wp-json\/wp\/v2\/media?parent=2256"}],"curies":[{"name":"wp","href":"https:\/\/api.w.org\/{rel}","templated":true}]}}