{"id":1993,"date":"2024-01-24T12:11:53","date_gmt":"2024-01-24T11:11:53","guid":{"rendered":"https:\/\/forte-cultura.com\/?page_id=1993"},"modified":"2025-11-22T13:14:41","modified_gmt":"2025-11-22T12:14:41","slug":"ciudad-fortificada","status":"publish","type":"page","link":"https:\/\/forte-cultura.com\/es\/kulturerbe-festungsmonumente\/geschichte-des-festungsbaus\/festungsbau-vom-15-19-jahrhundert\/befestigte-stadt\/","title":{"rendered":"Ciudad fortificada"},"content":{"rendered":"<h2 class=\"wp-block-heading has-custom-farbe-1-color has-text-color has-link-color has-large-font-size eplus-wrapper wp-elements-c6557693eb722aff2b78884b4f2f54e2\"><strong>Los bastiones sustituyen a las murallas medievales<\/strong><\/h2>\n\n\n<div class=\"wp-block-columns are-vertically-aligned-center is-not-stacked-on-mobile eplus-wrapper is-layout-flex wp-container-core-columns-is-layout-28f84493 wp-block-columns-is-layout-flex eplus-styles-uid-d87786\">\n<div class=\"wp-block-column is-vertically-aligned-center eplus-wrapper is-layout-flow wp-block-column-is-layout-flow\" style=\"flex-basis:10%\">\n<figure class=\"wp-block-image size-full is-resized eplus-wrapper\"><img loading=\"lazy\" decoding=\"async\" width=\"831\" height=\"831\" src=\"https:\/\/forte-cultura.com\/wp-content\/uploads\/stadtfestung_mittel.png\" alt=\"\" class=\"wp-image-1919\" style=\"width:60px;height:auto\" srcset=\"https:\/\/forte-cultura.com\/wp-content\/uploads\/stadtfestung_mittel.png 831w, https:\/\/forte-cultura.com\/wp-content\/uploads\/stadtfestung_mittel-300x300.png 300w, https:\/\/forte-cultura.com\/wp-content\/uploads\/stadtfestung_mittel-150x150.png 150w, https:\/\/forte-cultura.com\/wp-content\/uploads\/stadtfestung_mittel-768x768.png 768w, https:\/\/forte-cultura.com\/wp-content\/uploads\/stadtfestung_mittel-12x12.png 12w, https:\/\/forte-cultura.com\/wp-content\/uploads\/stadtfestung_mittel-200x200.png 200w, https:\/\/forte-cultura.com\/wp-content\/uploads\/stadtfestung_mittel-600x600.png 600w\" sizes=\"auto, (max-width: 831px) 100vw, 831px\" \/><\/figure>\n<\/div>\n\n\n\n<div class=\"wp-block-column is-vertically-aligned-center eplus-wrapper is-layout-flow wp-block-column-is-layout-flow\" style=\"flex-basis:90%\">\n<p class=\"has-small-font-size eplus-wrapper\">Una ciudad rodeada de fortificaciones modernas de geometr\u00eda irregular.<br><em>Ejemplo de foto de portada: Ciudad fortaleza de B\u00fcdingen (DE)<\/em><\/p>\n<\/div>\n<\/div>\n\n\n<p class=\"eplus-wrapper\">Durante siglos, las murallas de las ciudades se consideraron la mejor protecci\u00f3n contra cualquier atacante. Sin embargo, la p\u00f3lvora negra y los ca\u00f1ones revolucionaron la arquitectura de las fortificaciones tradicionales de las ciudades a partir del siglo XV. Los ca\u00f1ones requer\u00edan posiciones elevadas y fortificadas, sectores de tiro despejados y espacio suficiente para las tripulaciones operativas. Las torres se redujeron a baluartes, las murallas de tierra que se elevaban suavemente sustituyeron a los muros escarpados y los ca\u00f1ones anunciaron las nuevas defensas de muchas ciudades europeas de forma amenazadora y visible desde lejos.<\/p>\n\n\n\n<p class=\"eplus-wrapper translation-block\">El maestro de obras italiano <strong>Sanmicheli<\/strong> es considerado uno de los inventores de la fortaleza basti\u00f3n construida en <strong>Verona<\/strong> a partir de 1533. Una cadena cerrada de edificios poligonales rodeaba las ciudades, a menudo protegidas adem\u00e1s por fosos excavados delante de ellas. Ejemplos particularmente impresionantes pueden encontrarse en Italia con <strong>B\u00e9rgamo, Padua, Urbino, Treviso o Piacenza<\/strong>, as\u00ed como a lo largo de la frontera hispano-portuguesa con <strong>Almeida, Valenca, Moncao, Badajoz, Olivenza o Elvas<\/strong>.<\/p>\n\n\n\n<p class=\"eplus-wrapper translation-block\">Incluso <strong>Ciudad del Vaticano<\/strong>, actualmente el estado reconocido m\u00e1s peque\u00f1o del mundo, es una ciudad fortaleza. La fortaleza basti\u00f3n de la ciudad de Dresde, construida a partir de 1546, se considera un modelo de construcci\u00f3n moderna de fortalezas en Alemania. La <strong>ciudad fortificada de Germersheim (DE) <\/strong>es una de las m\u00e1s destacadas en su categor\u00eda con sus edificios bien conservados. La <strong>ciudad fortificada de Diest (BE)<\/strong> no se dot\u00f3 de fortificaciones urbanas modernas y de una imponente ciudadela hasta el \u201elargo\u201c siglo XIX para proteger a la entonces reci\u00e9n independizada B\u00e9lgica.<\/p>\n\n\n\n<p class=\"eplus-wrapper\">La Guerra de los Treinta A\u00f1os (1618-48) aceler\u00f3 espectacularmente la construcci\u00f3n de fortalezas abaluartadas. Reyes, pr\u00edncipes y cardenales compet\u00edan entre s\u00ed por asegurar sus posesiones. Cuanto m\u00e1s rica era la ciudad, m\u00e1s poderosa era la fortaleza. Viena debe su prosperidad a que fue capaz de resistir dos asedios turcos. A\u00fan hoy, la mayor\u00eda de las ciudades europeas conservan inmortalizadas en su trazado sus antiguas fortalezas bastionadas.<\/p>\n\n\n\n<p class=\"eplus-wrapper\">El mariscal franc\u00e9s Vauban, que fortific\u00f3 de este modo m\u00e1s de 38 ciudades para su rey Luis XIV, llev\u00f3 la ciudad fortaleza a su apogeo.<\/p>\n\n\n\n<div style=\"height:20px\" aria-hidden=\"true\" class=\"wp-block-spacer eplus-wrapper\"><\/div>\n\n\n\n<h4 class=\"wp-block-heading has-text-align-center has-custom-farbe-1-color has-text-color has-link-color eplus-wrapper wp-elements-1a314e014213a4a07a12cbb25ca74164\">Descubra las ciudades fortificadas con FORTE CULTURA<\/h4>\n\n\n\n<hr class=\"is-style-wide wp-block-separator aligncenter has-text-color has-custom-farbe-1-color has-alpha-channel-opacity has-custom-farbe-1-background-color has-background eplus-wrapper\"\/>\n\n\n<div  class=\"ultp-post-grid-block wp-block-ultimate-post-post-grid-1 ultp-block-4a7b0c\"><div class=\"ultp-block-wrapper\"><div class=\"ultp-loading\"><div class=\"ultp-loading-blocks\" style=\"width:100%;height:100%;\"><div style=\"left: 0;top: 0;animation-delay:0s;\"><\/div><div style=\"left: 21px;top: 0;animation-delay:0.125s;\"><\/div><div style=\"left: 42px;top: 0;animation-delay:0.25s;\"><\/div><div style=\"left: 0;top: 21px;animation-delay:0.875s;\"><\/div><div style=\"left: 42px;top: 21px;animation-delay:0.375s;\"><\/div><div style=\"left: 0;top: 42px;animation-delay:0.75s;\"><\/div><div style=\"left: 42px;top: 42px;animation-delay:0.625s;\"><\/div><div style=\"left: 21px;top: 42px;animation-delay:0.5s;\"><\/div><\/div><\/div><div class=\"ultp-block-items-wrap ultp-block-row ultp-pg1a-style1 ultp-grid1-responsive ultp-block-column-4 1 ultp-xs-column-1 ultp-layout1\"><div class=\"ultp-block-item post-id-1054\"><div class=\"ultp-block-content-wrap\"><div class=\"ultp-block-image ultp-block-image-opacity\"><a href=\"https:\/\/forte-cultura.com\/es\/ziegenhain-de\/\" ><img decoding=\"async\"  class=\"ultp-block-image-content\"  alt=\"Ziegenhain (DE)\"  src=\"https:\/\/forte-cultura.com\/wp-content\/uploads\/Ziegenhain-870x570.jpg\" \/><\/a><\/div><div class=\"ultp-block-content\"><h3 class=\"ultp-block-title\"><a href=\"https:\/\/forte-cultura.com\/es\/ziegenhain-de\/\" >Ziegenhain (DE)<\/a><\/h3><\/div><\/div><\/div><div class=\"ultp-block-item post-id-607\"><div class=\"ultp-block-content-wrap\"><div class=\"ultp-block-image ultp-block-image-opacity\"><a href=\"https:\/\/forte-cultura.com\/es\/germersheim-de\/\" ><img decoding=\"async\"  class=\"ultp-block-image-content\"  alt=\"Puerta de Weissenburg, ciudad fortificada de Germersheim (DE) \u00a9B.Hoff\"  src=\"https:\/\/forte-cultura.com\/wp-content\/uploads\/Germersheim-870x570.jpg\" \/><\/a><\/div><div class=\"ultp-block-content\"><h3 class=\"ultp-block-title\"><a href=\"https:\/\/forte-cultura.com\/es\/germersheim-de\/\" >Germersheim (DE)<\/a><\/h3><\/div><\/div><\/div><div class=\"ultp-block-item post-id-540\"><div class=\"ultp-block-content-wrap\"><div class=\"ultp-block-image ultp-block-image-opacity\"><a href=\"https:\/\/forte-cultura.com\/es\/festungsstadt-buedingen\/\" ><img decoding=\"async\"  class=\"ultp-block-image-content\"  alt=\"Ciudad fortaleza de B\u00fcdingen\"  src=\"https:\/\/forte-cultura.com\/wp-content\/uploads\/2023\/11\/Buedingen-870x570.jpg\" \/><\/a><\/div><div class=\"ultp-block-content\"><h3 class=\"ultp-block-title\"><a href=\"https:\/\/forte-cultura.com\/es\/festungsstadt-buedingen\/\" >B\u00fcdingen (DE)<\/a><\/h3><\/div><\/div><\/div><\/div><\/div><div class=\"pagination-block-html\" aria-hidden=\"true\" style=\"display: none;\"><\/div><\/div>\n\n\n<hr class=\"is-style-wide wp-block-separator aligncenter has-text-color has-custom-farbe-1-color has-alpha-channel-opacity has-custom-farbe-1-background-color has-background eplus-wrapper\"\/>\n\n\n<div id=\"travelersmap-container-69d8bfbb69ad8\" class=\"travelersmap-container\" style=\"z-index: 1; min-height: 10px; min-width:10px; height:600px;width:100%; max-width:1280px; max-height:500px; position:relative;\"><div style=\"position:absolute; z-index:-1;top: 50%;text-align: center;display: block;left: 50%;transform: translate(-50%,-50%);\">Mapa del viajero est\u00e1 cargando...<br>Si ves esto despu\u00e9s de que tu p\u00e1gina se haya cargado completamente, es que faltan archivos leafletJS.<\/div><\/div>\n\n\n\n<div style=\"height:20px\" aria-hidden=\"true\" class=\"wp-block-spacer eplus-wrapper\"><\/div>\n\n\n\n<p class=\"has-medium-font-size eplus-wrapper\"><a href=\"https:\/\/forte-cultura.com\/kulturerbe-festungsmonumente\/geschichte-des-festungsbaus\/festungsbau-vom-15-19-jahrhundert\/\">Construcci\u00f3n de fortalezas entre los siglos XV y XIX<\/a><\/p>\n\n\n\n<div style=\"margin-top:0;margin-bottom:0;height:20px\" aria-hidden=\"true\" class=\"wp-block-spacer eplus-wrapper\"><\/div>\n\n\n<div id=\"mega-menu-wrap-max_mega_menu_2\" class=\"mega-menu-wrap\"><div class=\"mega-menu-toggle\"><div class=\"mega-toggle-blocks-left\"><\/div><div class=\"mega-toggle-blocks-center\"><\/div><div class=\"mega-toggle-blocks-right\"><div class='mega-toggle-block mega-menu-toggle-animated-block mega-toggle-block-0' id='mega-toggle-block-0'><button aria-label=\"Men\u00fa alternativo\" class=\"mega-toggle-animated mega-toggle-animated-slider\" type=\"button\" aria-haspopup=\"true\" aria-expanded=\"false\" aria-controls=\"mega-menu-max_mega_menu_2\">\n                  <span class=\"mega-toggle-animated-box\">\n                    <span class=\"mega-toggle-animated-inner\"><\/span>\n                  <\/span>\n                <\/button><\/div><\/div><\/div><ul id=\"mega-menu-max_mega_menu_2\" class=\"mega-menu max-mega-menu mega-menu-horizontal mega-no-js\" data-event=\"hover_intent\" data-effect=\"fade_up\" data-effect-speed=\"200\" data-effect-mobile=\"disabled\" data-effect-speed-mobile=\"0\" data-mobile-force-width=\"false\" data-second-click=\"go\" data-document-click=\"collapse\" data-vertical-behaviour=\"standard\" data-breakpoint=\"768\" data-unbind=\"true\" data-mobile-state=\"collapse_all\" data-mobile-direction=\"vertical\" data-hover-intent-timeout=\"300\" data-hover-intent-interval=\"100\"><li class=\"mega-menu-item mega-menu-item-type-post_type mega-menu-item-object-page mega-align-bottom-left mega-menu-flyout mega-menu-item-2026\" id=\"mega-menu-item-2026\"><a class=\"mega-menu-link\" href=\"https:\/\/forte-cultura.com\/es\/kulturerbe-festungsmonumente\/geschichte-des-festungsbaus\/festungsbau-vom-15-19-jahrhundert\/einzelfestungen\/\">Fortificaciones individuales<\/a><\/li><li class=\"mega-menu-item mega-menu-item-type-post_type mega-menu-item-object-page mega-align-bottom-left mega-menu-flyout mega-menu-item-2025\" id=\"mega-menu-item-2025\"><a class=\"mega-menu-link\" href=\"https:\/\/forte-cultura.com\/es\/kulturerbe-festungsmonumente\/geschichte-des-festungsbaus\/festungsbau-vom-15-19-jahrhundert\/befestigte-stadt\/\">Ciudad fortificada<\/a><\/li><li class=\"mega-menu-item mega-menu-item-type-post_type mega-menu-item-object-page mega-align-bottom-left mega-menu-flyout mega-menu-item-2024\" id=\"mega-menu-item-2024\"><a class=\"mega-menu-link\" href=\"https:\/\/forte-cultura.com\/es\/kulturerbe-festungsmonumente\/geschichte-des-festungsbaus\/festungsbau-vom-15-19-jahrhundert\/befestigte-idealstadt\/\">Ciudad ideal fortificada<\/a><\/li><li class=\"mega-menu-item mega-menu-item-type-post_type mega-menu-item-object-page mega-align-bottom-left mega-menu-flyout mega-menu-item-2113\" id=\"mega-menu-item-2113\"><a class=\"mega-menu-link\" href=\"https:\/\/forte-cultura.com\/es\/kulturerbe-festungsmonumente\/geschichte-des-festungsbaus\/festungsbau-vom-15-19-jahrhundert\/zitadellen\/\">Ciudadelas<\/a><\/li><li class=\"mega-menu-item mega-menu-item-type-post_type mega-menu-item-object-page mega-align-bottom-left mega-menu-flyout mega-menu-item-2120\" id=\"mega-menu-item-2120\"><a class=\"mega-menu-link\" href=\"https:\/\/forte-cultura.com\/es\/kulturerbe-festungsmonumente\/geschichte-des-festungsbaus\/festungsbau-vom-15-19-jahrhundert\/befestigte-burg\/\">Castillo fortificado<\/a><\/li><li class=\"mega-menu-item mega-menu-item-type-post_type mega-menu-item-object-page mega-align-bottom-left mega-menu-flyout mega-menu-item-2148\" id=\"mega-menu-item-2148\"><a class=\"mega-menu-link\" href=\"https:\/\/forte-cultura.com\/es\/kulturerbe-festungsmonumente\/geschichte-des-festungsbaus\/festungsbau-vom-15-19-jahrhundert\/befestigtes-schloss\/\">Cerradura abrochada<\/a><\/li><li class=\"mega-menu-item mega-menu-item-type-post_type mega-menu-item-object-page mega-align-bottom-left mega-menu-flyout mega-menu-item-2147\" id=\"mega-menu-item-2147\"><a class=\"mega-menu-link\" href=\"https:\/\/forte-cultura.com\/es\/kulturerbe-festungsmonumente\/geschichte-des-festungsbaus\/festungsbau-vom-15-19-jahrhundert\/grossfestungen\/\">Grandes fortalezas<\/a><\/li><li class=\"mega-menu-item mega-menu-item-type-post_type mega-menu-item-object-page mega-align-bottom-left mega-menu-flyout mega-menu-item-2154\" id=\"mega-menu-item-2154\"><a class=\"mega-menu-link\" href=\"https:\/\/forte-cultura.com\/es\/kulturerbe-festungsmonumente\/geschichte-des-festungsbaus\/festungsbau-vom-15-19-jahrhundert\/verteidigungslinien\/\">L\u00edneas de defensa de los siglos XV-XIX.<\/a><\/li><\/ul><\/div>\n\n\n<div style=\"height:20px\" aria-hidden=\"true\" class=\"wp-block-spacer eplus-wrapper\"><\/div>","protected":false},"excerpt":{"rendered":"<p>Bastionen ersetzen mittelalterliche Mauern Eine mit neuzeitlichen Festungsbauwerken umschlossene Stadt in unregelm\u00e4\u00dfiger Geometrie.Bsp. Titelbild: Festungsstadt B\u00fcdingen (DE) \u00dcber Jahrhunderte galten hoch aufragende Stadtmauern als bester Schutz gegen jeden Angreifer. Schwarzpulver [&hellip;]<\/p>\n","protected":false},"author":1,"featured_media":3926,"parent":1963,"menu_order":1,"comment_status":"closed","ping_status":"closed","template":"","meta":{"editor_plus_copied_stylings":"{}","pgc_sgb_lightbox_settings":"","_price":"","_stock":"","_tribe_ticket_header":"","_tribe_default_ticket_provider":"","_tribe_ticket_capacity":"0","_ticket_start_date":"","_ticket_end_date":"","_tribe_ticket_show_description":"","_tribe_ticket_show_not_going":false,"_tribe_ticket_use_global_stock":"","_tribe_ticket_global_stock_level":"","_global_stock_mode":"","_global_stock_cap":"","_tribe_rsvp_for_event":"","_tribe_ticket_going_count":"","_tribe_ticket_not_going_count":"","_tribe_tickets_list":"[]","_tribe_ticket_has_attendee_info_fields":false,"_EventAllDay":false,"_EventTimezone":"","_EventStartDate":"","_EventEndDate":"","_EventStartDateUTC":"","_EventEndDateUTC":"","_EventShowMap":false,"_EventShowMapLink":false,"_EventURL":"","_EventCost":"","_EventCostDescription":"","_EventCurrencySymbol":"","_EventCurrencyCode":"","_EventCurrencyPosition":"","_EventDateTimeSeparator":"","_EventTimeRangeSeparator":"","_EventOrganizerID":[],"_EventVenueID":[],"_OrganizerEmail":"","_OrganizerPhone":"","_OrganizerWebsite":"","_VenueAddress":"","_VenueCity":"","_VenueCountry":"","_VenueProvince":"","_VenueState":"","_VenueZip":"","_VenuePhone":"","_VenueURL":"","_VenueStateProvince":"","_VenueLat":"","_VenueLng":"","_VenueShowMap":false,"_VenueShowMapLink":false,"footnotes":""},"class_list":["post-1993","page","type-page","status-publish","has-post-thumbnail","hentry"],"_links":{"self":[{"href":"https:\/\/forte-cultura.com\/es\/wp-json\/wp\/v2\/pages\/1993","targetHints":{"allow":["GET"]}}],"collection":[{"href":"https:\/\/forte-cultura.com\/es\/wp-json\/wp\/v2\/pages"}],"about":[{"href":"https:\/\/forte-cultura.com\/es\/wp-json\/wp\/v2\/types\/page"}],"author":[{"embeddable":true,"href":"https:\/\/forte-cultura.com\/es\/wp-json\/wp\/v2\/users\/1"}],"replies":[{"embeddable":true,"href":"https:\/\/forte-cultura.com\/es\/wp-json\/wp\/v2\/comments?post=1993"}],"version-history":[{"count":1,"href":"https:\/\/forte-cultura.com\/es\/wp-json\/wp\/v2\/pages\/1993\/revisions"}],"predecessor-version":[{"id":4405,"href":"https:\/\/forte-cultura.com\/es\/wp-json\/wp\/v2\/pages\/1993\/revisions\/4405"}],"up":[{"embeddable":true,"href":"https:\/\/forte-cultura.com\/es\/wp-json\/wp\/v2\/pages\/1963"}],"wp:featuredmedia":[{"embeddable":true,"href":"https:\/\/forte-cultura.com\/es\/wp-json\/wp\/v2\/media\/3926"}],"wp:attachment":[{"href":"https:\/\/forte-cultura.com\/es\/wp-json\/wp\/v2\/media?parent=1993"}],"curies":[{"name":"wp","href":"https:\/\/api.w.org\/{rel}","templated":true}]}}