{"id":1702,"date":"2024-01-11T17:12:38","date_gmt":"2024-01-11T16:12:38","guid":{"rendered":"https:\/\/forte-cultura.com\/?page_id=1702"},"modified":"2024-02-07T12:11:39","modified_gmt":"2024-02-07T11:11:39","slug":"historia-de-la-construccion-de-fortalezas","status":"publish","type":"page","link":"https:\/\/forte-cultura.com\/es\/kulturerbe-festungsmonumente\/geschichte-des-festungsbaus\/","title":{"rendered":"Historia de la construcci\u00f3n de fortalezas"},"content":{"rendered":"<div style=\"height:13px\" aria-hidden=\"true\" class=\"wp-block-spacer eplus-wrapper\"><\/div>\n\n\n\n<h2 class=\"is-style-default wp-block-heading has-text-align-left has-custom-farbe-1-color has-text-color has-link-color eplus-wrapper wp-elements-583af1be2a5fcc7adf64818568f57199\" style=\"font-size:clamp(1.092rem, 1.092rem + ((1vw - 0.2rem) * 1.013), 1.7rem);\">Construcci\u00f3n de fortalezas antes del siglo XVI<\/h2>\n\n\n\n<figure class=\"wp-block-image alignright size-full eplus-wrapper\"><img loading=\"lazy\" decoding=\"async\" width=\"787\" height=\"347\" src=\"https:\/\/forte-cultura.com\/wp-content\/uploads\/history1-1.jpg\" alt=\"\" class=\"wp-image-1703\" srcset=\"https:\/\/forte-cultura.com\/wp-content\/uploads\/history1-1.jpg 787w, https:\/\/forte-cultura.com\/wp-content\/uploads\/history1-1-300x132.jpg 300w, https:\/\/forte-cultura.com\/wp-content\/uploads\/history1-1-768x339.jpg 768w, https:\/\/forte-cultura.com\/wp-content\/uploads\/history1-1-18x8.jpg 18w, https:\/\/forte-cultura.com\/wp-content\/uploads\/history1-1-200x88.jpg 200w\" sizes=\"auto, (max-width: 787px) 100vw, 787px\" \/><\/figure>\n\n\n\n<p class=\"has-text-align-left eplus-wrapper\">La innovaci\u00f3n m\u00e1s importante en la construcci\u00f3n de fortalezas hist\u00f3ricas se produjo con la introducci\u00f3n de las armas de p\u00f3lvora, contra las que los castillos y murallas medievales ofrec\u00edan escasa protecci\u00f3n. Por ello, desde finales del siglo XV, los arquitectos italianos dise\u00f1aron nuevas construcciones para el uso de armas de fuego, como troneras o posiciones para ca\u00f1ones.<\/p>\n\n\n\n<p class=\"has-text-align-left eplus-wrapper\">Comenz\u00f3 la reconstrucci\u00f3n y, en muchos lugares, incluso la sustituci\u00f3n completa de las murallas y torres del castillo por macizos baluartes, fuertes muros con profundos fosos, adaptados a la bal\u00edstica de los proyectiles.<\/p>\n\n\n\n<p class=\"has-text-align-left eplus-wrapper\">A partir de entonces, la construcci\u00f3n de fortalezas sigui\u00f3 el r\u00e1pido desarrollo de la artiller\u00eda. Los arquitectos contrarrestaron el creciente poder de penetraci\u00f3n y alcance con muros cada vez m\u00e1s fuertes y fortificaciones cada vez m\u00e1s grandes, pero tambi\u00e9n con arte y riqueza de dise\u00f1o en la construcci\u00f3n.<\/p>\n\n\n\n<p class=\"eplus-wrapper\"><\/p>\n\n\n\n<div style=\"height:11px\" aria-hidden=\"true\" class=\"wp-block-spacer eplus-wrapper\"><\/div>\n\n\n\n<h2 class=\"wp-block-heading has-text-align-left has-custom-farbe-1-color has-text-color has-link-color eplus-wrapper wp-elements-19368824ffeb9b5d5c2d39150c457815\" style=\"font-size:clamp(1.092rem, 1.092rem + ((1vw - 0.2rem) * 1.013), 1.7rem);\">Construcci\u00f3n de una fortaleza del siglo XVI<\/h2>\n\n\n\n<figure class=\"wp-block-image alignright size-full eplus-wrapper\"><img loading=\"lazy\" decoding=\"async\" width=\"787\" height=\"349\" src=\"https:\/\/forte-cultura.com\/wp-content\/uploads\/history2-1.jpg\" alt=\"\" class=\"wp-image-1275\" srcset=\"https:\/\/forte-cultura.com\/wp-content\/uploads\/history2-1.jpg 787w, https:\/\/forte-cultura.com\/wp-content\/uploads\/history2-1-300x133.jpg 300w, https:\/\/forte-cultura.com\/wp-content\/uploads\/history2-1-768x341.jpg 768w, https:\/\/forte-cultura.com\/wp-content\/uploads\/history2-1-200x89.jpg 200w\" sizes=\"auto, (max-width: 787px) 100vw, 787px\" \/><\/figure>\n\n\n\n<p class=\"has-text-align-left eplus-wrapper\">Alrededor de 1550, Dresde fue una de las primeras ciudades alemanas en dotarse de una fortaleza basti\u00f3n tan completa, que Napole\u00f3n utiliz\u00f3 250 a\u00f1os m\u00e1s tarde para sus frecuentes estancias en torno a sus campa\u00f1as militares.<\/p>\n\n\n\n<p class=\"has-text-align-left eplus-wrapper translation-block\">Las <strong><a href=\"https:\/\/forte-cultura.com\/category\/festungserbe\/befestigte-idealstadt\/\" data-type=\"category\" data-id=\"24\" target=\"_self\">ciudades ideales fortificadas<\/a><\/strong>, planificadas seg\u00fan aspectos militares y de nueva construcci\u00f3n en puntos estrat\u00e9gicos, como por ejemplo Terez\u00edn (Theresienstadt) y Josefov (CZ), D\u00f6mitz (DE) o Sabbioneta (IT), se consideran un hito excepcional de la construcci\u00f3n de fortalezas en Europa.<\/p>\n\n\n\n<p class=\"has-text-align-left eplus-wrapper\">A principios del siglo XIX, la artiller\u00eda moderna oblig\u00f3 a construir <strong><a href=\"https:\/\/forte-cultura.com\/category\/festungserbe\/festungssystem\/\" data-type=\"category\" data-id=\"38\">Sistemas a gran escala<\/a><\/strong>, que se extend\u00edan por zonas enteras y cuyas estribaciones se encontraban a veces a m\u00e1s de 5 kil\u00f3metros de los asentamientos. Aqu\u00ed, por ejemplo, se han inmortalizado:<\/p>\n\n\n<ul class=\"eplus-wrapper wp-block-list eplus-styles-uid-918c18\"><li class=\"eplus-wrapper eplus-styles-uid-1ceed8\">Prusia en Magdeburgo, K\u00fcstrin, Maguncia, Ulm, Coblenza o Ingolstadt,<\/li>\n\n<li class=\"eplus-wrapper eplus-styles-uid-1ceed8\">Austria en Pula, Komarno, Przemysl o Cracovia,<\/li>\n\n<li class=\"eplus-wrapper eplus-styles-uid-1ceed8\">Rusia inmortalizada en Modlin y Varsovia.<\/li><\/ul>\n\n\n<p class=\"eplus-wrapper\"><\/p>\n\n\n\n<div style=\"height:11px\" aria-hidden=\"true\" class=\"wp-block-spacer eplus-wrapper\"><\/div>\n\n\n\n<h2 class=\"wp-block-heading has-custom-farbe-1-color has-text-color has-link-color eplus-wrapper wp-elements-10a4132473e25c74c194700e1213732e\" style=\"font-size:clamp(1.092rem, 1.092rem + ((1vw - 0.2rem) * 1.013), 1.7rem);\">Construcci\u00f3n de fortalezas a partir del siglo XX<\/h2>\n\n\n\n<p class=\"has-text-align-left eplus-wrapper\">Tambi\u00e9n en respuesta a los enormes avances de la tecnolog\u00eda armament\u00edstica, las estructuras fortificadas desaparecieron cada vez m\u00e1s bajo tierra y en los macizos monta\u00f1osos en el siglo XX. Especialmente impresionantes son las enormes <a href=\"https:\/\/forte-cultura.com\/category\/festungserbe-20-jh\/verteidigungslinie-20-jh\/\" data-type=\"category\" data-id=\"66\"><strong>L\u00edneas de defensa<\/strong><\/a> como la L\u00ednea Maginot (FR), el Muro Oeste o el Muro Atl\u00e1ntico. <\/p>\n\n\n\n<p class=\"has-text-align-left eplus-wrapper\">Durante la Guerra Fr\u00eda se construyeron enormes fortificaciones fronterizas como el \u201eTel\u00f3n de Acero\u201c y sistemas de b\u00fankeres nucleares, testigos de una \u00e9poca que amenazaba la existencia de los pueblos europeos. <\/p>\n\n\n\n<p class=\"has-text-align-left eplus-wrapper\">Esta es otra raz\u00f3n por la que estos testigos arquitect\u00f3nicos contempor\u00e1neos deben conservarse y su mensaje difundirse.<\/p>\n\n\n\n<hr class=\"is-style-wide wp-block-separator aligncenter has-text-color has-accent-2-color has-alpha-channel-opacity has-accent-2-background-color has-background eplus-wrapper\" style=\"margin-top:var(--wp--preset--spacing--20);margin-bottom:var(--wp--preset--spacing--10)\"\/>\n\n\n\n<p class=\"has-text-align-center eplus-wrapper\">Aprenda m\u00e1s sobre las diferentes \u00e9pocas de construcci\u00f3n de fortalezas con sus peculiaridades arquitect\u00f3nicas y t\u00e1cticas. <\/p>\n\n\n<div class=\"wp-block-columns eplus-wrapper is-layout-flex wp-container-core-columns-is-layout-c5150b4a wp-block-columns-is-layout-flex eplus-styles-uid-afc1fe\">\n<div class=\"wp-block-column has-accent-background-color has-background eplus-wrapper is-layout-flow wp-block-column-is-layout-flow\" style=\"padding-top:var(--wp--preset--spacing--20);padding-right:var(--wp--preset--spacing--10);padding-bottom:var(--wp--preset--spacing--20);padding-left:var(--wp--preset--spacing--10)\">\n<h3 class=\"wp-block-heading has-text-align-center eplus-wrapper\">Arquitectura de fortalezas de los siglos XV-XIX. <\/h3>\n\n\n\n<p class=\"has-text-align-center eplus-wrapper\">La introducci\u00f3n de las armas de fuego provoc\u00f3 un cambio fundamental en la construcci\u00f3n de fortalezas. Comenz\u00f3 una remodelaci\u00f3n y en muchos lugares incluso la sustituci\u00f3n completa de las fortificaciones y torres de los castillos por macizos baluartes, fuertes murallas con profundos fosos, adaptados a la bal\u00edstica y alcance de los nuevos proyectiles.<\/p>\n\n\n\n<p class=\"has-text-align-center eplus-wrapper\"><a href=\"https:\/\/forte-cultura.com\/kulturerbe-festungsmonumente\/geschichte-des-festungsbaus\/festungsbau-vom-15-19-jahrhundert\/\" data-type=\"page\" data-id=\"1963\">saber m\u00e1s<\/a><\/p>\n<\/div>\n\n\n\n<div class=\"wp-block-column has-accent-2-background-color has-background eplus-wrapper is-layout-flow wp-block-column-is-layout-flow\" style=\"padding-top:var(--wp--preset--spacing--20);padding-right:var(--wp--preset--spacing--10);padding-bottom:var(--wp--preset--spacing--20);padding-left:var(--wp--preset--spacing--10)\">\n<h3 class=\"wp-block-heading has-text-align-center eplus-wrapper\">Arquitectura de fortalezas del siglo XX.<\/h3>\n\n\n\n<p class=\"has-text-align-center eplus-wrapper\">El desarrollo del hormig\u00f3n armado supuso el segundo cambio fundamental en la construcci\u00f3n de fortalezas. Las fortalezas de piedra eran en gran medida ineficaces contra las armas modernas. La construcci\u00f3n de fortalezas se camufl\u00f3 y se orient\u00f3 hacia el subsuelo. Se construyeron gigantescas l\u00edneas de b\u00fankeres, sistemas de defensa antia\u00e9rea y b\u00fankeres gubernamentales.<\/p>\n\n\n\n<p class=\"has-text-align-center eplus-wrapper\"><a href=\"https:\/\/forte-cultura.com\/kulturerbe-festungsmonumente\/geschichte-des-festungsbaus\/festungen-des-20-jahrhunderts\/\" data-type=\"page\" data-id=\"1892\">saber m\u00e1s<\/a><\/p>\n<\/div>\n<\/div>\n\n\n<hr class=\"is-style-wide wp-block-separator aligncenter has-text-color has-accent-2-color has-alpha-channel-opacity has-accent-2-background-color has-background eplus-wrapper\" style=\"margin-top:var(--wp--preset--spacing--10);margin-bottom:var(--wp--preset--spacing--10)\"\/>\n\n\n\n<p class=\"eplus-wrapper\"><\/p>\n\n\n<div  class=\"wp-block-ultimate-post-ultp-taxonomy ultp-block-aa941b\"><div class=\"ultp-block-wrapper\"><div class=\"ultp-loading\"><div class=\"ultp-loading-blocks\" style=\"width:100%;height:100%;\"><div style=\"left: 0;top: 0;animation-delay:0s;\"><\/div><div style=\"left: 21px;top: 0;animation-delay:0.125s;\"><\/div><div style=\"left: 42px;top: 0;animation-delay:0.25s;\"><\/div><div style=\"left: 0;top: 21px;animation-delay:0.875s;\"><\/div><div style=\"left: 42px;top: 21px;animation-delay:0.375s;\"><\/div><div style=\"left: 0;top: 42px;animation-delay:0.75s;\"><\/div><div style=\"left: 42px;top: 42px;animation-delay:0.625s;\"><\/div><div style=\"left: 21px;top: 42px;animation-delay:0.5s;\"><\/div><\/div><\/div><div class=\"ultp-heading-filter\"><div class=\"ultp-heading-filter-in\"><div class=\"ultp-heading-wrap ultp-heading-style9 ultp-heading-center\"><h2 class=\"ultp-heading-inner\"><span>Estaciones de FORTE CULTURA por tipo de fortaleza<\/span><\/h2><\/div><\/div><\/div><div class=\"ultp-block-items-wrap\"><ul class=\"ultp-taxonomy-items  ultp-taxonomy-animation-none ultp-taxonomy-column-3 ultp-taxonomy-layout-1\"><li class=\"ultp-block-item ultp-taxonomy-item\"><a href=\"https:\/\/forte-cultura.com\/es\/category\/festungserbe\/befestigte-burg\/\" ><span class=\"ultp-taxonomy-name\" >Castillo fortificado<\/span><span class=\"ultp-taxonomy-count\" >7<\/span><\/a><\/li><li class=\"ultp-block-item ultp-taxonomy-item\"><a href=\"https:\/\/forte-cultura.com\/es\/category\/festungserbe\/befestigte-idealstadt\/\" ><span class=\"ultp-taxonomy-name\" >Ciudad ideal fortificada<\/span><span class=\"ultp-taxonomy-count\" >5<\/span><\/a><\/li><li class=\"ultp-block-item ultp-taxonomy-item\"><a href=\"https:\/\/forte-cultura.com\/es\/category\/festungserbe\/befestigte-stadt\/\" ><span class=\"ultp-taxonomy-name\" >Ciudad fortificada<\/span><span class=\"ultp-taxonomy-count\" >3<\/span><\/a><\/li><li class=\"ultp-block-item ultp-taxonomy-item\"><a href=\"https:\/\/forte-cultura.com\/es\/category\/festungserbe\/befestigtes-schloss\/\" ><span class=\"ultp-taxonomy-name\" >Cerradura abrochada<\/span><span class=\"ultp-taxonomy-count\" >4<\/span><\/a><\/li><li class=\"ultp-block-item ultp-taxonomy-item\"><a href=\"https:\/\/forte-cultura.com\/es\/category\/festungserbe\/festung\/\" ><span class=\"ultp-taxonomy-name\" >Fortaleza<\/span><span class=\"ultp-taxonomy-count\" >10<\/span><\/a><\/li><li class=\"ultp-block-item ultp-taxonomy-item\"><a href=\"https:\/\/forte-cultura.com\/es\/category\/festungserbe\/festungssystem\/\" ><span class=\"ultp-taxonomy-name\" >Sistema de fortaleza<\/span><span class=\"ultp-taxonomy-count\" >16<\/span><\/a><\/li><li class=\"ultp-block-item ultp-taxonomy-item\"><a href=\"https:\/\/forte-cultura.com\/es\/category\/festungserbe\/fort\/\" ><span class=\"ultp-taxonomy-name\" >Fuera de casa<\/span><span class=\"ultp-taxonomy-count\" >3<\/span><\/a><\/li><li class=\"ultp-block-item ultp-taxonomy-item\"><a href=\"https:\/\/forte-cultura.com\/es\/category\/festungserbe\/verteidigungslinie\/\" ><span class=\"ultp-taxonomy-name\" >L\u00ednea de defensa<\/span><span class=\"ultp-taxonomy-count\" >1<\/span><\/a><\/li><li class=\"ultp-block-item ultp-taxonomy-item\"><a href=\"https:\/\/forte-cultura.com\/es\/category\/festungserbe\/zitadelle\/\" ><span class=\"ultp-taxonomy-name\" >Ciudadela<\/span><span class=\"ultp-taxonomy-count\" >6<\/span><\/a><\/li><li class=\"ultp-block-item ultp-taxonomy-item\"><a href=\"https:\/\/forte-cultura.com\/es\/category\/festungserbe-20-jh\/militaerbunker\/\" ><span class=\"ultp-taxonomy-name\" >B\u00fanker militar<\/span><span class=\"ultp-taxonomy-count\" >11<\/span><\/a><\/li><li class=\"ultp-block-item ultp-taxonomy-item\"><a href=\"https:\/\/forte-cultura.com\/es\/category\/festungserbe-20-jh\/regierungsbunker\/\" ><span class=\"ultp-taxonomy-name\" >B\u00fanker gubernamental<\/span><span class=\"ultp-taxonomy-count\" >3<\/span><\/a><\/li><li class=\"ultp-block-item ultp-taxonomy-item\"><a href=\"https:\/\/forte-cultura.com\/es\/category\/festungserbe-20-jh\/verteidigungslinie-20-jh\/\" ><span class=\"ultp-taxonomy-name\" >L\u00ednea de defensa Siglo XX.<\/span><span class=\"ultp-taxonomy-count\" >9<\/span><\/a><\/li><\/ul><\/div><\/div><\/div>\n\n<div id=\"travelersmap-container-69d8bf79a683a\" class=\"travelersmap-container\" style=\"z-index: 1; min-height: 10px; min-width:10px; height:600px;width:100%; max-width:1280px; max-height:500px; position:relative;\"><div style=\"position:absolute; z-index:-1;top: 50%;text-align: center;display: block;left: 50%;transform: translate(-50%,-50%);\">Mapa del viajero est\u00e1 cargando...<br>Si ves esto despu\u00e9s de que tu p\u00e1gina se haya cargado completamente, es que faltan archivos leafletJS.<\/div><\/div>\n\n\n\n<hr class=\"is-style-wide wp-block-separator aligncenter has-text-color has-accent-2-color has-alpha-channel-opacity has-accent-2-background-color has-background eplus-wrapper\" style=\"margin-top:var(--wp--preset--spacing--20);margin-bottom:var(--wp--preset--spacing--10)\"\/>","protected":false},"excerpt":{"rendered":"<p>Festungsbau vor dem 16. Jahrhundert Seine wichtigste Innovation erfuhr der historische Festungsbau mit der Einf\u00fchrung von Pulverwaffen, gegen die mittelalterliche Burgen und Wallanlagen nur wenig Schutz boten. Seit Ende des [&hellip;]<\/p>\n","protected":false},"author":1,"featured_media":0,"parent":1262,"menu_order":0,"comment_status":"closed","ping_status":"closed","template":"","meta":{"editor_plus_copied_stylings":"{}","pgc_sgb_lightbox_settings":"","_price":"","_stock":"","_tribe_ticket_header":"","_tribe_default_ticket_provider":"","_tribe_ticket_capacity":"0","_ticket_start_date":"","_ticket_end_date":"","_tribe_ticket_show_description":"","_tribe_ticket_show_not_going":false,"_tribe_ticket_use_global_stock":"","_tribe_ticket_global_stock_level":"","_global_stock_mode":"","_global_stock_cap":"","_tribe_rsvp_for_event":"","_tribe_ticket_going_count":"","_tribe_ticket_not_going_count":"","_tribe_tickets_list":"[]","_tribe_ticket_has_attendee_info_fields":false,"_EventAllDay":false,"_EventTimezone":"","_EventStartDate":"","_EventEndDate":"","_EventStartDateUTC":"","_EventEndDateUTC":"","_EventShowMap":false,"_EventShowMapLink":false,"_EventURL":"","_EventCost":"","_EventCostDescription":"","_EventCurrencySymbol":"","_EventCurrencyCode":"","_EventCurrencyPosition":"","_EventDateTimeSeparator":"","_EventTimeRangeSeparator":"","_EventOrganizerID":[],"_EventVenueID":[],"_OrganizerEmail":"","_OrganizerPhone":"","_OrganizerWebsite":"","_VenueAddress":"","_VenueCity":"","_VenueCountry":"","_VenueProvince":"","_VenueState":"","_VenueZip":"","_VenuePhone":"","_VenueURL":"","_VenueStateProvince":"","_VenueLat":"","_VenueLng":"","_VenueShowMap":false,"_VenueShowMapLink":false,"footnotes":""},"class_list":["post-1702","page","type-page","status-publish","hentry"],"_links":{"self":[{"href":"https:\/\/forte-cultura.com\/es\/wp-json\/wp\/v2\/pages\/1702","targetHints":{"allow":["GET"]}}],"collection":[{"href":"https:\/\/forte-cultura.com\/es\/wp-json\/wp\/v2\/pages"}],"about":[{"href":"https:\/\/forte-cultura.com\/es\/wp-json\/wp\/v2\/types\/page"}],"author":[{"embeddable":true,"href":"https:\/\/forte-cultura.com\/es\/wp-json\/wp\/v2\/users\/1"}],"replies":[{"embeddable":true,"href":"https:\/\/forte-cultura.com\/es\/wp-json\/wp\/v2\/comments?post=1702"}],"version-history":[{"count":0,"href":"https:\/\/forte-cultura.com\/es\/wp-json\/wp\/v2\/pages\/1702\/revisions"}],"up":[{"embeddable":true,"href":"https:\/\/forte-cultura.com\/es\/wp-json\/wp\/v2\/pages\/1262"}],"wp:attachment":[{"href":"https:\/\/forte-cultura.com\/es\/wp-json\/wp\/v2\/media?parent=1702"}],"curies":[{"name":"wp","href":"https:\/\/api.w.org\/{rel}","templated":true}]}}