{"id":1727,"date":"2024-01-13T10:14:04","date_gmt":"2024-01-13T09:14:04","guid":{"rendered":"https:\/\/forte-cultura.com\/?p=1727"},"modified":"2024-06-06T16:31:49","modified_gmt":"2024-06-06T14:31:49","slug":"cultural-heritage-elbe-fortresses-de-cz","status":"publish","type":"page","link":"https:\/\/forte-cultura.com\/en\/forte-cultura-reisewelt\/kulturerbe-elbe-festungen-de-cz\/","title":{"rendered":"Cultural Heritage Elbe Fortresses (DE-CZ)"},"content":{"rendered":"<div class=\"wp-block-columns alignwide eplus-wrapper is-layout-flex wp-container-core-columns-is-layout-28f84493 wp-block-columns-is-layout-flex eplus-styles-uid-376b8a\">\n<div class=\"wp-block-column eplus-wrapper is-layout-flow wp-block-column-is-layout-flow\" style=\"flex-basis:100%\"><p class=\"eplus-wrapper eplus-styles-uid-e7c803\"><em>FORTE CULTURA Cluster: Elbe Fortresses (DE-CZ)<\/em><\/p>\n\n\n<h2 class=\"wp-block-heading alignwide has-custom-farbe-1-color has-text-color has-link-color has-x-large-font-size eplus-wrapper wp-elements-e890bc38db1a05a4af9e8c2c170e597e\"><strong>The fascination of fortress monuments on the Elbe river<\/strong><\/h2>\n\n\n\n<h3 class=\"is-style-default wp-block-heading alignwide eplus-wrapper\" style=\"margin-top:var(--wp--preset--spacing--10);margin-bottom:var(--wp--preset--spacing--10);font-size:clamp(1.092rem, 1.092rem + ((1vw - 0.2rem) * 1.013), 1.7rem);\"><em>Unique cultural heritage - full of life<\/em><\/h3>\n\n\n\n<p class=\"eplus-wrapper\">From its source in the Czech Giant Mountains to its mouth in the North Sea near Cuxhaven, the Elbe river connects 1091 kilometres of magnificent cultural landscapes. Today, the Elbe touches UNESCO World Heritage Sites, nature parks, biosphere reserves and the Elbe Sandstone Mountains, consisting of Saxon and Bohemian Switzerland. However, it was also a hard-fought and heavily fortified border river between principalities, kingdoms and republics for centuries.<\/p>\n\n\n\n<p class=\"eplus-wrapper\">There are 25 fortress monuments from the period up to the end of the 19th century along the Elbe, including the Saxon mountain fortress of K\u00f6nigstein, the Habsburg twin towns of Terezin and Josefov as fortified ideal towns, the Prussian large fortress of Magdeburg, the Saxon state fortress of Torgau and Mecklenburg's fortified ideal town and citadel of D\u00f6mitz.<\/p>\n\n\n\n<p class=\"eplus-wrapper\">Today, these monuments are modern spaces for experiences in a massive setting. They invite visitors to attractive cultural events, concerts, interactive exhibitions, multimedia productions, sporting events, adventure, play and fairy-tale events, historical battles, but also to remember and commemorate European history. Every year, thousands of tourists conquer these monuments, peacefully and enthusiastically. Discover the exciting \"architectura militaris\" on the Elbe with FORTE CULTURA\u00ae.<\/p>\n\n\n\n<p class=\"eplus-wrapper\"><\/p>\n\n\n\n<div class=\"wp-block-kadence-spacer aligncenter kt-block-spacer-1727_f1e192-c6\"><div class=\"kt-block-spacer kt-block-spacer-halign-center\"><\/div><\/div>\n\n\n<div class=\"ultp-post-grid-block wp-block-ultimate-post-post-grid-1 ultp-block-622f2b\"><div class=\"ultp-block-wrapper\"><div class=\"ultp-loading\"><div class=\"ultp-loading-blocks\" style=\"width:100%;height:100%;\"><div style=\"left: 0;top: 0;animation-delay:0s;\"><\/div><div style=\"left: 21px;top: 0;animation-delay:0.125s;\"><\/div><div style=\"left: 42px;top: 0;animation-delay:0.25s;\"><\/div><div style=\"left: 0;top: 21px;animation-delay:0.875s;\"><\/div><div style=\"left: 42px;top: 21px;animation-delay:0.375s;\"><\/div><div style=\"left: 0;top: 42px;animation-delay:0.75s;\"><\/div><div style=\"left: 42px;top: 42px;animation-delay:0.625s;\"><\/div><div style=\"left: 21px;top: 42px;animation-delay:0.5s;\"><\/div><\/div><\/div><div class=\"ultp-heading-filter\"><div class=\"ultp-heading-filter-in\"><div class=\"ultp-heading-wrap ultp-heading-style1 ultp-heading-left\"><h3 class=\"ultp-heading-inner\"><span>FORTE CULTURA stations on the Elbe river<\/span><\/h3><\/div><\/div><\/div><div class=\"ultp-block-items-wrap ultp-block-row ultp-pg1a-style1 ultp-grid1-responsive ultp-block-column-4 1 ultp-xs-column-1 ultp-layout1\"><div class=\"ultp-block-item post-id-587\"><div class=\"ultp-block-content-wrap\"><div class=\"ultp-block-image ultp-block-image-zoomIn\"><a href=\"https:\/\/forte-cultura.com\/en\/doemitz-de\/\"><img decoding=\"async\" class=\"ultp-block-image-content\" alt=\"D\u00f6mitz (DE)\" src=\"https:\/\/forte-cultura.com\/wp-content\/uploads\/2023\/11\/doemitz-3-870x570.jpg\"><\/a><\/div><div class=\"ultp-block-content\"><h3 class=\"ultp-block-title\"><a href=\"https:\/\/forte-cultura.com\/en\/doemitz-de\/\">D\u00f6mitz (DE)<\/a><\/h3><div class=\"ultp-block-excerpt\">Citadel and fortified ideal city: the only completely preserved Renaissance pentagonal citadel in northern Germany<\/div><\/div><\/div><\/div><div class=\"ultp-block-item post-id-619\"><div class=\"ultp-block-content-wrap\"><div class=\"ultp-block-image ultp-block-image-zoomIn\"><a href=\"https:\/\/forte-cultura.com\/en\/grauerort-de\/\"><img decoding=\"async\" class=\"ultp-block-image-content\" alt=\"Grauerort Fortress\" src=\"https:\/\/forte-cultura.com\/wp-content\/uploads\/2023\/11\/Grauerort-870x570.jpg\"><\/a><\/div><div class=\"ultp-block-content\"><h3 class=\"ultp-block-title\"><a href=\"https:\/\/forte-cultura.com\/en\/grauerort-de\/\">Grauerort (DE)<\/a><\/h3><div class=\"ultp-block-excerpt\">Fortress: The artillery fort on the Elbe cycle path, Prussian fortress architecture of the 19th century<\/div><\/div><\/div><\/div><div class=\"ultp-block-item post-id-701\"><div class=\"ultp-block-content-wrap\"><div class=\"ultp-block-image ultp-block-image-zoomIn\"><a href=\"https:\/\/forte-cultura.com\/en\/josefov-cz\/\"><img decoding=\"async\" class=\"ultp-block-image-content\" alt=\"Josefov (CZ)\" src=\"https:\/\/forte-cultura.com\/wp-content\/uploads\/2023\/11\/Jaromer_Josefov-870x570.jpg\"><\/a><\/div><div class=\"ultp-block-content\"><h3 class=\"ultp-block-title\"><a href=\"https:\/\/forte-cultura.com\/en\/josefov-cz\/\">Josefov (CZ)<\/a><\/h3><div class=\"ultp-block-excerpt\">Fortified ideal city: pearl of fortress construction of the KuK monarchy<\/div><\/div><\/div><\/div><div class=\"ultp-block-item post-id-4206\"><div class=\"ultp-block-content-wrap\"><div class=\"ultp-block-image ultp-block-image-zoomIn\"><a href=\"https:\/\/forte-cultura.com\/en\/kaiserliche-festungen-in-boehmen-cz\/\"><img decoding=\"async\" class=\"ultp-block-image-content\" alt=\"Imperial fortresses in Bohemia (CZ)\" src=\"https:\/\/forte-cultura.com\/wp-content\/uploads\/title-boehmen.jpg\"><\/a><\/div><div class=\"ultp-block-content\"><h3 class=\"ultp-block-title\"><a href=\"https:\/\/forte-cultura.com\/en\/kaiserliche-festungen-in-boehmen-cz\/\">Imperial fortresses in Bohemia (CZ)<\/a><\/h3><div class=\"ultp-block-excerpt\">The imperial fortresses in Bohemia (CZ) are large fortified towns, some of which were built by the Habsburg emperors in the 17th and 18th centuries. Their purpose was the large-scale defence of the capital Prague and they were located at strategically important points in the country, ...<\/div><\/div><\/div><\/div><div class=\"ultp-block-item post-id-804\"><div class=\"ultp-block-content-wrap\"><div class=\"ultp-block-image ultp-block-image-zoomIn\"><a href=\"https:\/\/forte-cultura.com\/en\/koenigstein-sachsen-de\/\"><img decoding=\"async\" class=\"ultp-block-image-content\" alt=\"K\u00f6nigstein Fortress, Saxony (DE) \u00a9fotofestival-sandstein\" src=\"https:\/\/forte-cultura.com\/wp-content\/uploads\/Koenigstein-westansicht%C2%A9fotofestival-sandstein-870x570.jpg\"><\/a><\/div><div class=\"ultp-block-content\"><h3 class=\"ultp-block-title\"><a href=\"https:\/\/forte-cultura.com\/en\/koenigstein-sachsen-de\/\">K\u00f6nigstein, Saxony (DE)<\/a><\/h3><div class=\"ultp-block-excerpt\">Fortress: One of the most beautiful and powerful mountain fortresses in Europe<\/div><\/div><\/div><\/div><div class=\"ultp-block-item post-id-947\"><div class=\"ultp-block-content-wrap\"><div class=\"ultp-block-image ultp-block-image-zoomIn\"><a href=\"https:\/\/forte-cultura.com\/en\/prag-cz\/\"><img decoding=\"async\" class=\"ultp-block-image-content\" alt=\"Vy\u0161ehrad Fortress, Prague (CZ)\" src=\"https:\/\/forte-cultura.com\/wp-content\/uploads\/Prag-870x570.jpg\"><\/a><\/div><div class=\"ultp-block-content\"><h3 class=\"ultp-block-title\"><a href=\"https:\/\/forte-cultura.com\/en\/prag-cz\/\">Prague Vy\u0161ehrad (CZ)<\/a><\/h3><div class=\"ultp-block-excerpt\">Fortress: National cultural monument,\nImpressive history and legends high above the Vltava River<\/div><\/div><\/div><\/div><div class=\"ultp-block-item post-id-1035\"><div class=\"ultp-block-content-wrap\"><div class=\"ultp-block-image ultp-block-image-zoomIn\"><a href=\"https:\/\/forte-cultura.com\/en\/terezin-cz\/\"><img decoding=\"async\" class=\"ultp-block-image-content\" alt=\"Terez\u00edn (CZ)\" src=\"https:\/\/forte-cultura.com\/wp-content\/uploads\/Terezin-870x570.jpg\"><\/a><\/div><div class=\"ultp-block-content\"><h3 class=\"ultp-block-title\"><a href=\"https:\/\/forte-cultura.com\/en\/terezin-cz\/\">Terez\u00edn (CZ)<\/a><\/h3><div class=\"ultp-block-excerpt\">Fortified ideal city: masterpiece of fortress architecture, historic Elbe fortress and memorial to the Second World War<\/div><\/div><\/div><\/div><div class=\"ultp-block-item post-id-1038\"><div class=\"ultp-block-content-wrap\"><div class=\"ultp-block-image ultp-block-image-zoomIn\"><a href=\"https:\/\/forte-cultura.com\/en\/torgau-de\/\"><img decoding=\"async\" class=\"ultp-block-image-content\" alt=\"Torgau (DE)\" src=\"https:\/\/forte-cultura.com\/wp-content\/uploads\/Schloss-Heratenfels-Torgau-DE-870x570.jpg\"><\/a><\/div><div class=\"ultp-block-content\"><h3 class=\"ultp-block-title\"><a href=\"https:\/\/forte-cultura.com\/en\/torgau-de\/\">Torgau (DE)<\/a><\/h3><div class=\"ultp-block-excerpt\">The only large fortress system in Saxony still preserved in parts; fortified Hartenfels Castle<\/div><\/div><\/div><\/div><\/div><\/div><div class=\"pagination-block-html\" aria-hidden=\"true\" style=\"display: none;\"><\/div><\/div><\/div>\n<\/div>\n\n\n<hr class=\"wp-block-separator alignwide has-text-color has-accent-2-color has-alpha-channel-opacity has-accent-2-background-color has-background eplus-wrapper\" style=\"margin-top:var(--wp--preset--spacing--30);margin-bottom:var(--wp--preset--spacing--30)\"\/>\n\n\n<div id=\"travelersmap-container-69f757012bb80\" class=\"travelersmap-container\" style=\"z-index: 1; min-height: 10px; min-width:10px; height:400px;width:100%; max-width:1280px; max-height:; position:relative;\"><div style=\"position:absolute; z-index:-1;top: 50%;text-align: center;display: block;left: 50%;transform: translate(-50%,-50%);\">Travellers' Map is loading...<br>If you see this after your page is loaded completely, leafletJS files are missing.<\/div><\/div>\n\n\n\n<hr class=\"wp-block-separator alignwide has-text-color has-accent-2-color has-alpha-channel-opacity has-accent-2-background-color has-background eplus-wrapper\" style=\"margin-top:var(--wp--preset--spacing--30);margin-bottom:var(--wp--preset--spacing--30)\"\/>\n\n\n<div class=\"wp-block-columns alignwide eplus-wrapper is-layout-flex wp-container-core-columns-is-layout-28f84493 wp-block-columns-is-layout-flex eplus-styles-uid-d6588e\">\n<div class=\"wp-block-column eplus-wrapper is-layout-flow wp-block-column-is-layout-flow\">\n<h3 class=\"wp-block-heading has-custom-farbe-1-color has-text-color has-link-color eplus-wrapper wp-elements-4f928366a1c9f25c8719c7b1bda374b3\">More Elbe fortresses<\/h3>\n\n\n\n<p class=\"eplus-wrapper\">Discover other fortresses on the Elbe with our information material, e.g. the large fortress system of Magdeburg, the former fortress city of Dresden, the fortified castle of Stolpen or the fortified Sonnenstein Castle in Pirna. <\/p>\n\n\n\n<p class=\"eplus-wrapper\">The Elbe-Labe Euroregion is home to other fortified monuments such as St\u0159ekov (Schreckenstein), D\u011b\u010d\u00edn, Doubravka, Roudnice and Litom\u011b\u0159ice.<\/p>\n\n\n<div class=\"wp-block-columns eplus-wrapper is-layout-flex wp-container-core-columns-is-layout-28f84493 wp-block-columns-is-layout-flex eplus-styles-uid-28299b\">\n<div class=\"wp-block-column eplus-wrapper is-layout-flow wp-block-column-is-layout-flow\"><div class=\"wp-block-columns is-not-stacked-on-mobile eplus-wrapper is-layout-flex wp-container-core-columns-is-layout-28f84493 wp-block-columns-is-layout-flex eplus-styles-uid-6f377f\">\n<div class=\"wp-block-column eplus-wrapper is-layout-flow wp-block-column-is-layout-flow\" style=\"flex-basis:218px\"><figure class=\"wp-block-image aligncenter size-large is-resized eplus-wrapper eplus-styles-uid-946138\"><a href=\"https:\/\/forte-cultura.com\/wp-content\/uploads\/marketing\/flips\/Elbe-DE\/index.html\" target=\"_blank\" rel=\"noreferrer noopener\"><img decoding=\"async\" src=\"https:\/\/forte-cultura.com\/wp-content\/uploads\/marketing\/flips\/Elbe-DE\/2020%20Elbe_DE_coverweb.jpg\" alt=\"\" style=\"width:auto;height:400px\"><\/a><\/figure><\/div>\n\n\n\n<div class=\"wp-block-column is-vertically-aligned-top eplus-wrapper is-layout-flow wp-block-column-is-layout-flow\" style=\"flex-basis:50px\"><figure class=\"wp-block-image size-full eplus-wrapper eplus-styles-uid-32928f\"><a href=\"https:\/\/forte-cultura.com\/wp-content\/uploads\/marketing\/flips\/Elbe-DE\/index.html\" target=\"_blank\" rel=\"noreferrer noopener\"><img loading=\"lazy\" decoding=\"async\" width=\"600\" height=\"360\" src=\"https:\/\/forte-cultura.com\/wp-content\/uploads\/de.png\" alt=\"\" class=\"wp-image-1741\" srcset=\"https:\/\/forte-cultura.com\/wp-content\/uploads\/de.png 600w, https:\/\/forte-cultura.com\/wp-content\/uploads\/de-300x180.png 300w, https:\/\/forte-cultura.com\/wp-content\/uploads\/de-18x12.png 18w, https:\/\/forte-cultura.com\/wp-content\/uploads\/de-200x120.png 200w\" sizes=\"auto, (max-width: 600px) 100vw, 600px\" \/><\/a><\/figure>\n\n<figure class=\"wp-block-image size-full eplus-wrapper eplus-styles-uid-32928f\"><a href=\"https:\/\/forte-cultura.com\/wp-content\/uploads\/marketing\/flips\/Elbe-CZ\/index.html\" target=\"_blank\" rel=\"noreferrer noopener\"><img loading=\"lazy\" decoding=\"async\" width=\"600\" height=\"400\" src=\"https:\/\/forte-cultura.com\/wp-content\/uploads\/tschechieng.gif\" alt=\"\" class=\"wp-image-1752\"><\/a><\/figure>\n\n<figure class=\"wp-block-image size-full eplus-wrapper eplus-styles-uid-32928f\"><a href=\"https:\/\/forte-cultura.com\/wp-content\/uploads\/marketing\/flips\/Elbe-EN\/index.html\" target=\"_blank\" rel=\"noreferrer noopener\"><img loading=\"lazy\" decoding=\"async\" width=\"286\" height=\"178\" src=\"https:\/\/forte-cultura.com\/wp-content\/uploads\/gb.gif\" alt=\"\" class=\"wp-image-1744\"><\/a><\/figure><\/div>\n<\/div><\/div>\n\n\n\n<div class=\"wp-block-column eplus-wrapper is-layout-flow wp-block-column-is-layout-flow\"><div class=\"wp-block-columns is-not-stacked-on-mobile eplus-wrapper is-layout-flex wp-container-core-columns-is-layout-28f84493 wp-block-columns-is-layout-flex eplus-styles-uid-2a5e60\">\n<div class=\"wp-block-column eplus-wrapper is-layout-flow wp-block-column-is-layout-flow\" style=\"flex-basis:318px\"><figure class=\"wp-block-image aligncenter size-large is-resized eplus-wrapper eplus-styles-uid-946138\"><a href=\"https:\/\/forte-cultura.com\/wp-content\/uploads\/marketing\/flips\/Elbe-Labe2022\/index.html\" target=\"_blank\" rel=\"noreferrer noopener\"><img decoding=\"async\" src=\"https:\/\/forte-cultura.com\/wp-content\/uploads\/marketing\/flips\/Elbe-Labe2022\/brochure-Elbe-Labe_cover.jpg\" alt=\"\" style=\"width:auto;height:400px\"><\/a><\/figure><\/div>\n<\/div><\/div>\n\n\n\n<div class=\"wp-block-column eplus-wrapper is-layout-flow wp-block-column-is-layout-flow\"><div class=\"wp-block-columns is-not-stacked-on-mobile eplus-wrapper is-layout-flex wp-container-core-columns-is-layout-28f84493 wp-block-columns-is-layout-flex eplus-styles-uid-7f3bf4\">\n<div class=\"wp-block-column eplus-wrapper is-layout-flow wp-block-column-is-layout-flow\" style=\"flex-basis:218px\"><figure class=\"wp-block-image aligncenter size-full is-resized eplus-wrapper eplus-styles-uid-946138\"><a href=\"https:\/\/forte-cultura.com\/wp-content\/uploads\/FoCu-Flyer-Boehmen_EN_coverweb.jpg\" target=\"_blank\" rel=\"noreferrer noopener\"><img loading=\"lazy\" decoding=\"async\" width=\"386\" height=\"800\" src=\"https:\/\/forte-cultura.com\/wp-content\/uploads\/FoCu-Flyer-Boehmen_EN_coverweb.jpg\" alt=\"\" class=\"wp-image-2765\" style=\"width:auto;height:400px\" srcset=\"https:\/\/forte-cultura.com\/wp-content\/uploads\/FoCu-Flyer-Boehmen_EN_coverweb.jpg 383w, https:\/\/forte-cultura.com\/wp-content\/uploads\/FoCu-Flyer-Boehmen_EN_coverweb-144x300.jpg 144w, https:\/\/forte-cultura.com\/wp-content\/uploads\/FoCu-Flyer-Boehmen_EN_coverweb-6x12.jpg 6w, https:\/\/forte-cultura.com\/wp-content\/uploads\/FoCu-Flyer-Boehmen_EN_coverweb-200x418.jpg 200w\" sizes=\"auto, (max-width: 386px) 100vw, 386px\" \/><\/a><\/figure><\/div>\n\n\n\n<div class=\"wp-block-column is-vertically-aligned-top eplus-wrapper is-layout-flow wp-block-column-is-layout-flow\" style=\"flex-basis:50px\"><figure class=\"wp-block-image size-full eplus-wrapper eplus-styles-uid-32928f\"><a href=\"https:\/\/forte-cultura.com\/wp-content\/uploads\/FoCu-Flyer-Boehmen_EN_coverweb.jpg\" target=\"_blank\" rel=\"noreferrer noopener\"><img loading=\"lazy\" decoding=\"async\" width=\"600\" height=\"360\" src=\"https:\/\/forte-cultura.com\/wp-content\/uploads\/de.png\" alt=\"\" class=\"wp-image-1741\" srcset=\"https:\/\/forte-cultura.com\/wp-content\/uploads\/de.png 600w, https:\/\/forte-cultura.com\/wp-content\/uploads\/de-300x180.png 300w, https:\/\/forte-cultura.com\/wp-content\/uploads\/de-18x12.png 18w, https:\/\/forte-cultura.com\/wp-content\/uploads\/de-200x120.png 200w\" sizes=\"auto, (max-width: 600px) 100vw, 600px\" \/><\/a><\/figure>\n\n<figure class=\"wp-block-image size-full eplus-wrapper eplus-styles-uid-32928f\"><a href=\"https:\/\/forte-cultura.com\/wp-content\/uploads\/FoCu-Flyer-Boehmen_EN2023_web.pdf\" target=\"_blank\" rel=\"noreferrer noopener\"><img loading=\"lazy\" decoding=\"async\" width=\"600\" height=\"400\" src=\"https:\/\/forte-cultura.com\/wp-content\/uploads\/tschechieng.gif\" alt=\"\" class=\"wp-image-1752\"><\/a><\/figure>\n\n<figure class=\"wp-block-image size-full eplus-wrapper eplus-styles-uid-32928f\"><a href=\"https:\/\/forte-cultura.com\/wp-content\/uploads\/FoCu-Flyer-Boehmen_EN2023_web.pdf\" target=\"_blank\" rel=\"noreferrer noopener\"><img loading=\"lazy\" decoding=\"async\" width=\"286\" height=\"178\" src=\"https:\/\/forte-cultura.com\/wp-content\/uploads\/gb.gif\" alt=\"\" class=\"wp-image-1744\"><\/a><\/figure><\/div>\n<\/div><\/div>\n<\/div>\n\n\n<p class=\"eplus-wrapper\"><\/p>\n<\/div>\n<\/div>\n\n\n<hr class=\"wp-block-separator alignwide has-text-color has-accent-2-color has-alpha-channel-opacity has-accent-2-background-color has-background eplus-wrapper\" style=\"margin-top:var(--wp--preset--spacing--30);margin-bottom:var(--wp--preset--spacing--30)\"\/>\n\n\n\n<h2 class=\"wp-block-heading alignwide eplus-wrapper\">\u2026<\/h2>\n\n\n<div class=\"wp-block-columns alignwide eplus-wrapper is-layout-flex wp-container-core-columns-is-layout-28f84493 wp-block-columns-is-layout-flex eplus-styles-uid-a9d468\">\n<div class=\"wp-block-column eplus-wrapper is-layout-flow wp-block-column-is-layout-flow\" style=\"flex-basis:100%\">\n<p class=\"eplus-wrapper\">Event calendar ...<\/p>\n<\/div>\n<\/div>\n\n\n<hr class=\"wp-block-separator alignwide has-text-color has-accent-2-color has-alpha-channel-opacity has-accent-2-background-color has-background eplus-wrapper\" style=\"margin-top:var(--wp--preset--spacing--30);margin-bottom:var(--wp--preset--spacing--30)\"\/>","protected":false},"excerpt":{"rendered":"<p>FORTE CULTURA Cluster: Elbe-Festungen (DE-CZ) Faszination Festungsmonumente an der Elbe Einzigartiges Kulturerbe &#8211; voller Leben Von seiner Quelle im Tschechischen Riesengebirge bis zur M\u00fcndung in die Nordsee bei Cuxhaven verbindet [&hellip;]<\/p>\n","protected":false},"author":1,"featured_media":471,"parent":465,"menu_order":0,"comment_status":"open","ping_status":"closed","template":"","meta":{"editor_plus_copied_stylings":"{}","pgc_sgb_lightbox_settings":"","_price":"","_stock":"","_tribe_ticket_header":"","_tribe_default_ticket_provider":"","_tribe_ticket_capacity":"0","_ticket_start_date":"","_ticket_end_date":"","_tribe_ticket_show_description":"","_tribe_ticket_show_not_going":false,"_tribe_ticket_use_global_stock":"","_tribe_ticket_global_stock_level":"","_global_stock_mode":"","_global_stock_cap":"","_tribe_rsvp_for_event":"","_tribe_ticket_going_count":"","_tribe_ticket_not_going_count":"","_tribe_tickets_list":"[]","_tribe_ticket_has_attendee_info_fields":false,"_EventAllDay":false,"_EventTimezone":"","_EventStartDate":"","_EventEndDate":"","_EventStartDateUTC":"","_EventEndDateUTC":"","_EventShowMap":false,"_EventShowMapLink":false,"_EventURL":"","_EventCost":"","_EventCostDescription":"","_EventCurrencySymbol":"","_EventCurrencyCode":"","_EventCurrencyPosition":"","_EventDateTimeSeparator":"","_EventTimeRangeSeparator":"","_EventOrganizerID":[],"_EventVenueID":[],"_OrganizerEmail":"","_OrganizerPhone":"","_OrganizerWebsite":"","_VenueAddress":"","_VenueCity":"","_VenueCountry":"","_VenueProvince":"","_VenueState":"","_VenueZip":"","_VenuePhone":"","_VenueURL":"","_VenueStateProvince":"","_VenueLat":"","_VenueLng":"","_VenueShowMap":false,"_VenueShowMapLink":false,"footnotes":""},"class_list":["post-1727","page","type-page","status-publish","has-post-thumbnail","hentry"],"_links":{"self":[{"href":"https:\/\/forte-cultura.com\/en\/wp-json\/wp\/v2\/pages\/1727","targetHints":{"allow":["GET"]}}],"collection":[{"href":"https:\/\/forte-cultura.com\/en\/wp-json\/wp\/v2\/pages"}],"about":[{"href":"https:\/\/forte-cultura.com\/en\/wp-json\/wp\/v2\/types\/page"}],"author":[{"embeddable":true,"href":"https:\/\/forte-cultura.com\/en\/wp-json\/wp\/v2\/users\/1"}],"replies":[{"embeddable":true,"href":"https:\/\/forte-cultura.com\/en\/wp-json\/wp\/v2\/comments?post=1727"}],"version-history":[{"count":0,"href":"https:\/\/forte-cultura.com\/en\/wp-json\/wp\/v2\/pages\/1727\/revisions"}],"up":[{"embeddable":true,"href":"https:\/\/forte-cultura.com\/en\/wp-json\/wp\/v2\/pages\/465"}],"wp:featuredmedia":[{"embeddable":true,"href":"https:\/\/forte-cultura.com\/en\/wp-json\/wp\/v2\/media\/471"}],"wp:attachment":[{"href":"https:\/\/forte-cultura.com\/en\/wp-json\/wp\/v2\/media?parent=1727"}],"curies":[{"name":"wp","href":"https:\/\/api.w.org\/{rel}","templated":true}]}}