{"id":4542,"date":"2025-11-30T10:37:16","date_gmt":"2025-11-30T09:37:16","guid":{"rendered":"https:\/\/forte-cultura.com\/?page_id=4542"},"modified":"2025-11-30T10:37:17","modified_gmt":"2025-11-30T09:37:17","slug":"bunkerbauten-des-kalten-kriegs","status":"publish","type":"page","link":"https:\/\/forte-cultura.com\/de_de\/kulturerbe-festungsmonumente\/geschichte-des-festungsbaus\/festungen-des-20-jahrhunderts\/bunkerbauten-des-kalten-kriegs\/","title":{"rendered":"Bunkerbauten des Kalten Kriegs"},"content":{"rendered":"\n<p class=\" eplus-wrapper\">Mit dem atomaren Wettr\u00fcsten nach 1945 erhielt der Festungsbau eine v\u00f6llig neue Auspr\u00e4gung. Insbesondere mit Eintritt des <strong>Atomzeitalters<\/strong> und der Eskalation der Superm\u00e4chte in Form des <strong>Kalten Krieges<\/strong> entstanden beiderseits des \u201eEisernen Vorhangs\u201c ausgedehnte Bunkeranlagen.<\/p>\n\n\n\n<p class=\" eplus-wrapper\">Neben den reinen milit\u00e4rischen Bauten, geriet auch der Schutz der Zivilbev\u00f6lkerung verst\u00e4rkt in den Fokus, da mit der steten Weiterentwicklung der Raketenwaffen ein gesamtes Staatsgebiet jederzeit und ohne gro\u00dfe Vorwarnzeit angegriffen werden kann. Ein Schutz der gesamten Bev\u00f6lkerung ist jedoch zu keinem Zeitpunkt garantiert, zudem hinkte auch der Schutzfaktor der milit\u00e4rischen Bunker sowie der administrativen und politischen F\u00fchrung immer hinter der Waffenentwicklung hinterher. Auch wenn es suggeriert wurde, eine absolute Sicherheit war nie gegeben.<\/p>\n\n\n\n<p class=\" eplus-wrapper\">Tief im Fels oder unter St\u00e4dten verborgen, entstanden Kommandostellen, Kommunikationszentren und Schutzr\u00e4ume, ausgestattet mit eigener Energieversorgung, Wasseraufbereitung und Vorratslagern. In Deutschland, Frankreich, der Schweiz oder Skandinavien wurden ganze Netzwerke von Notfallbunkern errichtet, die im Ernstfall das \u00dcberleben politischer F\u00fchrung und Verwaltung sichern sollten.<\/p>\n\n\n\n<p class=\" eplus-wrapper\">Auch NATO und Warschauer Pakt entwickelten hochkomplexe Schutzsysteme, die den Kalten Krieg architektonisch sichtbar machten. Diese Bauwerke aus massivem Stahlbeton waren auf Autarkie f\u00fcr Wochen oder Monate ausgelegt und blieben oft streng geheim. Manche Bunker sind bis heute aktiv, andere wurden zu Museen, Dokumentationszentren oder Gedenkst\u00e4tten umgestaltet. Sie erinnern eindringlich an die allgegenw\u00e4rtige Angst vor einem Atomkrieg und sind heute Teil des europ\u00e4ischen Kulturerbes.<\/p>\n\n\n\n<p class=\" eplus-wrapper\">Als Relikte einer Epoche permanenter Bedrohung verdeutlichen sie, wie sehr Technik, Politik und Architektur ineinandergreifen, und mahnen zugleich, Frieden und internationale Verst\u00e4ndigung als h\u00f6chste Werte zu bewahren.<\/p>\n\n\n\n<p class=\" eplus-wrapper\"><\/p>\n\n\n<div class=\"wp-block-columns are-vertically-aligned-center is-not-stacked-on-mobile eplus-wrapper is-layout-flex wp-container-core-columns-is-layout-28f84493 wp-block-columns-is-layout-flex eplus-styles-uid-ceff94\">\n<div class=\"wp-block-column is-vertically-aligned-center eplus-wrapper is-layout-flow wp-block-column-is-layout-flow\" style=\"flex-basis:90%\">\n<h4 class=\" wp-block-heading eplus-wrapper\"><strong><strong>Milit\u00e4rbunker<\/strong><\/strong><\/h4>\n<\/div>\n\n\n\n<div class=\"wp-block-column is-vertically-aligned-center eplus-wrapper is-layout-flow wp-block-column-is-layout-flow\" style=\"flex-basis:10%\">\n<figure class=\" wp-block-image size-full is-resized eplus-wrapper\"><img loading=\"lazy\" decoding=\"async\" width=\"208\" height=\"158\" src=\"https:\/\/forte-cultura.com\/wp-content\/uploads\/mIlitaerbunker_NATO.png\" alt=\"\" class=\"wp-image-1913\" style=\"width:52px;height:auto\" srcset=\"https:\/\/forte-cultura.com\/wp-content\/uploads\/mIlitaerbunker_NATO.png 208w, https:\/\/forte-cultura.com\/wp-content\/uploads\/mIlitaerbunker_NATO-16x12.png 16w, https:\/\/forte-cultura.com\/wp-content\/uploads\/mIlitaerbunker_NATO-200x152.png 200w\" sizes=\"auto, (max-width: 208px) 100vw, 208px\" \/><\/figure>\n<\/div>\n<\/div>\n\n<div class=\"wp-block-columns are-vertically-aligned-center is-not-stacked-on-mobile eplus-wrapper is-layout-flex wp-container-core-columns-is-layout-28f84493 wp-block-columns-is-layout-flex eplus-styles-uid-69eeb3\">\n<div class=\"wp-block-column is-vertically-aligned-center eplus-wrapper is-layout-flow wp-block-column-is-layout-flow\" style=\"flex-basis:90%\">\n<h4 class=\" wp-block-heading eplus-wrapper\"><strong><strong>Zivilschutzanlagen<\/strong><\/strong><\/h4>\n<\/div>\n\n\n\n<div class=\"wp-block-column is-vertically-aligned-center eplus-wrapper is-layout-flow wp-block-column-is-layout-flow\" style=\"flex-basis:10%\">\n<figure class=\" wp-block-image size-full is-resized eplus-wrapper\"><img loading=\"lazy\" decoding=\"async\" width=\"225\" height=\"182\" src=\"https:\/\/forte-cultura.com\/wp-content\/uploads\/zivilschutzbunker.png\" alt=\"\" class=\"wp-image-1902\" style=\"width:52px;height:auto\" srcset=\"https:\/\/forte-cultura.com\/wp-content\/uploads\/zivilschutzbunker.png 225w, https:\/\/forte-cultura.com\/wp-content\/uploads\/zivilschutzbunker-15x12.png 15w, https:\/\/forte-cultura.com\/wp-content\/uploads\/zivilschutzbunker-200x162.png 200w\" sizes=\"auto, (max-width: 225px) 100vw, 225px\" \/><\/figure>\n<\/div>\n<\/div>\n\n<div class=\"wp-block-columns are-vertically-aligned-center is-not-stacked-on-mobile eplus-wrapper is-layout-flex wp-container-core-columns-is-layout-28f84493 wp-block-columns-is-layout-flex eplus-styles-uid-9df1ae\">\n<div class=\"wp-block-column is-vertically-aligned-center eplus-wrapper is-layout-flow wp-block-column-is-layout-flow\" style=\"flex-basis:90%\">\n<h4 class=\" wp-block-heading eplus-wrapper\"><strong><strong>Regierungsbunker<\/strong><\/strong><\/h4>\n<\/div>\n\n\n\n<div class=\"wp-block-column is-vertically-aligned-center eplus-wrapper is-layout-flow wp-block-column-is-layout-flow\" style=\"flex-basis:10%\">\n<figure class=\" wp-block-image size-full is-resized eplus-wrapper\"><img loading=\"lazy\" decoding=\"async\" width=\"208\" height=\"155\" src=\"https:\/\/forte-cultura.com\/wp-content\/uploads\/regierungsbunker_DE.png\" alt=\"\" class=\"wp-image-1915\" style=\"width:52px;height:auto\" srcset=\"https:\/\/forte-cultura.com\/wp-content\/uploads\/regierungsbunker_DE.png 208w, https:\/\/forte-cultura.com\/wp-content\/uploads\/regierungsbunker_DE-16x12.png 16w, https:\/\/forte-cultura.com\/wp-content\/uploads\/regierungsbunker_DE-200x149.png 200w\" sizes=\"auto, (max-width: 208px) 100vw, 208px\" \/><\/figure>\n<\/div>\n<\/div>\n\n\n<hr class=\"is-style-wide wp-block-separator aligncenter has-text-color has-custom-farbe-1-color has-alpha-channel-opacity has-custom-farbe-1-background-color has-background eplus-wrapper\"\/>\n\n\n\n<h4 class=\"wp-block-heading has-text-align-center has-custom-farbe-1-color has-text-color has-link-color eplus-wrapper wp-elements-bdeaa18e653b09792c6da9a2d422c41e\">Mit FORTE CULTURA Bunkeranlagen des Kalten Kriegs entdecken<\/h4>\n\n\n<div  class=\"ultp-post-grid-block wp-block-ultimate-post-post-grid-1 ultp-block-521ffe aligncenter\"><div class=\"ultp-block-wrapper\"><div class=\"ultp-loading\"><div class=\"ultp-loading-blocks\" style=\"width:100%;height:100%;\"><div style=\"left: 0;top: 0;animation-delay:0s;\"><\/div><div style=\"left: 21px;top: 0;animation-delay:0.125s;\"><\/div><div style=\"left: 42px;top: 0;animation-delay:0.25s;\"><\/div><div style=\"left: 0;top: 21px;animation-delay:0.875s;\"><\/div><div style=\"left: 42px;top: 21px;animation-delay:0.375s;\"><\/div><div style=\"left: 0;top: 42px;animation-delay:0.75s;\"><\/div><div style=\"left: 42px;top: 42px;animation-delay:0.625s;\"><\/div><div style=\"left: 21px;top: 42px;animation-delay:0.5s;\"><\/div><\/div><\/div><div class=\"ultp-block-items-wrap ultp-block-row ultp-pg1a-style1 ultp-grid1-responsive ultp-block-column-4 1 ultp-xs-column-1 ultp-layout1\"><div class=\"ultp-block-item post-id-4814\"><div class=\"ultp-block-content-wrap\"><div class=\"ultp-block-image ultp-block-image-opacity\"><a href=\"https:\/\/forte-cultura.com\/de_de\/unterirdische-festungen-die-geheimen-bauten-des-kalten-krieges\/\" ><img decoding=\"async\"  class=\"ultp-block-image-content\"  alt=\"Atombunker Zentrale mit bunten Lichtern\"  src=\"https:\/\/forte-cultura.com\/wp-content\/uploads\/Soratte-Bunker_\u00a9StOreste-870x570.jpg\" \/><\/a><\/div><div class=\"ultp-block-content\"><h3 class=\"ultp-block-title \"><a href=\"https:\/\/forte-cultura.com\/de_de\/unterirdische-festungen-die-geheimen-bauten-des-kalten-krieges\/\" >Unterirdische Festungen: Die geheimen Bauten des Kalten Krieges<\/a><\/h3><\/div><\/div><\/div><div class=\"ultp-block-item post-id-3337\"><div class=\"ultp-block-content-wrap\"><div class=\"ultp-block-image ultp-block-image-opacity\"><a href=\"https:\/\/forte-cultura.com\/de_de\/santoreste-it\/\" ><img decoding=\"async\"  class=\"ultp-block-image-content\"  alt=\"Sant&#8217;Oreste (IT)\"  src=\"https:\/\/forte-cultura.com\/wp-content\/uploads\/montesoratte_08_\u00a9M.Kaule_-870x570.jpg\" \/><\/a><\/div><div class=\"ultp-block-content\"><h3 class=\"ultp-block-title \"><a href=\"https:\/\/forte-cultura.com\/de_de\/santoreste-it\/\" >Sant&#8217;Oreste (IT)<\/a><\/h3><\/div><\/div><\/div><div class=\"ultp-block-item post-id-2584\"><div class=\"ultp-block-content-wrap\"><div class=\"ultp-block-image ultp-block-image-opacity\"><a href=\"https:\/\/forte-cultura.com\/de_de\/geheime-architekturen\/\" ><img decoding=\"async\"  class=\"ultp-block-image-content\"  alt=\"Geheime Architekturen\"  src=\"https:\/\/forte-cultura.com\/wp-content\/uploads\/header_underground-870x400.png\" \/><\/a><\/div><div class=\"ultp-block-content\"><h3 class=\"ultp-block-title \"><a href=\"https:\/\/forte-cultura.com\/de_de\/geheime-architekturen\/\" >Geheime Architekturen<\/a><\/h3><\/div><\/div><\/div><div class=\"ultp-block-item post-id-1647\"><div class=\"ultp-block-content-wrap\"><div class=\"ultp-block-image ultp-block-image-opacity\"><a href=\"https:\/\/forte-cultura.com\/de_de\/hornisgrinde-de\/\" ><img decoding=\"async\"  class=\"ultp-block-image-content\"  alt=\"Hornisgrinde (DE)\"  src=\"https:\/\/forte-cultura.com\/wp-content\/uploads\/Hornisgrinde-870x570.png\" \/><\/a><\/div><div class=\"ultp-block-content\"><h3 class=\"ultp-block-title \"><a href=\"https:\/\/forte-cultura.com\/de_de\/hornisgrinde-de\/\" >Hornisgrinde (DE)<\/a><\/h3><\/div><\/div><\/div><div class=\"ultp-block-item post-id-1023\"><div class=\"ultp-block-content-wrap\"><div class=\"ultp-block-image ultp-block-image-opacity\"><a href=\"https:\/\/forte-cultura.com\/de_de\/strausberg-de\/\" ><img decoding=\"async\"  class=\"ultp-block-image-content\"  alt=\"Strausberg (DE)\"  src=\"https:\/\/forte-cultura.com\/wp-content\/uploads\/Kulturbunker-Strausberg-870x570.jpg\" \/><\/a><\/div><div class=\"ultp-block-content\"><h3 class=\"ultp-block-title \"><a href=\"https:\/\/forte-cultura.com\/de_de\/strausberg-de\/\" >Strausberg (DE)<\/a><\/h3><\/div><\/div><\/div><div class=\"ultp-block-item post-id-804\"><div class=\"ultp-block-content-wrap\"><div class=\"ultp-block-image ultp-block-image-opacity\"><a href=\"https:\/\/forte-cultura.com\/de_de\/koenigstein-sachsen-de\/\" ><img decoding=\"async\"  class=\"ultp-block-image-content\"  alt=\"Festung K\u00f6nigstein, Sachsen (DE) \u00a9fotofestival-sandstein\"  src=\"https:\/\/forte-cultura.com\/wp-content\/uploads\/Koenigstein-westansicht\u00a9fotofestival-sandstein-870x570.jpg\" \/><\/a><\/div><div class=\"ultp-block-content\"><h3 class=\"ultp-block-title \"><a href=\"https:\/\/forte-cultura.com\/de_de\/koenigstein-sachsen-de\/\" >K\u00f6nigstein, Sachsen (DE)<\/a><\/h3><\/div><\/div><\/div><div class=\"ultp-block-item post-id-576\"><div class=\"ultp-block-content-wrap\"><div class=\"ultp-block-image ultp-block-image-opacity\"><a href=\"https:\/\/forte-cultura.com\/de_de\/cochem-de\/\" ><img decoding=\"async\"  class=\"ultp-block-image-content\"  alt=\"Cochem (DE)\"  src=\"https:\/\/forte-cultura.com\/wp-content\/uploads\/2023\/11\/BbB_Cochem-870x570.jpg\" \/><\/a><\/div><div class=\"ultp-block-content\"><h3 class=\"ultp-block-title \"><a href=\"https:\/\/forte-cultura.com\/de_de\/cochem-de\/\" >Cochem (DE)<\/a><\/h3><\/div><\/div><\/div><\/div><\/div><div class=\"pagination-block-html\" aria-hidden=\"true\" style=\"display: none;\"><\/div><\/div>\n\n\n<hr class=\"is-style-wide wp-block-separator aligncenter has-text-color has-custom-farbe-1-color has-alpha-channel-opacity has-custom-farbe-1-background-color has-background eplus-wrapper\"\/>\n\n\n\n<p class=\" eplus-wrapper\">Die moderne Waffentechnik erm\u00f6glicht inzwischen auch die Zerst\u00f6rung&nbsp; unterirdischer Bauwerke, sodass der H\u00f6hepunkt des Bunkerbaus in der Historie liegt. Heute sind diese Monumente spannungsgeladene Destinationen. Viele k\u00f6nnen besichtigt werden.<\/p>\n\n\n\n<div style=\"height:20px\" aria-hidden=\"true\" class=\" wp-block-spacer eplus-wrapper\"><\/div>\n\n\n\n<p class=\" eplus-wrapper\"><\/p>\n","protected":false},"excerpt":{"rendered":"<p>Mit dem atomaren Wettr\u00fcsten nach 1945 erhielt der Festungsbau eine v\u00f6llig neue Auspr\u00e4gung. Insbesondere mit Eintritt des Atomzeitalters und der Eskalation der Superm\u00e4chte in Form des Kalten Krieges entstanden beiderseits [&hellip;]<\/p>\n","protected":false},"author":1,"featured_media":3339,"parent":1892,"menu_order":2,"comment_status":"closed","ping_status":"closed","template":"","meta":{"editor_plus_copied_stylings":"{}","pgc_sgb_lightbox_settings":"","_price":"","_stock":"","_tribe_ticket_header":"","_tribe_default_ticket_provider":"","_tribe_ticket_capacity":"0","_ticket_start_date":"","_ticket_end_date":"","_tribe_ticket_show_description":"","_tribe_ticket_show_not_going":false,"_tribe_ticket_use_global_stock":"","_tribe_ticket_global_stock_level":"","_global_stock_mode":"","_global_stock_cap":"","_tribe_rsvp_for_event":"","_tribe_ticket_going_count":"","_tribe_ticket_not_going_count":"","_tribe_tickets_list":"[]","_tribe_ticket_has_attendee_info_fields":false,"_EventAllDay":false,"_EventTimezone":"","_EventStartDate":"","_EventEndDate":"","_EventStartDateUTC":"","_EventEndDateUTC":"","_EventShowMap":false,"_EventShowMapLink":false,"_EventURL":"","_EventCost":"","_EventCostDescription":"","_EventCurrencySymbol":"","_EventCurrencyCode":"","_EventCurrencyPosition":"","_EventDateTimeSeparator":"","_EventTimeRangeSeparator":"","_EventOrganizerID":[],"_EventVenueID":[],"_OrganizerEmail":"","_OrganizerPhone":"","_OrganizerWebsite":"","_VenueAddress":"","_VenueCity":"","_VenueCountry":"","_VenueProvince":"","_VenueState":"","_VenueZip":"","_VenuePhone":"","_VenueURL":"","_VenueStateProvince":"","_VenueLat":"","_VenueLng":"","_VenueShowMap":false,"_VenueShowMapLink":false,"footnotes":""},"class_list":["post-4542","page","type-page","status-publish","has-post-thumbnail","hentry"],"_links":{"self":[{"href":"https:\/\/forte-cultura.com\/de_de\/wp-json\/wp\/v2\/pages\/4542","targetHints":{"allow":["GET"]}}],"collection":[{"href":"https:\/\/forte-cultura.com\/de_de\/wp-json\/wp\/v2\/pages"}],"about":[{"href":"https:\/\/forte-cultura.com\/de_de\/wp-json\/wp\/v2\/types\/page"}],"author":[{"embeddable":true,"href":"https:\/\/forte-cultura.com\/de_de\/wp-json\/wp\/v2\/users\/1"}],"replies":[{"embeddable":true,"href":"https:\/\/forte-cultura.com\/de_de\/wp-json\/wp\/v2\/comments?post=4542"}],"version-history":[{"count":2,"href":"https:\/\/forte-cultura.com\/de_de\/wp-json\/wp\/v2\/pages\/4542\/revisions"}],"predecessor-version":[{"id":4544,"href":"https:\/\/forte-cultura.com\/de_de\/wp-json\/wp\/v2\/pages\/4542\/revisions\/4544"}],"up":[{"embeddable":true,"href":"https:\/\/forte-cultura.com\/de_de\/wp-json\/wp\/v2\/pages\/1892"}],"wp:featuredmedia":[{"embeddable":true,"href":"https:\/\/forte-cultura.com\/de_de\/wp-json\/wp\/v2\/media\/3339"}],"wp:attachment":[{"href":"https:\/\/forte-cultura.com\/de_de\/wp-json\/wp\/v2\/media?parent=4542"}],"curies":[{"name":"wp","href":"https:\/\/api.w.org\/{rel}","templated":true}]}}