{"id":2117,"date":"2024-01-25T14:48:13","date_gmt":"2024-01-25T13:48:13","guid":{"rendered":"https:\/\/forte-cultura.com\/?page_id=2117"},"modified":"2024-02-24T15:30:26","modified_gmt":"2024-02-24T14:30:26","slug":"befestigte-burg","status":"publish","type":"page","link":"https:\/\/forte-cultura.com\/de_de\/kulturerbe-festungsmonumente\/geschichte-des-festungsbaus\/festungsbau-vom-15-19-jahrhundert\/befestigte-burg\/","title":{"rendered":"Befestigte Burg"},"content":{"rendered":"\n<h2 class=\"wp-block-heading has-custom-farbe-1-color has-text-color has-link-color has-large-font-size eplus-wrapper wp-elements-80ce13a256d005df0c53cc90f4a3682c\"><strong>Modernisierung mittelalterlicher Wehranlagen<\/strong><\/h2>\n\n\n<div class=\"wp-block-columns are-vertically-aligned-center is-not-stacked-on-mobile eplus-wrapper is-layout-flex wp-container-core-columns-is-layout-28f84493 wp-block-columns-is-layout-flex eplus-styles-uid-8d13ca\">\n<div class=\"wp-block-column is-vertically-aligned-center eplus-wrapper is-layout-flow wp-block-column-is-layout-flow\" style=\"flex-basis:10%\">\n<figure class=\" wp-block-image size-full is-resized eplus-wrapper\"><img loading=\"lazy\" decoding=\"async\" width=\"1494\" height=\"1097\" src=\"https:\/\/forte-cultura.com\/wp-content\/uploads\/burg_mittel.png\" alt=\"\" class=\"wp-image-1905\" style=\"width:60px;height:auto\" srcset=\"https:\/\/forte-cultura.com\/wp-content\/uploads\/burg_mittel.png 1494w, https:\/\/forte-cultura.com\/wp-content\/uploads\/burg_mittel-300x220.png 300w, https:\/\/forte-cultura.com\/wp-content\/uploads\/burg_mittel-1024x752.png 1024w, https:\/\/forte-cultura.com\/wp-content\/uploads\/burg_mittel-768x564.png 768w, https:\/\/forte-cultura.com\/wp-content\/uploads\/burg_mittel-16x12.png 16w, https:\/\/forte-cultura.com\/wp-content\/uploads\/burg_mittel-200x147.png 200w\" sizes=\"auto, (max-width: 1494px) 100vw, 1494px\" \/><\/figure>\n<\/div>\n\n\n\n<div class=\"wp-block-column is-vertically-aligned-center eplus-wrapper is-layout-flow wp-block-column-is-layout-flow\" style=\"flex-basis:90%\">\n<p class=\" has-small-font-size eplus-wrapper\">Mittelalterliche Burg, die nach Aufkommen der Feuerwaffen mit neuzeitlichen Festungsbauwerken erg\u00e4nzt oder umgebaut wurde.<br><em>Bsp. Titelbild: Reichsburg Trifels (DE)<\/em><\/p>\n<\/div>\n<\/div>\n\n\n<p class=\" eplus-wrapper\">Im tausend Jahre w\u00e4hrenden Mittelalter dominierten Pfeil und Bogen, w\u00e4hrend ab dem 15. Jahrhundert kriegerische Konflikte mit Kanonen und Handfeuerwaffen ausgetragen wurden. Die Wehranlagen der Burgen waren dem nicht mehr gewachsen. Viele Burgherren in Zentraleuropa sahen sich gezwungen, ihre Burgw\u00e4lle und T\u00fcrme soweit umzubauen, dass Kanonen aufgestellt und Feuerwaffen eingesetzt werden konnten. Der bastion\u00e4re Festungsbau hielt Einzug in die historischen Anlagen.<\/p>\n\n\n\n<p class=\" eplus-wrapper\">So entstanden interessante Kombinationen von mittelalterlicher und neuzeitlicher Festungsarchitektur, die oftmals auf den ersten Blick nicht erkennbar sind. Viele befestigte Burgen befinden sich in S\u00fcdost-Polen oder Baden-W\u00fcrttemberg. Noch vor 150 Jahren errichtete die Hohenzollern-Dynastie der deutschen Kaiser ihren Familiensitz <strong>Burg Zollern-Alb<\/strong> als letzte befestigte Burganlage. Heute ein Besuchermagnet mit wundervollem Blick \u00fcber das Schwabenland.<\/p>\n\n\n\n<p class=\" eplus-wrapper\">Besonders im heutigen \u00d6sterreich, Ungarn und der Slowakei brachten die jahrhundertelangen K\u00e4mpfe mit den T\u00fcrken stark befestigte Burgen hervor, z.B. <strong>Burg Forchtenstein (AT), Burg Nitra (SK) oder Burg Holl\u00f3k\u0151 (HU).<\/strong> Aber auch andernorts wurden Burgen ausgebaut und verst\u00e4rkt, wie <strong>Burg Hochosterwitz (AT)<\/strong> oder <strong>Burg Breuberg (DE)<\/strong>.<\/p>\n\n\n\n<div style=\"height:20px\" aria-hidden=\"true\" class=\" wp-block-spacer eplus-wrapper\"><\/div>\n\n\n\n<h4 class=\"wp-block-heading has-text-align-center has-custom-farbe-1-color has-text-color has-link-color eplus-wrapper wp-elements-e9a1346a7c3707e392e984e4f1099bf5\">Mit FORTE CULTURA befestigte Burgen entdecken<\/h4>\n\n\n\n<hr class=\"is-style-wide wp-block-separator aligncenter has-text-color has-custom-farbe-1-color has-alpha-channel-opacity has-custom-farbe-1-background-color has-background eplus-wrapper\"\/>\n\n\n<div  class=\"ultp-post-grid-block wp-block-ultimate-post-post-grid-1 ultp-block-5274cb\"><div class=\"ultp-block-wrapper\"><div class=\"ultp-loading\"><div class=\"ultp-loading-blocks\" style=\"width:100%;height:100%;\"><div style=\"left: 0;top: 0;animation-delay:0s;\"><\/div><div style=\"left: 21px;top: 0;animation-delay:0.125s;\"><\/div><div style=\"left: 42px;top: 0;animation-delay:0.25s;\"><\/div><div style=\"left: 0;top: 21px;animation-delay:0.875s;\"><\/div><div style=\"left: 42px;top: 21px;animation-delay:0.375s;\"><\/div><div style=\"left: 0;top: 42px;animation-delay:0.75s;\"><\/div><div style=\"left: 42px;top: 42px;animation-delay:0.625s;\"><\/div><div style=\"left: 21px;top: 42px;animation-delay:0.5s;\"><\/div><\/div><\/div><div class=\"ultp-block-items-wrap ultp-block-row ultp-pg1a-style1 ultp-grid1-responsive ultp-block-column-4 1 ultp-xs-column-1 ultp-layout1\"><div class=\"ultp-block-item post-id-2073\"><div class=\"ultp-block-content-wrap\"><div class=\"ultp-block-image ultp-block-image-opacity\"><a href=\"https:\/\/forte-cultura.com\/de_de\/dahn-de\/\" ><img decoding=\"async\"  class=\"ultp-block-image-content\"  alt=\"Dahn (DE)\"  src=\"https:\/\/forte-cultura.com\/wp-content\/uploads\/Dahner-Burgen-870x570.png\" \/><\/a><\/div><div class=\"ultp-block-content\"><h3 class=\"ultp-block-title \"><a href=\"https:\/\/forte-cultura.com\/de_de\/dahn-de\/\" >Dahn (DE)<\/a><\/h3><\/div><\/div><\/div><div class=\"ultp-block-item post-id-2056\"><div class=\"ultp-block-content-wrap\"><div class=\"ultp-block-image ultp-block-image-opacity\"><a href=\"https:\/\/forte-cultura.com\/de_de\/klingenmuenster-de\/\" ><img decoding=\"async\"  class=\"ultp-block-image-content\"  alt=\"Klingenm\u00fcnster (DE)\"  src=\"https:\/\/forte-cultura.com\/wp-content\/uploads\/Burgruine-Landeck-870x570.png\" \/><\/a><\/div><div class=\"ultp-block-content\"><h3 class=\"ultp-block-title \"><a href=\"https:\/\/forte-cultura.com\/de_de\/klingenmuenster-de\/\" >Klingenm\u00fcnster (DE)<\/a><\/h3><\/div><\/div><\/div><div class=\"ultp-block-item post-id-1829\"><div class=\"ultp-block-content-wrap\"><div class=\"ultp-block-image ultp-block-image-opacity\"><a href=\"https:\/\/forte-cultura.com\/de_de\/landstuhl-de\/\" ><img decoding=\"async\"  class=\"ultp-block-image-content\"  alt=\"Landstuhl (DE)\"  src=\"https:\/\/forte-cultura.com\/wp-content\/uploads\/Nanstein-870x570.jpg\" \/><\/a><\/div><div class=\"ultp-block-content\"><h3 class=\"ultp-block-title \"><a href=\"https:\/\/forte-cultura.com\/de_de\/landstuhl-de\/\" >Landstuhl (DE)<\/a><\/h3><\/div><\/div><\/div><div class=\"ultp-block-item post-id-1826\"><div class=\"ultp-block-content-wrap\"><div class=\"ultp-block-image ultp-block-image-opacity\"><a href=\"https:\/\/forte-cultura.com\/de_de\/annweiler-de\/\" ><img decoding=\"async\"  class=\"ultp-block-image-content\"  alt=\"Annweiler (DE)\"  src=\"https:\/\/forte-cultura.com\/wp-content\/uploads\/Trifels-870x570.jpg\" \/><\/a><\/div><div class=\"ultp-block-content\"><h3 class=\"ultp-block-title \"><a href=\"https:\/\/forte-cultura.com\/de_de\/annweiler-de\/\" >Annweiler (DE)<\/a><\/h3><\/div><\/div><\/div><div class=\"ultp-block-item post-id-1823\"><div class=\"ultp-block-content-wrap\"><div class=\"ultp-block-image ultp-block-image-opacity\"><a href=\"https:\/\/forte-cultura.com\/de_de\/kaub-de\/\" ><img decoding=\"async\"  class=\"ultp-block-image-content\"  alt=\"Kaub (DE)\"  src=\"https:\/\/forte-cultura.com\/wp-content\/uploads\/Pfalzgrafenstein-870x570.jpg\" \/><\/a><\/div><div class=\"ultp-block-content\"><h3 class=\"ultp-block-title \"><a href=\"https:\/\/forte-cultura.com\/de_de\/kaub-de\/\" >Kaub (DE)<\/a><\/h3><\/div><\/div><\/div><div class=\"ultp-block-item post-id-1817\"><div class=\"ultp-block-content-wrap\"><div class=\"ultp-block-image ultp-block-image-opacity\"><a href=\"https:\/\/forte-cultura.com\/de_de\/pelm-de\/\" ><img decoding=\"async\"  class=\"ultp-block-image-content\"  alt=\"Pelm (DE)\"  src=\"https:\/\/forte-cultura.com\/wp-content\/uploads\/Kasselburg-870x570.jpg\" \/><\/a><\/div><div class=\"ultp-block-content\"><h3 class=\"ultp-block-title \"><a href=\"https:\/\/forte-cultura.com\/de_de\/pelm-de\/\" >Pelm (DE)<\/a><\/h3><\/div><\/div><\/div><div class=\"ultp-block-item post-id-1812\"><div class=\"ultp-block-content-wrap\"><div class=\"ultp-block-image ultp-block-image-opacity\"><a href=\"https:\/\/forte-cultura.com\/de_de\/muerlenbach-de\/\" ><img decoding=\"async\"  class=\"ultp-block-image-content\"  alt=\"M\u00fcrlenbach (DE)\"  src=\"https:\/\/forte-cultura.com\/wp-content\/uploads\/Bertradaburg_Dominik-Ketz-870x570.jpg\" \/><\/a><\/div><div class=\"ultp-block-content\"><h3 class=\"ultp-block-title \"><a href=\"https:\/\/forte-cultura.com\/de_de\/muerlenbach-de\/\" >M\u00fcrlenbach (DE)<\/a><\/h3><\/div><\/div><\/div><\/div><\/div><div class=\"pagination-block-html\" aria-hidden=\"true\" style=\"display: none;\"><\/div><\/div>\n\n\n<hr class=\"is-style-wide wp-block-separator aligncenter has-text-color has-custom-farbe-1-color has-alpha-channel-opacity has-custom-farbe-1-background-color has-background eplus-wrapper\"\/>\n\n\n<div id=\"travelersmap-container-69e4c24381f1b\" class=\"travelersmap-container\" style=\"z-index: 1; min-height: 10px; min-width:10px; height:600px;width:100%; max-width:1280px; max-height:500px; position:relative;\"><div style=\"position:absolute; z-index:-1;top: 50%;text-align: center;display: block;left: 50%;transform: translate(-50%,-50%);\">Travelers' Map wird geladen &hellip;<br>Wenn du dies siehst, nachdem deine Seite vollst\u00e4ndig geladen wurde, fehlen leafletJS-Dateien.<\/div><\/div>\n\n\n\n<div style=\"height:20px\" aria-hidden=\"true\" class=\" wp-block-spacer eplus-wrapper\"><\/div>\n\n\n\n<hr class=\"is-style-wide wp-block-separator has-text-color has-custom-farbe-1-color has-alpha-channel-opacity has-custom-farbe-1-background-color has-background eplus-wrapper\"\/>\n\n\n\n<div class=\"wp-block-group alignwide has-border-color has-custom-farbe-1-border-color has-custom-verlauf-1-gradient-background has-text-color has-background eplus-wrapper is-layout-flow wp-block-group-is-layout-flow\" style=\"border-width:1px;border-radius:10px;color:#000000\">\n<div style=\"height:12px\" aria-hidden=\"true\" class=\" wp-block-spacer eplus-wrapper\"><\/div>\n\n\n\n<p class=\" has-text-align-center has-heading-font-family has-large-font-size eplus-wrapper\"><a href=\"https:\/\/forte-cultura.com\/forte-cultura-reisewelt\/burgen-schloesser-und-festungen-im-elsass-fr\/\" data-type=\"page\" data-id=\"2605\">Burgen, Festungen und Geschichte im Elsass (FR) entdecken.<\/a><\/p>\n\n\n\n<div style=\"height:12px\" aria-hidden=\"true\" class=\" wp-block-spacer eplus-wrapper\"><\/div>\n<\/div>\n\n\n\n<hr class=\"is-style-wide wp-block-separator has-text-color has-custom-farbe-1-color has-alpha-channel-opacity has-custom-farbe-1-background-color has-background eplus-wrapper\"\/>\n\n\n\n<p class=\" has-medium-font-size eplus-wrapper\"><a href=\"https:\/\/forte-cultura.com\/kulturerbe-festungsmonumente\/geschichte-des-festungsbaus\/festungsbau-vom-15-19-jahrhundert\/\">Festungsbau vom 15.-19. Jahrhundert<\/a><\/p>\n\n\n\n<div style=\"margin-top:0;margin-bottom:0;height:20px\" aria-hidden=\"true\" class=\" wp-block-spacer eplus-wrapper\"><\/div>\n\n\n<div id=\"mega-menu-wrap-max_mega_menu_2\" class=\"mega-menu-wrap\"><div class=\"mega-menu-toggle\"><div class=\"mega-toggle-blocks-left\"><\/div><div class=\"mega-toggle-blocks-center\"><\/div><div class=\"mega-toggle-blocks-right\"><div class='mega-toggle-block mega-menu-toggle-animated-block mega-toggle-block-0' id='mega-toggle-block-0'><button aria-label=\"Toggle Menu\" class=\"mega-toggle-animated mega-toggle-animated-slider\" type=\"button\" aria-haspopup=\"true\" aria-expanded=\"false\" aria-controls=\"mega-menu-max_mega_menu_2\">\n                  <span class=\"mega-toggle-animated-box\">\n                    <span class=\"mega-toggle-animated-inner\"><\/span>\n                  <\/span>\n                <\/button><\/div><\/div><\/div><ul id=\"mega-menu-max_mega_menu_2\" class=\"mega-menu max-mega-menu mega-menu-horizontal mega-no-js\" data-event=\"hover_intent\" data-effect=\"fade_up\" data-effect-speed=\"200\" data-effect-mobile=\"disabled\" data-effect-speed-mobile=\"0\" data-mobile-force-width=\"false\" data-second-click=\"go\" data-document-click=\"collapse\" data-vertical-behaviour=\"standard\" data-breakpoint=\"768\" data-unbind=\"true\" data-mobile-state=\"collapse_all\" data-mobile-direction=\"vertical\" data-hover-intent-timeout=\"300\" data-hover-intent-interval=\"100\"><li class=\"mega-menu-item mega-menu-item-type-post_type mega-menu-item-object-page mega-align-bottom-left mega-menu-flyout mega-menu-item-2026\" id=\"mega-menu-item-2026\"><a class=\"mega-menu-link\" href=\"https:\/\/forte-cultura.com\/de_de\/kulturerbe-festungsmonumente\/geschichte-des-festungsbaus\/festungsbau-vom-15-19-jahrhundert\/einzelfestungen\/\">Einzelfestungen<\/a><\/li><li class=\"mega-menu-item mega-menu-item-type-post_type mega-menu-item-object-page mega-align-bottom-left mega-menu-flyout mega-menu-item-2025\" id=\"mega-menu-item-2025\"><a class=\"mega-menu-link\" href=\"https:\/\/forte-cultura.com\/de_de\/kulturerbe-festungsmonumente\/geschichte-des-festungsbaus\/festungsbau-vom-15-19-jahrhundert\/befestigte-stadt\/\">Befestigte Stadt<\/a><\/li><li class=\"mega-menu-item mega-menu-item-type-post_type mega-menu-item-object-page mega-align-bottom-left mega-menu-flyout mega-menu-item-2024\" id=\"mega-menu-item-2024\"><a class=\"mega-menu-link\" href=\"https:\/\/forte-cultura.com\/de_de\/kulturerbe-festungsmonumente\/geschichte-des-festungsbaus\/festungsbau-vom-15-19-jahrhundert\/befestigte-idealstadt\/\">Befestigte Idealstadt<\/a><\/li><li class=\"mega-menu-item mega-menu-item-type-post_type mega-menu-item-object-page mega-align-bottom-left mega-menu-flyout mega-menu-item-2113\" id=\"mega-menu-item-2113\"><a class=\"mega-menu-link\" href=\"https:\/\/forte-cultura.com\/de_de\/kulturerbe-festungsmonumente\/geschichte-des-festungsbaus\/festungsbau-vom-15-19-jahrhundert\/zitadellen\/\">Zitadellen<\/a><\/li><li class=\"mega-menu-item mega-menu-item-type-post_type mega-menu-item-object-page mega-align-bottom-left mega-menu-flyout mega-menu-item-2120\" id=\"mega-menu-item-2120\"><a class=\"mega-menu-link\" href=\"https:\/\/forte-cultura.com\/de_de\/kulturerbe-festungsmonumente\/geschichte-des-festungsbaus\/festungsbau-vom-15-19-jahrhundert\/befestigte-burg\/\">Befestigte Burg<\/a><\/li><li class=\"mega-menu-item mega-menu-item-type-post_type mega-menu-item-object-page mega-align-bottom-left mega-menu-flyout mega-menu-item-2148\" id=\"mega-menu-item-2148\"><a class=\"mega-menu-link\" href=\"https:\/\/forte-cultura.com\/de_de\/kulturerbe-festungsmonumente\/geschichte-des-festungsbaus\/festungsbau-vom-15-19-jahrhundert\/befestigtes-schloss\/\">Befestigtes Schloss<\/a><\/li><li class=\"mega-menu-item mega-menu-item-type-post_type mega-menu-item-object-page mega-align-bottom-left mega-menu-flyout mega-menu-item-2147\" id=\"mega-menu-item-2147\"><a class=\"mega-menu-link\" href=\"https:\/\/forte-cultura.com\/de_de\/kulturerbe-festungsmonumente\/geschichte-des-festungsbaus\/festungsbau-vom-15-19-jahrhundert\/grossfestungen\/\">Gro\u00dffestungen<\/a><\/li><li class=\"mega-menu-item mega-menu-item-type-post_type mega-menu-item-object-page mega-align-bottom-left mega-menu-flyout mega-menu-item-2154\" id=\"mega-menu-item-2154\"><a class=\"mega-menu-link\" href=\"https:\/\/forte-cultura.com\/de_de\/kulturerbe-festungsmonumente\/geschichte-des-festungsbaus\/festungsbau-vom-15-19-jahrhundert\/verteidigungslinien\/\">Verteidigungslinien 15.-19. Jh.<\/a><\/li><\/ul><\/div>\n\n\n<div style=\"height:20px\" aria-hidden=\"true\" class=\" wp-block-spacer eplus-wrapper\"><\/div>\n","protected":false},"excerpt":{"rendered":"<p>Modernisierung mittelalterlicher Wehranlagen Mittelalterliche Burg, die nach Aufkommen der Feuerwaffen mit neuzeitlichen Festungsbauwerken erg\u00e4nzt oder umgebaut wurde.Bsp. Titelbild: Reichsburg Trifels (DE) Im tausend Jahre w\u00e4hrenden Mittelalter dominierten Pfeil und Bogen, [&hellip;]<\/p>\n","protected":false},"author":1,"featured_media":2054,"parent":1963,"menu_order":5,"comment_status":"closed","ping_status":"closed","template":"","meta":{"editor_plus_copied_stylings":"{}","pgc_sgb_lightbox_settings":"","_price":"","_stock":"","_tribe_ticket_header":"","_tribe_default_ticket_provider":"","_tribe_ticket_capacity":"0","_ticket_start_date":"","_ticket_end_date":"","_tribe_ticket_show_description":"","_tribe_ticket_show_not_going":false,"_tribe_ticket_use_global_stock":"","_tribe_ticket_global_stock_level":"","_global_stock_mode":"","_global_stock_cap":"","_tribe_rsvp_for_event":"","_tribe_ticket_going_count":"","_tribe_ticket_not_going_count":"","_tribe_tickets_list":"[]","_tribe_ticket_has_attendee_info_fields":false,"_EventAllDay":false,"_EventTimezone":"","_EventStartDate":"","_EventEndDate":"","_EventStartDateUTC":"","_EventEndDateUTC":"","_EventShowMap":false,"_EventShowMapLink":false,"_EventURL":"","_EventCost":"","_EventCostDescription":"","_EventCurrencySymbol":"","_EventCurrencyCode":"","_EventCurrencyPosition":"","_EventDateTimeSeparator":"","_EventTimeRangeSeparator":"","_EventOrganizerID":[],"_EventVenueID":[],"_OrganizerEmail":"","_OrganizerPhone":"","_OrganizerWebsite":"","_VenueAddress":"","_VenueCity":"","_VenueCountry":"","_VenueProvince":"","_VenueState":"","_VenueZip":"","_VenuePhone":"","_VenueURL":"","_VenueStateProvince":"","_VenueLat":"","_VenueLng":"","_VenueShowMap":false,"_VenueShowMapLink":false,"footnotes":""},"class_list":["post-2117","page","type-page","status-publish","has-post-thumbnail","hentry"],"_links":{"self":[{"href":"https:\/\/forte-cultura.com\/de_de\/wp-json\/wp\/v2\/pages\/2117","targetHints":{"allow":["GET"]}}],"collection":[{"href":"https:\/\/forte-cultura.com\/de_de\/wp-json\/wp\/v2\/pages"}],"about":[{"href":"https:\/\/forte-cultura.com\/de_de\/wp-json\/wp\/v2\/types\/page"}],"author":[{"embeddable":true,"href":"https:\/\/forte-cultura.com\/de_de\/wp-json\/wp\/v2\/users\/1"}],"replies":[{"embeddable":true,"href":"https:\/\/forte-cultura.com\/de_de\/wp-json\/wp\/v2\/comments?post=2117"}],"version-history":[{"count":0,"href":"https:\/\/forte-cultura.com\/de_de\/wp-json\/wp\/v2\/pages\/2117\/revisions"}],"up":[{"embeddable":true,"href":"https:\/\/forte-cultura.com\/de_de\/wp-json\/wp\/v2\/pages\/1963"}],"wp:featuredmedia":[{"embeddable":true,"href":"https:\/\/forte-cultura.com\/de_de\/wp-json\/wp\/v2\/media\/2054"}],"wp:attachment":[{"href":"https:\/\/forte-cultura.com\/de_de\/wp-json\/wp\/v2\/media?parent=2117"}],"curies":[{"name":"wp","href":"https:\/\/api.w.org\/{rel}","templated":true}]}}