{"id":2018,"date":"2024-01-24T13:10:38","date_gmt":"2024-01-24T12:10:38","guid":{"rendered":"https:\/\/forte-cultura.com\/?page_id=2018"},"modified":"2024-01-24T13:42:49","modified_gmt":"2024-01-24T12:42:49","slug":"befestigte-idealstadt","status":"publish","type":"page","link":"https:\/\/forte-cultura.com\/de_de\/kulturerbe-festungsmonumente\/geschichte-des-festungsbaus\/festungsbau-vom-15-19-jahrhundert\/befestigte-idealstadt\/","title":{"rendered":"Befestigte Idealstadt"},"content":{"rendered":"\n<h2 class=\"wp-block-heading has-custom-farbe-1-color has-text-color has-link-color has-large-font-size eplus-wrapper wp-elements-ea8d2623a26f6d0a7af46f7fe47404db\"><strong><strong>Perlen der Festungsbaukunst<\/strong><\/strong><\/h2>\n\n\n<div class=\"wp-block-columns are-vertically-aligned-center is-not-stacked-on-mobile eplus-wrapper is-layout-flex wp-container-core-columns-is-layout-28f84493 wp-block-columns-is-layout-flex eplus-styles-uid-c78ed6\">\n<div class=\"wp-block-column is-vertically-aligned-center eplus-wrapper is-layout-flow wp-block-column-is-layout-flow\" style=\"flex-basis:10%\">\n<figure class=\" wp-block-image size-full is-resized eplus-wrapper\"><img loading=\"lazy\" decoding=\"async\" width=\"831\" height=\"831\" src=\"https:\/\/forte-cultura.com\/wp-content\/uploads\/idealfestung_mittel.png\" alt=\"\" class=\"wp-image-1910\" style=\"width:60px;height:auto\" srcset=\"https:\/\/forte-cultura.com\/wp-content\/uploads\/idealfestung_mittel.png 831w, https:\/\/forte-cultura.com\/wp-content\/uploads\/idealfestung_mittel-300x300.png 300w, https:\/\/forte-cultura.com\/wp-content\/uploads\/idealfestung_mittel-150x150.png 150w, https:\/\/forte-cultura.com\/wp-content\/uploads\/idealfestung_mittel-768x768.png 768w, https:\/\/forte-cultura.com\/wp-content\/uploads\/idealfestung_mittel-12x12.png 12w, https:\/\/forte-cultura.com\/wp-content\/uploads\/idealfestung_mittel-200x200.png 200w, https:\/\/forte-cultura.com\/wp-content\/uploads\/idealfestung_mittel-600x600.png 600w\" sizes=\"auto, (max-width: 831px) 100vw, 831px\" \/><\/figure>\n<\/div>\n\n\n\n<div class=\"wp-block-column is-vertically-aligned-center eplus-wrapper is-layout-flow wp-block-column-is-layout-flow\" style=\"flex-basis:90%\">\n<p class=\" has-small-font-size eplus-wrapper\">Von Milit\u00e4rarchitekten und -ingenieuren absolutistischer F\u00fcrsten in der Renaissance geplante Milit\u00e4rstadt mit sternf\u00f6rmiger oder schachbrettartiger Geometrie der Stra\u00dfen und der umgebenden Festungsbauwerke.<br><em>Bsp. Titelbild: Befestigte Idealstadt Theresienstadt, Terez\u00edn (CZ)<\/em><\/p>\n<\/div>\n<\/div>\n\n\n<p class=\" eplus-wrapper\">Die Planung und Neuerrichtung von vollst\u00e4ndigen befestigten St\u00e4dten mit streng geometrischem Grundriss geh\u00f6rte zu den au\u00dfergew\u00f6hnlichsten Leistungen von Milit\u00e4rstrategen des 16. bis 18. Jahrhunderts. Die bereits bei Griechen bekannten und von R\u00f6mern h\u00e4ufig praktizierten regul\u00e4ren \/ idealen Stadtgeometrien wurden mit den neuzeitlichen Bastionssystemen zu hoch effektiven Stadtfestungen entwickelt.<\/p>\n\n\n\n<p class=\" eplus-wrapper\">Ob sternf\u00f6rmig angelegt, wie die Renaissancest\u00e4dte <strong>Palmanova<\/strong> (Italien) und <strong>Neuf Brisach\/ Neu Breisach<\/strong> (Frankreich) oder rechteckig, wie die St\u00e4dte <strong>Terezin\/Theresienstadt<\/strong> (Tschechische Republik), <strong>Zamosc<\/strong> (Polen) oder <strong>La Valetta<\/strong> (Malta), alle folgen den gleichen Regeln: die Kasernen liegen in Randlage, ein gro\u00dfer Platz bildet das Stadtzentrum, an dem sich die zivile und die milit\u00e4rische F\u00fchrung befanden.<\/p>\n\n\n\n<p class=\" eplus-wrapper\">Die ideale Festungsstadt vereinigte das Milit\u00e4r mit allen erforderlichen zivilen Handwerks- und Dienstleistungen in effektivster Weise. Schnurgerade Stra\u00dfen vermitteln die Harmonie der Gesamtstruktur. Ihre markanten Blickachsen, stilechten Silhouetten und oft gut erhaltenen Verteidigungsanlagen stellen bis heute ein beeindruckendes Gesamtkunstwerk dar. Diese wundervoll ebenm\u00e4\u00dfigen Anlagen mit einem au\u00dfergew\u00f6hnlichen Stadtbild sind heute buchst\u00e4blich die \u201eStars\u201c der Festungsarchitektur. Viele davon geh\u00f6ren zum UNESCO Weltkulturerbe.<\/p>\n\n\n\n<div style=\"height:20px\" aria-hidden=\"true\" class=\" wp-block-spacer eplus-wrapper\"><\/div>\n\n\n\n<h4 class=\"wp-block-heading has-text-align-center has-custom-farbe-1-color has-text-color has-link-color eplus-wrapper wp-elements-a2842b8df742913c5e3abe709ace8e30\">Mit FORTE CULTURA befestigte Idealst\u00e4dte entdecken<\/h4>\n\n\n\n<hr class=\"is-style-wide wp-block-separator aligncenter has-text-color has-custom-farbe-1-color has-alpha-channel-opacity has-custom-farbe-1-background-color has-background eplus-wrapper\"\/>\n\n\n<div  class=\"ultp-post-grid-block wp-block-ultimate-post-post-grid-1 ultp-block-7e9900\"><div class=\"ultp-block-wrapper\"><div class=\"ultp-loading\"><div class=\"ultp-loading-blocks\" style=\"width:100%;height:100%;\"><div style=\"left: 0;top: 0;animation-delay:0s;\"><\/div><div style=\"left: 21px;top: 0;animation-delay:0.125s;\"><\/div><div style=\"left: 42px;top: 0;animation-delay:0.25s;\"><\/div><div style=\"left: 0;top: 21px;animation-delay:0.875s;\"><\/div><div style=\"left: 42px;top: 21px;animation-delay:0.375s;\"><\/div><div style=\"left: 0;top: 42px;animation-delay:0.75s;\"><\/div><div style=\"left: 42px;top: 42px;animation-delay:0.625s;\"><\/div><div style=\"left: 21px;top: 42px;animation-delay:0.5s;\"><\/div><\/div><\/div><div class=\"ultp-block-items-wrap ultp-block-row ultp-pg1a-style1 ultp-grid1-responsive ultp-block-column-4 1 ultp-xs-column-1 ultp-layout1\"><div class=\"ultp-block-item post-id-3326\"><div class=\"ultp-block-content-wrap\"><div class=\"ultp-block-image ultp-block-image-opacity\"><a href=\"https:\/\/forte-cultura.com\/de_de\/daugavpils-lv\/\" ><img decoding=\"async\"  class=\"ultp-block-image-content\"  alt=\"Daugavpils (LV)\"  src=\"https:\/\/forte-cultura.com\/wp-content\/uploads\/DC_Daugavpils.Travel_240530_1-870x570.jpg\" \/><\/a><\/div><div class=\"ultp-block-content\"><h3 class=\"ultp-block-title \"><a href=\"https:\/\/forte-cultura.com\/de_de\/daugavpils-lv\/\" >Daugavpils (LV)<\/a><\/h3><\/div><\/div><\/div><div class=\"ultp-block-item post-id-1257\"><div class=\"ultp-block-content-wrap\"><div class=\"ultp-block-image ultp-block-image-opacity\"><a href=\"https:\/\/forte-cultura.com\/de_de\/sabbioneta-it_de\/\" ><img decoding=\"async\"  class=\"ultp-block-image-content\"  alt=\"Sabbioneta (IT)\"  src=\"https:\/\/forte-cultura.com\/wp-content\/uploads\/Pagina_Natura_e_territorio-thumbnail-2000x1200-100-870x570.jpg\" \/><\/a><\/div><div class=\"ultp-block-content\"><h3 class=\"ultp-block-title \"><a href=\"https:\/\/forte-cultura.com\/de_de\/sabbioneta-it_de\/\" >Sabbioneta (IT)<\/a><\/h3><\/div><\/div><\/div><div class=\"ultp-block-item post-id-1035\"><div class=\"ultp-block-content-wrap\"><div class=\"ultp-block-image ultp-block-image-opacity\"><a href=\"https:\/\/forte-cultura.com\/de_de\/terezin-cz\/\" ><img decoding=\"async\"  class=\"ultp-block-image-content\"  alt=\"Terez\u00edn (CZ)\"  src=\"https:\/\/forte-cultura.com\/wp-content\/uploads\/Terezin-870x570.jpg\" \/><\/a><\/div><div class=\"ultp-block-content\"><h3 class=\"ultp-block-title \"><a href=\"https:\/\/forte-cultura.com\/de_de\/terezin-cz\/\" >Terez\u00edn (CZ)<\/a><\/h3><\/div><\/div><\/div><div class=\"ultp-block-item post-id-701\"><div class=\"ultp-block-content-wrap\"><div class=\"ultp-block-image ultp-block-image-opacity\"><a href=\"https:\/\/forte-cultura.com\/de_de\/josefov-cz\/\" ><img decoding=\"async\"  class=\"ultp-block-image-content\"  alt=\"Josefov (CZ)\"  src=\"https:\/\/forte-cultura.com\/wp-content\/uploads\/2023\/11\/Jaromer_Josefov-870x570.jpg\" \/><\/a><\/div><div class=\"ultp-block-content\"><h3 class=\"ultp-block-title \"><a href=\"https:\/\/forte-cultura.com\/de_de\/josefov-cz\/\" >Josefov (CZ)<\/a><\/h3><\/div><\/div><\/div><div class=\"ultp-block-item post-id-587\"><div class=\"ultp-block-content-wrap\"><div class=\"ultp-block-image ultp-block-image-opacity\"><a href=\"https:\/\/forte-cultura.com\/de_de\/doemitz-de\/\" ><img decoding=\"async\"  class=\"ultp-block-image-content\"  alt=\"D\u00f6mitz (DE)\"  src=\"https:\/\/forte-cultura.com\/wp-content\/uploads\/2023\/11\/doemitz-3-870x570.jpg\" \/><\/a><\/div><div class=\"ultp-block-content\"><h3 class=\"ultp-block-title \"><a href=\"https:\/\/forte-cultura.com\/de_de\/doemitz-de\/\" >D\u00f6mitz (DE)<\/a><\/h3><\/div><\/div><\/div><\/div><\/div><div class=\"pagination-block-html\" aria-hidden=\"true\" style=\"display: none;\"><\/div><\/div>\n\n\n<hr class=\"is-style-wide wp-block-separator aligncenter has-text-color has-custom-farbe-1-color has-alpha-channel-opacity has-custom-farbe-1-background-color has-background eplus-wrapper\"\/>\n\n\n<div id=\"travelersmap-container-69e4c1f4d6bbb\" class=\"travelersmap-container\" style=\"z-index: 1; min-height: 10px; min-width:10px; height:600px;width:100%; max-width:1280px; max-height:500px; position:relative;\"><div style=\"position:absolute; z-index:-1;top: 50%;text-align: center;display: block;left: 50%;transform: translate(-50%,-50%);\">Travelers' Map wird geladen &hellip;<br>Wenn du dies siehst, nachdem deine Seite vollst\u00e4ndig geladen wurde, fehlen leafletJS-Dateien.<\/div><\/div>\n\n\n\n<div style=\"height:20px\" aria-hidden=\"true\" class=\" wp-block-spacer eplus-wrapper\"><\/div>\n\n\n\n<p class=\" has-medium-font-size eplus-wrapper\"><a href=\"https:\/\/forte-cultura.com\/kulturerbe-festungsmonumente\/geschichte-des-festungsbaus\/festungsbau-vom-15-19-jahrhundert\/\">Festungsbau vom 15.-19. Jahrhundert<\/a><\/p>\n\n\n\n<div style=\"margin-top:0;margin-bottom:0;height:20px\" aria-hidden=\"true\" class=\" wp-block-spacer eplus-wrapper\"><\/div>\n\n\n<div id=\"mega-menu-wrap-max_mega_menu_2\" class=\"mega-menu-wrap\"><div class=\"mega-menu-toggle\"><div class=\"mega-toggle-blocks-left\"><\/div><div class=\"mega-toggle-blocks-center\"><\/div><div class=\"mega-toggle-blocks-right\"><div class='mega-toggle-block mega-menu-toggle-animated-block mega-toggle-block-0' id='mega-toggle-block-0'><button aria-label=\"Toggle Menu\" class=\"mega-toggle-animated mega-toggle-animated-slider\" type=\"button\" aria-haspopup=\"true\" aria-expanded=\"false\" aria-controls=\"mega-menu-max_mega_menu_2\">\n                  <span class=\"mega-toggle-animated-box\">\n                    <span class=\"mega-toggle-animated-inner\"><\/span>\n                  <\/span>\n                <\/button><\/div><\/div><\/div><ul id=\"mega-menu-max_mega_menu_2\" class=\"mega-menu max-mega-menu mega-menu-horizontal mega-no-js\" data-event=\"hover_intent\" data-effect=\"fade_up\" data-effect-speed=\"200\" data-effect-mobile=\"disabled\" data-effect-speed-mobile=\"0\" data-mobile-force-width=\"false\" data-second-click=\"go\" data-document-click=\"collapse\" data-vertical-behaviour=\"standard\" data-breakpoint=\"768\" data-unbind=\"true\" data-mobile-state=\"collapse_all\" data-mobile-direction=\"vertical\" data-hover-intent-timeout=\"300\" data-hover-intent-interval=\"100\"><li class=\"mega-menu-item mega-menu-item-type-post_type mega-menu-item-object-page mega-align-bottom-left mega-menu-flyout mega-menu-item-2026\" id=\"mega-menu-item-2026\"><a class=\"mega-menu-link\" href=\"https:\/\/forte-cultura.com\/de_de\/kulturerbe-festungsmonumente\/geschichte-des-festungsbaus\/festungsbau-vom-15-19-jahrhundert\/einzelfestungen\/\">Einzelfestungen<\/a><\/li><li class=\"mega-menu-item mega-menu-item-type-post_type mega-menu-item-object-page mega-align-bottom-left mega-menu-flyout mega-menu-item-2025\" id=\"mega-menu-item-2025\"><a class=\"mega-menu-link\" href=\"https:\/\/forte-cultura.com\/de_de\/kulturerbe-festungsmonumente\/geschichte-des-festungsbaus\/festungsbau-vom-15-19-jahrhundert\/befestigte-stadt\/\">Befestigte Stadt<\/a><\/li><li class=\"mega-menu-item mega-menu-item-type-post_type mega-menu-item-object-page mega-align-bottom-left mega-menu-flyout mega-menu-item-2024\" id=\"mega-menu-item-2024\"><a class=\"mega-menu-link\" href=\"https:\/\/forte-cultura.com\/de_de\/kulturerbe-festungsmonumente\/geschichte-des-festungsbaus\/festungsbau-vom-15-19-jahrhundert\/befestigte-idealstadt\/\">Befestigte Idealstadt<\/a><\/li><li class=\"mega-menu-item mega-menu-item-type-post_type mega-menu-item-object-page mega-align-bottom-left mega-menu-flyout mega-menu-item-2113\" id=\"mega-menu-item-2113\"><a class=\"mega-menu-link\" href=\"https:\/\/forte-cultura.com\/de_de\/kulturerbe-festungsmonumente\/geschichte-des-festungsbaus\/festungsbau-vom-15-19-jahrhundert\/zitadellen\/\">Zitadellen<\/a><\/li><li class=\"mega-menu-item mega-menu-item-type-post_type mega-menu-item-object-page mega-align-bottom-left mega-menu-flyout mega-menu-item-2120\" id=\"mega-menu-item-2120\"><a class=\"mega-menu-link\" href=\"https:\/\/forte-cultura.com\/de_de\/kulturerbe-festungsmonumente\/geschichte-des-festungsbaus\/festungsbau-vom-15-19-jahrhundert\/befestigte-burg\/\">Befestigte Burg<\/a><\/li><li class=\"mega-menu-item mega-menu-item-type-post_type mega-menu-item-object-page mega-align-bottom-left mega-menu-flyout mega-menu-item-2148\" id=\"mega-menu-item-2148\"><a class=\"mega-menu-link\" href=\"https:\/\/forte-cultura.com\/de_de\/kulturerbe-festungsmonumente\/geschichte-des-festungsbaus\/festungsbau-vom-15-19-jahrhundert\/befestigtes-schloss\/\">Befestigtes Schloss<\/a><\/li><li class=\"mega-menu-item mega-menu-item-type-post_type mega-menu-item-object-page mega-align-bottom-left mega-menu-flyout mega-menu-item-2147\" id=\"mega-menu-item-2147\"><a class=\"mega-menu-link\" href=\"https:\/\/forte-cultura.com\/de_de\/kulturerbe-festungsmonumente\/geschichte-des-festungsbaus\/festungsbau-vom-15-19-jahrhundert\/grossfestungen\/\">Gro\u00dffestungen<\/a><\/li><li class=\"mega-menu-item mega-menu-item-type-post_type mega-menu-item-object-page mega-align-bottom-left mega-menu-flyout mega-menu-item-2154\" id=\"mega-menu-item-2154\"><a class=\"mega-menu-link\" href=\"https:\/\/forte-cultura.com\/de_de\/kulturerbe-festungsmonumente\/geschichte-des-festungsbaus\/festungsbau-vom-15-19-jahrhundert\/verteidigungslinien\/\">Verteidigungslinien 15.-19. Jh.<\/a><\/li><\/ul><\/div>\n\n\n<div style=\"height:20px\" aria-hidden=\"true\" class=\" wp-block-spacer eplus-wrapper\"><\/div>\n","protected":false},"excerpt":{"rendered":"<p>Perlen der Festungsbaukunst Von Milit\u00e4rarchitekten und -ingenieuren absolutistischer F\u00fcrsten in der Renaissance geplante Milit\u00e4rstadt mit sternf\u00f6rmiger oder schachbrettartiger Geometrie der Stra\u00dfen und der umgebenden Festungsbauwerke.Bsp. Titelbild: Befestigte Idealstadt Theresienstadt, Terez\u00edn [&hellip;]<\/p>\n","protected":false},"author":1,"featured_media":1036,"parent":1963,"menu_order":0,"comment_status":"closed","ping_status":"closed","template":"","meta":{"editor_plus_copied_stylings":"{}","pgc_sgb_lightbox_settings":"","_price":"","_stock":"","_tribe_ticket_header":"","_tribe_default_ticket_provider":"","_tribe_ticket_capacity":"0","_ticket_start_date":"","_ticket_end_date":"","_tribe_ticket_show_description":"","_tribe_ticket_show_not_going":false,"_tribe_ticket_use_global_stock":"","_tribe_ticket_global_stock_level":"","_global_stock_mode":"","_global_stock_cap":"","_tribe_rsvp_for_event":"","_tribe_ticket_going_count":"","_tribe_ticket_not_going_count":"","_tribe_tickets_list":"[]","_tribe_ticket_has_attendee_info_fields":false,"_EventAllDay":false,"_EventTimezone":"","_EventStartDate":"","_EventEndDate":"","_EventStartDateUTC":"","_EventEndDateUTC":"","_EventShowMap":false,"_EventShowMapLink":false,"_EventURL":"","_EventCost":"","_EventCostDescription":"","_EventCurrencySymbol":"","_EventCurrencyCode":"","_EventCurrencyPosition":"","_EventDateTimeSeparator":"","_EventTimeRangeSeparator":"","_EventOrganizerID":[],"_EventVenueID":[],"_OrganizerEmail":"","_OrganizerPhone":"","_OrganizerWebsite":"","_VenueAddress":"","_VenueCity":"","_VenueCountry":"","_VenueProvince":"","_VenueState":"","_VenueZip":"","_VenuePhone":"","_VenueURL":"","_VenueStateProvince":"","_VenueLat":"","_VenueLng":"","_VenueShowMap":false,"_VenueShowMapLink":false,"footnotes":""},"class_list":["post-2018","page","type-page","status-publish","has-post-thumbnail","hentry"],"_links":{"self":[{"href":"https:\/\/forte-cultura.com\/de_de\/wp-json\/wp\/v2\/pages\/2018","targetHints":{"allow":["GET"]}}],"collection":[{"href":"https:\/\/forte-cultura.com\/de_de\/wp-json\/wp\/v2\/pages"}],"about":[{"href":"https:\/\/forte-cultura.com\/de_de\/wp-json\/wp\/v2\/types\/page"}],"author":[{"embeddable":true,"href":"https:\/\/forte-cultura.com\/de_de\/wp-json\/wp\/v2\/users\/1"}],"replies":[{"embeddable":true,"href":"https:\/\/forte-cultura.com\/de_de\/wp-json\/wp\/v2\/comments?post=2018"}],"version-history":[{"count":0,"href":"https:\/\/forte-cultura.com\/de_de\/wp-json\/wp\/v2\/pages\/2018\/revisions"}],"up":[{"embeddable":true,"href":"https:\/\/forte-cultura.com\/de_de\/wp-json\/wp\/v2\/pages\/1963"}],"wp:featuredmedia":[{"embeddable":true,"href":"https:\/\/forte-cultura.com\/de_de\/wp-json\/wp\/v2\/media\/1036"}],"wp:attachment":[{"href":"https:\/\/forte-cultura.com\/de_de\/wp-json\/wp\/v2\/media?parent=2018"}],"curies":[{"name":"wp","href":"https:\/\/api.w.org\/{rel}","templated":true}]}}