{"id":1978,"date":"2024-01-24T11:44:05","date_gmt":"2024-01-24T10:44:05","guid":{"rendered":"https:\/\/forte-cultura.com\/?page_id=1978"},"modified":"2024-01-24T13:56:04","modified_gmt":"2024-01-24T12:56:04","slug":"einzelfestungen","status":"publish","type":"page","link":"https:\/\/forte-cultura.com\/de_de\/kulturerbe-festungsmonumente\/geschichte-des-festungsbaus\/festungsbau-vom-15-19-jahrhundert\/einzelfestungen\/","title":{"rendered":"Einzelfestungen"},"content":{"rendered":"\n<h2 class=\"wp-block-heading has-custom-farbe-1-color has-text-color has-link-color has-large-font-size eplus-wrapper wp-elements-daea68a339687e7949bbbeeb21144cfd\"><strong>Milit\u00e4rische Prachtbauten an exponierten Orten<\/strong><\/h2>\n\n\n<div class=\"wp-block-columns are-vertically-aligned-center is-not-stacked-on-mobile eplus-wrapper is-layout-flex wp-container-core-columns-is-layout-28f84493 wp-block-columns-is-layout-flex eplus-styles-uid-0df894\">\n<div class=\"wp-block-column is-vertically-aligned-center eplus-wrapper is-layout-flow wp-block-column-is-layout-flow\" style=\"flex-basis:10%\">\n<figure class=\" wp-block-image size-full is-resized eplus-wrapper\"><img loading=\"lazy\" decoding=\"async\" width=\"1296\" height=\"1222\" src=\"https:\/\/forte-cultura.com\/wp-content\/uploads\/einzelfestung_mittel.png\" alt=\"\" class=\"wp-image-1907\" style=\"width:60px;height:auto\" srcset=\"https:\/\/forte-cultura.com\/wp-content\/uploads\/einzelfestung_mittel.png 1296w, https:\/\/forte-cultura.com\/wp-content\/uploads\/einzelfestung_mittel-300x283.png 300w, https:\/\/forte-cultura.com\/wp-content\/uploads\/einzelfestung_mittel-1024x966.png 1024w, https:\/\/forte-cultura.com\/wp-content\/uploads\/einzelfestung_mittel-768x724.png 768w, https:\/\/forte-cultura.com\/wp-content\/uploads\/einzelfestung_mittel-13x12.png 13w, https:\/\/forte-cultura.com\/wp-content\/uploads\/einzelfestung_mittel-200x189.png 200w\" sizes=\"auto, (max-width: 1296px) 100vw, 1296px\" \/><\/figure>\n<\/div>\n\n\n\n<div class=\"wp-block-column is-vertically-aligned-center eplus-wrapper is-layout-flow wp-block-column-is-layout-flow\" style=\"flex-basis:90%\">\n<p class=\" has-small-font-size eplus-wrapper\">Allein stehendes milit\u00e4risches Verteidigungsbauwerk, meist bestehend aus Wall, Graben, Bastionen, Gesch\u00fctzst\u00e4nden und milit\u00e4rischen Funktionsgeb\u00e4uden.<br><em>Bsp. Titelbild: Festung K\u00f6nigstein, Sachsen (DE)<\/em><\/p>\n<\/div>\n<\/div>\n\n\n<p class=\" eplus-wrapper\">Bastionierte Einzelfestungen aus der Entstehungszeit zwischen dem 16. und 19. Jahrhundert sind der h\u00e4ufigste Typus von Festungsbauwerken in Zentraleuropa. Sie befinden sich oft an strategisch exponierten Orten wie Gebirgsp\u00e4ssen, Flussm\u00fcndungen, H\u00f6henlagen und K\u00fcsten. Ihre Verteidigungsaufgabe begrenzte sich auf die unmittelbare Reichweite der verf\u00fcgbaren Artillerie. Geometrisch exakt ausgerichtete Wehrsysteme dienten dem Schutz vor feindlichen Feuerwaffen und erm\u00f6glichten den ungehinderten Einsatz der eigenen Schusstechnik.<\/p>\n\n\n\n<p class=\" eplus-wrapper\">Nicht selten entstanden Einzelfestungen auch aus vormaligen Burganlagen, die ausgebaut und weiter befestigt wurden, z.B. die <strong>Festung Rosenberg<\/strong> in Kronach (DE).<\/p>\n\n\n\n<div style=\"height:20px\" aria-hidden=\"true\" class=\" wp-block-spacer eplus-wrapper\"><\/div>\n\n\n\n<h3 class=\"wp-block-heading has-custom-farbe-1-color has-text-color has-link-color has-large-font-size eplus-wrapper wp-elements-613af8d1f478148fd76edbc8cf67afcd\">Vielfalt in Funktion und Architektur<\/h3>\n\n\n\n<p class=\" eplus-wrapper\">Dem Touristen bietet sich in Einzelfestungen heute eine enorme architektonische Vielfalt, Funktionsweise und Erlebniswelt, oft verbunden mit grandiosen Ausblicken auf St\u00e4dte, Landschaften oder Ozeane. Ber\u00fchmte Beispiele sind dabei m\u00e4chtige Bergfestungen, wie die s\u00e4chsische <strong>Festung K\u00f6nigstein<\/strong> (DE) oder die <strong>Festung Rosenau<\/strong> in Rasnov (RO).<\/p>\n\n\n\n<p class=\" eplus-wrapper\">Im zentraleurop\u00e4ischen Flachland sind oftmals Wassergr\u00e4ben als zus\u00e4tzliches Hindernis und Verteidigungselement genutzt worden. Heute bietet sich teilweise eine faszinierende und romantische Szenerie aus Landschaft und Bollwerk, wie in der <strong>Wasserfestung Heldrungen<\/strong> in Th\u00fcringen (DE).<\/p>\n\n\n\n<p class=\" eplus-wrapper\">K\u00fcstenfestungen an Nord- und Ostsee, am Mittelmeer oder Atlantik verbinden den besonderen Reiz des Meeres mit den gewaltigen, ehemals Kanonenbest\u00fcckten Festungsmauern. <\/p>\n\n\n\n<div style=\"height:20px\" aria-hidden=\"true\" class=\" wp-block-spacer eplus-wrapper\"><\/div>\n\n\n\n<h4 class=\"wp-block-heading has-text-align-center has-custom-farbe-1-color has-text-color has-link-color eplus-wrapper wp-elements-e076be805f5f9aa06a7bb225ad03bae7\">Mit FORTE CULTURA Einzelfestungen entdecken<\/h4>\n\n\n\n<hr class=\"is-style-wide wp-block-separator aligncenter has-text-color has-custom-farbe-1-color has-alpha-channel-opacity has-custom-farbe-1-background-color has-background eplus-wrapper\"\/>\n\n\n<div  class=\"ultp-post-grid-block wp-block-ultimate-post-post-grid-1 ultp-block-1e633c\"><div class=\"ultp-block-wrapper\"><div class=\"ultp-loading\"><div class=\"ultp-loading-blocks\" style=\"width:100%;height:100%;\"><div style=\"left: 0;top: 0;animation-delay:0s;\"><\/div><div style=\"left: 21px;top: 0;animation-delay:0.125s;\"><\/div><div style=\"left: 42px;top: 0;animation-delay:0.25s;\"><\/div><div style=\"left: 0;top: 21px;animation-delay:0.875s;\"><\/div><div style=\"left: 42px;top: 21px;animation-delay:0.375s;\"><\/div><div style=\"left: 0;top: 42px;animation-delay:0.75s;\"><\/div><div style=\"left: 42px;top: 42px;animation-delay:0.625s;\"><\/div><div style=\"left: 21px;top: 42px;animation-delay:0.5s;\"><\/div><\/div><\/div><div class=\"ultp-block-items-wrap ultp-block-row ultp-pg1a-style1 ultp-grid1-responsive ultp-block-column-4 1 ultp-xs-column-1 ultp-layout1\"><div class=\"ultp-block-item post-id-3344\"><div class=\"ultp-block-content-wrap\"><div class=\"ultp-block-image ultp-block-image-opacity\"><a href=\"https:\/\/forte-cultura.com\/de_de\/valle-sabbia-it\/\" ><img decoding=\"async\"  class=\"ultp-block-image-content\"  alt=\"Valle Sabbia (IT)\"  src=\"https:\/\/forte-cultura.com\/wp-content\/uploads\/2018-08-05-Rocca_dAnfo-web_\u00a9Superbass-870x570.jpg\" \/><\/a><\/div><div class=\"ultp-block-content\"><h3 class=\"ultp-block-title \"><a href=\"https:\/\/forte-cultura.com\/de_de\/valle-sabbia-it\/\" >Valle Sabbia (IT)<\/a><\/h3><\/div><\/div><\/div><div class=\"ultp-block-item post-id-3318\"><div class=\"ultp-block-content-wrap\"><div class=\"ultp-block-image ultp-block-image-opacity\"><a href=\"https:\/\/forte-cultura.com\/de_de\/suomenlinna-fi\/\" ><img decoding=\"async\"  class=\"ultp-block-image-content\"  alt=\"Seefestung Suomenlinna\"  src=\"https:\/\/forte-cultura.com\/wp-content\/uploads\/suomenlinna-870x570.jpg\" \/><\/a><\/div><div class=\"ultp-block-content\"><h3 class=\"ultp-block-title \"><a href=\"https:\/\/forte-cultura.com\/de_de\/suomenlinna-fi\/\" >Suomenlinna (FI)<\/a><\/h3><\/div><\/div><\/div><div class=\"ultp-block-item post-id-2888\"><div class=\"ultp-block-content-wrap\"><div class=\"ultp-block-image ultp-block-image-opacity\"><a href=\"https:\/\/forte-cultura.com\/de_de\/franzensfeste-it\/\" ><img decoding=\"async\"  class=\"ultp-block-image-content\"  alt=\"Franzensfeste (IT)\"  src=\"https:\/\/forte-cultura.com\/wp-content\/uploads\/Franzensfeste_DR-870x570.jpg\" \/><\/a><\/div><div class=\"ultp-block-content\"><h3 class=\"ultp-block-title \"><a href=\"https:\/\/forte-cultura.com\/de_de\/franzensfeste-it\/\" >Franzensfeste (IT)<\/a><\/h3><\/div><\/div><\/div><div class=\"ultp-block-item post-id-2659\"><div class=\"ultp-block-content-wrap\"><div class=\"ultp-block-image ultp-block-image-opacity\"><a href=\"https:\/\/forte-cultura.com\/de_de\/bard-it\/\" ><img decoding=\"async\"  class=\"ultp-block-image-content\"  alt=\"Bard (IT)\"  src=\"https:\/\/forte-cultura.com\/wp-content\/uploads\/ForteDiBard_Hagai-Agmon-Snir-web-870x570.jpg\" \/><\/a><\/div><div class=\"ultp-block-content\"><h3 class=\"ultp-block-title \"><a href=\"https:\/\/forte-cultura.com\/de_de\/bard-it\/\" >Bard (IT)<\/a><\/h3><\/div><\/div><\/div><div class=\"ultp-block-item post-id-959\"><div class=\"ultp-block-content-wrap\"><div class=\"ultp-block-image ultp-block-image-opacity\"><a href=\"https:\/\/forte-cultura.com\/de_de\/rasnov-ro\/\" ><img decoding=\"async\"  class=\"ultp-block-image-content\"  alt=\"Festung Rosenau, Rasnov (RO)\"  src=\"https:\/\/forte-cultura.com\/wp-content\/uploads\/Rasnov-870x570.jpg\" \/><\/a><\/div><div class=\"ultp-block-content\"><h3 class=\"ultp-block-title \"><a href=\"https:\/\/forte-cultura.com\/de_de\/rasnov-ro\/\" >Rasnov (RO)<\/a><\/h3><\/div><\/div><\/div><div class=\"ultp-block-item post-id-944\"><div class=\"ultp-block-content-wrap\"><div class=\"ultp-block-image ultp-block-image-opacity\"><a href=\"https:\/\/forte-cultura.com\/de_de\/ohrid-mkd\/\" ><img decoding=\"async\"  class=\"ultp-block-image-content\"  alt=\"Samuel&#039;s Festung Ohrid, Nordmazedonien\"  src=\"https:\/\/forte-cultura.com\/wp-content\/uploads\/Ohrid-870x570.jpg\" \/><\/a><\/div><div class=\"ultp-block-content\"><h3 class=\"ultp-block-title \"><a href=\"https:\/\/forte-cultura.com\/de_de\/ohrid-mkd\/\" >Ohrid (MKD)<\/a><\/h3><\/div><\/div><\/div><div class=\"ultp-block-item post-id-916\"><div class=\"ultp-block-content-wrap\"><div class=\"ultp-block-image ultp-block-image-opacity\"><a href=\"https:\/\/forte-cultura.com\/de_de\/medzhybizh-ua\/\" ><img decoding=\"async\"  class=\"ultp-block-image-content\"  alt=\"Medzhybizh (UA)\"  src=\"https:\/\/forte-cultura.com\/wp-content\/uploads\/Medzhybizh1-870x570.jpg\" \/><\/a><\/div><div class=\"ultp-block-content\"><h3 class=\"ultp-block-title \"><a href=\"https:\/\/forte-cultura.com\/de_de\/medzhybizh-ua\/\" >Medzhybizh (UA)<\/a><\/h3><\/div><\/div><\/div><div class=\"ultp-block-item post-id-877\"><div class=\"ultp-block-content-wrap\"><div class=\"ultp-block-image ultp-block-image-opacity\"><a href=\"https:\/\/forte-cultura.com\/de_de\/kronach-de\/\" ><img decoding=\"async\"  class=\"ultp-block-image-content\"  alt=\"Festung Rosenberg, Kronach (DE) \u00a9Otmar Fugmann\"  src=\"https:\/\/forte-cultura.com\/wp-content\/uploads\/Festung-Rosenberg-Kronach-870x570.jpg\" \/><\/a><\/div><div class=\"ultp-block-content\"><h3 class=\"ultp-block-title \"><a href=\"https:\/\/forte-cultura.com\/de_de\/kronach-de\/\" >Kronach (DE)<\/a><\/h3><\/div><\/div><\/div><div class=\"ultp-block-item post-id-804\"><div class=\"ultp-block-content-wrap\"><div class=\"ultp-block-image ultp-block-image-opacity\"><a href=\"https:\/\/forte-cultura.com\/de_de\/koenigstein-sachsen-de\/\" ><img decoding=\"async\"  class=\"ultp-block-image-content\"  alt=\"Festung K\u00f6nigstein, Sachsen (DE) \u00a9fotofestival-sandstein\"  src=\"https:\/\/forte-cultura.com\/wp-content\/uploads\/Koenigstein-westansicht\u00a9fotofestival-sandstein-870x570.jpg\" \/><\/a><\/div><div class=\"ultp-block-content\"><h3 class=\"ultp-block-title \"><a href=\"https:\/\/forte-cultura.com\/de_de\/koenigstein-sachsen-de\/\" >K\u00f6nigstein, Sachsen (DE)<\/a><\/h3><\/div><\/div><\/div><div class=\"ultp-block-item post-id-619\"><div class=\"ultp-block-content-wrap\"><div class=\"ultp-block-image ultp-block-image-opacity\"><a href=\"https:\/\/forte-cultura.com\/de_de\/grauerort-de\/\" ><img decoding=\"async\"  class=\"ultp-block-image-content\"  alt=\"Festung Grauerort\"  src=\"https:\/\/forte-cultura.com\/wp-content\/uploads\/2023\/11\/Grauerort-870x570.jpg\" \/><\/a><\/div><div class=\"ultp-block-content\"><h3 class=\"ultp-block-title \"><a href=\"https:\/\/forte-cultura.com\/de_de\/grauerort-de\/\" >Grauerort (DE)<\/a><\/h3><\/div><\/div><\/div><\/div><\/div><div class=\"pagination-block-html\" aria-hidden=\"true\" style=\"display: none;\"><\/div><\/div>\n\n\n<hr class=\"is-style-wide wp-block-separator aligncenter has-text-color has-custom-farbe-1-color has-alpha-channel-opacity has-custom-farbe-1-background-color has-background eplus-wrapper\"\/>\n\n\n<div id=\"travelersmap-container-69e4c23286e40\" class=\"travelersmap-container\" style=\"z-index: 1; min-height: 10px; min-width:10px; height:600px;width:100%; max-width:1280px; max-height:500px; position:relative;\"><div style=\"position:absolute; z-index:-1;top: 50%;text-align: center;display: block;left: 50%;transform: translate(-50%,-50%);\">Travelers' Map wird geladen &hellip;<br>Wenn du dies siehst, nachdem deine Seite vollst\u00e4ndig geladen wurde, fehlen leafletJS-Dateien.<\/div><\/div>\n\n\n\n<div style=\"height:33px\" aria-hidden=\"true\" class=\" wp-block-spacer eplus-wrapper\"><\/div>\n\n\n\n<p class=\" has-medium-font-size eplus-wrapper\"><a href=\"https:\/\/forte-cultura.com\/kulturerbe-festungsmonumente\/geschichte-des-festungsbaus\/festungsbau-vom-15-19-jahrhundert\/\">Festungsbau vom 15.-19. Jahrhundert<\/a><\/p>\n\n\n\n<div style=\"margin-top:0;margin-bottom:0;height:20px\" aria-hidden=\"true\" class=\" wp-block-spacer eplus-wrapper\"><\/div>\n\n\n<div id=\"mega-menu-wrap-max_mega_menu_2\" class=\"mega-menu-wrap\"><div class=\"mega-menu-toggle\"><div class=\"mega-toggle-blocks-left\"><\/div><div class=\"mega-toggle-blocks-center\"><\/div><div class=\"mega-toggle-blocks-right\"><div class='mega-toggle-block mega-menu-toggle-animated-block mega-toggle-block-0' id='mega-toggle-block-0'><button aria-label=\"Toggle Menu\" class=\"mega-toggle-animated mega-toggle-animated-slider\" type=\"button\" aria-haspopup=\"true\" aria-expanded=\"false\" aria-controls=\"mega-menu-max_mega_menu_2\">\n                  <span class=\"mega-toggle-animated-box\">\n                    <span class=\"mega-toggle-animated-inner\"><\/span>\n                  <\/span>\n                <\/button><\/div><\/div><\/div><ul id=\"mega-menu-max_mega_menu_2\" class=\"mega-menu max-mega-menu mega-menu-horizontal mega-no-js\" data-event=\"hover_intent\" data-effect=\"fade_up\" data-effect-speed=\"200\" data-effect-mobile=\"disabled\" data-effect-speed-mobile=\"0\" data-mobile-force-width=\"false\" data-second-click=\"go\" data-document-click=\"collapse\" data-vertical-behaviour=\"standard\" data-breakpoint=\"768\" data-unbind=\"true\" data-mobile-state=\"collapse_all\" data-mobile-direction=\"vertical\" data-hover-intent-timeout=\"300\" data-hover-intent-interval=\"100\"><li class=\"mega-menu-item mega-menu-item-type-post_type mega-menu-item-object-page mega-align-bottom-left mega-menu-flyout mega-menu-item-2026\" id=\"mega-menu-item-2026\"><a class=\"mega-menu-link\" href=\"https:\/\/forte-cultura.com\/de_de\/kulturerbe-festungsmonumente\/geschichte-des-festungsbaus\/festungsbau-vom-15-19-jahrhundert\/einzelfestungen\/\">Einzelfestungen<\/a><\/li><li class=\"mega-menu-item mega-menu-item-type-post_type mega-menu-item-object-page mega-align-bottom-left mega-menu-flyout mega-menu-item-2025\" id=\"mega-menu-item-2025\"><a class=\"mega-menu-link\" href=\"https:\/\/forte-cultura.com\/de_de\/kulturerbe-festungsmonumente\/geschichte-des-festungsbaus\/festungsbau-vom-15-19-jahrhundert\/befestigte-stadt\/\">Befestigte Stadt<\/a><\/li><li class=\"mega-menu-item mega-menu-item-type-post_type mega-menu-item-object-page mega-align-bottom-left mega-menu-flyout mega-menu-item-2024\" id=\"mega-menu-item-2024\"><a class=\"mega-menu-link\" href=\"https:\/\/forte-cultura.com\/de_de\/kulturerbe-festungsmonumente\/geschichte-des-festungsbaus\/festungsbau-vom-15-19-jahrhundert\/befestigte-idealstadt\/\">Befestigte Idealstadt<\/a><\/li><li class=\"mega-menu-item mega-menu-item-type-post_type mega-menu-item-object-page mega-align-bottom-left mega-menu-flyout mega-menu-item-2113\" id=\"mega-menu-item-2113\"><a class=\"mega-menu-link\" href=\"https:\/\/forte-cultura.com\/de_de\/kulturerbe-festungsmonumente\/geschichte-des-festungsbaus\/festungsbau-vom-15-19-jahrhundert\/zitadellen\/\">Zitadellen<\/a><\/li><li class=\"mega-menu-item mega-menu-item-type-post_type mega-menu-item-object-page mega-align-bottom-left mega-menu-flyout mega-menu-item-2120\" id=\"mega-menu-item-2120\"><a class=\"mega-menu-link\" href=\"https:\/\/forte-cultura.com\/de_de\/kulturerbe-festungsmonumente\/geschichte-des-festungsbaus\/festungsbau-vom-15-19-jahrhundert\/befestigte-burg\/\">Befestigte Burg<\/a><\/li><li class=\"mega-menu-item mega-menu-item-type-post_type mega-menu-item-object-page mega-align-bottom-left mega-menu-flyout mega-menu-item-2148\" id=\"mega-menu-item-2148\"><a class=\"mega-menu-link\" href=\"https:\/\/forte-cultura.com\/de_de\/kulturerbe-festungsmonumente\/geschichte-des-festungsbaus\/festungsbau-vom-15-19-jahrhundert\/befestigtes-schloss\/\">Befestigtes Schloss<\/a><\/li><li class=\"mega-menu-item mega-menu-item-type-post_type mega-menu-item-object-page mega-align-bottom-left mega-menu-flyout mega-menu-item-2147\" id=\"mega-menu-item-2147\"><a class=\"mega-menu-link\" href=\"https:\/\/forte-cultura.com\/de_de\/kulturerbe-festungsmonumente\/geschichte-des-festungsbaus\/festungsbau-vom-15-19-jahrhundert\/grossfestungen\/\">Gro\u00dffestungen<\/a><\/li><li class=\"mega-menu-item mega-menu-item-type-post_type mega-menu-item-object-page mega-align-bottom-left mega-menu-flyout mega-menu-item-2154\" id=\"mega-menu-item-2154\"><a class=\"mega-menu-link\" href=\"https:\/\/forte-cultura.com\/de_de\/kulturerbe-festungsmonumente\/geschichte-des-festungsbaus\/festungsbau-vom-15-19-jahrhundert\/verteidigungslinien\/\">Verteidigungslinien 15.-19. Jh.<\/a><\/li><\/ul><\/div>\n\n\n<div style=\"height:20px\" aria-hidden=\"true\" class=\" wp-block-spacer eplus-wrapper\"><\/div>\n","protected":false},"excerpt":{"rendered":"<p>Milit\u00e4rische Prachtbauten an exponierten Orten Allein stehendes milit\u00e4risches Verteidigungsbauwerk, meist bestehend aus Wall, Graben, Bastionen, Gesch\u00fctzst\u00e4nden und milit\u00e4rischen Funktionsgeb\u00e4uden.Bsp. Titelbild: Festung K\u00f6nigstein, Sachsen (DE) Bastionierte Einzelfestungen aus der Entstehungszeit zwischen [&hellip;]<\/p>\n","protected":false},"author":1,"featured_media":884,"parent":1963,"menu_order":0,"comment_status":"closed","ping_status":"closed","template":"","meta":{"editor_plus_copied_stylings":"{}","pgc_sgb_lightbox_settings":"","_price":"","_stock":"","_tribe_ticket_header":"","_tribe_default_ticket_provider":"","_tribe_ticket_capacity":"0","_ticket_start_date":"","_ticket_end_date":"","_tribe_ticket_show_description":"","_tribe_ticket_show_not_going":false,"_tribe_ticket_use_global_stock":"","_tribe_ticket_global_stock_level":"","_global_stock_mode":"","_global_stock_cap":"","_tribe_rsvp_for_event":"","_tribe_ticket_going_count":"","_tribe_ticket_not_going_count":"","_tribe_tickets_list":"[]","_tribe_ticket_has_attendee_info_fields":false,"_EventAllDay":false,"_EventTimezone":"","_EventStartDate":"","_EventEndDate":"","_EventStartDateUTC":"","_EventEndDateUTC":"","_EventShowMap":false,"_EventShowMapLink":false,"_EventURL":"","_EventCost":"","_EventCostDescription":"","_EventCurrencySymbol":"","_EventCurrencyCode":"","_EventCurrencyPosition":"","_EventDateTimeSeparator":"","_EventTimeRangeSeparator":"","_EventOrganizerID":[],"_EventVenueID":[],"_OrganizerEmail":"","_OrganizerPhone":"","_OrganizerWebsite":"","_VenueAddress":"","_VenueCity":"","_VenueCountry":"","_VenueProvince":"","_VenueState":"","_VenueZip":"","_VenuePhone":"","_VenueURL":"","_VenueStateProvince":"","_VenueLat":"","_VenueLng":"","_VenueShowMap":false,"_VenueShowMapLink":false,"footnotes":""},"class_list":["post-1978","page","type-page","status-publish","has-post-thumbnail","hentry"],"_links":{"self":[{"href":"https:\/\/forte-cultura.com\/de_de\/wp-json\/wp\/v2\/pages\/1978","targetHints":{"allow":["GET"]}}],"collection":[{"href":"https:\/\/forte-cultura.com\/de_de\/wp-json\/wp\/v2\/pages"}],"about":[{"href":"https:\/\/forte-cultura.com\/de_de\/wp-json\/wp\/v2\/types\/page"}],"author":[{"embeddable":true,"href":"https:\/\/forte-cultura.com\/de_de\/wp-json\/wp\/v2\/users\/1"}],"replies":[{"embeddable":true,"href":"https:\/\/forte-cultura.com\/de_de\/wp-json\/wp\/v2\/comments?post=1978"}],"version-history":[{"count":0,"href":"https:\/\/forte-cultura.com\/de_de\/wp-json\/wp\/v2\/pages\/1978\/revisions"}],"up":[{"embeddable":true,"href":"https:\/\/forte-cultura.com\/de_de\/wp-json\/wp\/v2\/pages\/1963"}],"wp:featuredmedia":[{"embeddable":true,"href":"https:\/\/forte-cultura.com\/de_de\/wp-json\/wp\/v2\/media\/884"}],"wp:attachment":[{"href":"https:\/\/forte-cultura.com\/de_de\/wp-json\/wp\/v2\/media?parent=1978"}],"curies":[{"name":"wp","href":"https:\/\/api.w.org\/{rel}","templated":true}]}}