{"id":1949,"date":"2024-01-24T09:56:25","date_gmt":"2024-01-24T08:56:25","guid":{"rendered":"https:\/\/forte-cultura.com\/?page_id=1949"},"modified":"2026-03-08T11:04:09","modified_gmt":"2026-03-08T10:04:09","slug":"verteidigungslinien","status":"publish","type":"page","link":"https:\/\/forte-cultura.com\/de_de\/kulturerbe-festungsmonumente\/geschichte-des-festungsbaus\/festungen-des-20-jahrhunderts\/verteidigungslinien\/","title":{"rendered":"Verteidigungslinien"},"content":{"rendered":"<div class=\"wp-block-columns are-vertically-aligned-center eplus-wrapper is-layout-flex wp-container-core-columns-is-layout-28f84493 wp-block-columns-is-layout-flex eplus-styles-uid-5e054f\">\n<div class=\"wp-block-column is-vertically-aligned-center eplus-wrapper is-layout-flow wp-block-column-is-layout-flow\" style=\"flex-basis:20%\">\n<figure class=\" wp-block-image size-full is-resized eplus-wrapper\"><img loading=\"lazy\" decoding=\"async\" width=\"100\" height=\"49\" src=\"https:\/\/forte-cultura.com\/wp-content\/uploads\/wwline.png\" alt=\"\" class=\"wp-image-1920\" style=\"width:105px;height:auto\" srcset=\"https:\/\/forte-cultura.com\/wp-content\/uploads\/wwline.png 100w, https:\/\/forte-cultura.com\/wp-content\/uploads\/wwline-18x9.png 18w\" sizes=\"auto, (max-width: 100px) 100vw, 100px\" \/><\/figure>\n<\/div>\n\n\n\n<div class=\"wp-block-column is-vertically-aligned-center eplus-wrapper is-layout-flow wp-block-column-is-layout-flow\" style=\"flex-basis:90%\">\n<h2 class=\"wp-block-heading has-custom-farbe-1-color has-text-color has-link-color has-large-font-size eplus-wrapper wp-elements-5d58e8a173fb38d5a318fcfa630e7989\">Verteidigungslinien des Ersten und Zweiten Weltkrieges in Europa<\/h2>\n<\/div>\n<\/div>\n\n\n<p class=\" has-small-font-size eplus-wrapper\">In der Zeit zwischen den beiden Weltkriegen setzte in allen gro\u00dfen Staaten Europas ein regelrechter Bauboom von befestigten Anlagen ein, die zur Absicherung strategisch wichtiger Abschnitte der jeweiligen Landesgrenzen notwendig schienen.<\/p>\n\n\n\n<p class=\" eplus-wrapper\">Dazu z\u00e4hlt auch die <strong>Maginot-Linie<\/strong> an den Ostgrenzen Frankreichs, die zum Schutz gegen einen Angriff des Deutschen Reiches und seiner Verb\u00fcndeten errichtet wurde. Ihre Reste, Bunker, Gr\u00e4ben, Panzert\u00fcrme und das Logistiknetz verbleiben als ebenso monstr\u00f6se wie in ihrer Gigantomanie durchaus faszinierende Mahnmale in der Landschaft, und erinnern an die kriegerische Vergangenheit Europas, z.B. im Elsass.<\/p>\n\n\n<div  class=\"ultp-post-grid-block wp-block-ultimate-post-post-grid-1 ultp-block-dc74f9\"><div class=\"ultp-block-wrapper\"><div class=\"ultp-loading\"><div class=\"ultp-loading-blocks\" style=\"width:100%;height:100%;\"><div style=\"left: 0;top: 0;animation-delay:0s;\"><\/div><div style=\"left: 21px;top: 0;animation-delay:0.125s;\"><\/div><div style=\"left: 42px;top: 0;animation-delay:0.25s;\"><\/div><div style=\"left: 0;top: 21px;animation-delay:0.875s;\"><\/div><div style=\"left: 42px;top: 21px;animation-delay:0.375s;\"><\/div><div style=\"left: 0;top: 42px;animation-delay:0.75s;\"><\/div><div style=\"left: 42px;top: 42px;animation-delay:0.625s;\"><\/div><div style=\"left: 21px;top: 42px;animation-delay:0.5s;\"><\/div><\/div><\/div><div class=\"ultp-heading-filter\"><div class=\"ultp-heading-filter-in\"><div class=\"ultp-heading-wrap ultp-heading-style1 ultp-heading-left\"><h4 class=\"ultp-heading-inner\"><span>Mit FORTE CULTURA die Maginot-Linie entdecken<\/span><\/h4><\/div><\/div><\/div><div class=\"ultp-block-items-wrap ultp-block-row ultp-pg1a-style1 ultp-grid1-responsive ultp-block-column-4 1 ultp-xs-column-1 ultp-layout1\"><div class=\"ultp-block-item post-id-1674\"><div class=\"ultp-block-content-wrap\"><div class=\"ultp-block-image ultp-block-image-opacity\"><a href=\"https:\/\/forte-cultura.com\/de_de\/walbourg-fr\/\" ><img decoding=\"async\"  class=\"ultp-block-image-content\"  alt=\"Walbourg (FR)\"  src=\"https:\/\/forte-cultura.com\/wp-content\/uploads\/2MCLADN-Museum-Walbourg-870x570.png\" \/><\/a><\/div><div class=\"ultp-block-content\"><h3 class=\"ultp-block-title \"><a href=\"https:\/\/forte-cultura.com\/de_de\/walbourg-fr\/\" >Walbourg (FR)<\/a><\/h3><\/div><\/div><\/div><div class=\"ultp-block-item post-id-995\"><div class=\"ultp-block-content-wrap\"><div class=\"ultp-block-image ultp-block-image-opacity\"><a href=\"https:\/\/forte-cultura.com\/de_de\/schoenenbourg-fr\/\" ><img decoding=\"async\"  class=\"ultp-block-image-content\"  alt=\"Schoenenbourg (FR)\"  src=\"https:\/\/forte-cultura.com\/wp-content\/uploads\/Schoenenbourg_1-870x570.jpg\" \/><\/a><\/div><div class=\"ultp-block-content\"><h3 class=\"ultp-block-title \"><a href=\"https:\/\/forte-cultura.com\/de_de\/schoenenbourg-fr\/\" >Schoenenbourg (FR)<\/a><\/h3><\/div><\/div><\/div><div class=\"ultp-block-item post-id-890\"><div class=\"ultp-block-content-wrap\"><div class=\"ultp-block-image ultp-block-image-opacity\"><a href=\"https:\/\/forte-cultura.com\/de_de\/lembach-fr\/\" ><img decoding=\"async\"  class=\"ultp-block-image-content\"  alt=\"Lembach (FR)\"  src=\"https:\/\/forte-cultura.com\/wp-content\/uploads\/Fort-a-Chaux_Lembach_\u00a9SILE-870x570.jpg\" \/><\/a><\/div><div class=\"ultp-block-content\"><h3 class=\"ultp-block-title \"><a href=\"https:\/\/forte-cultura.com\/de_de\/lembach-fr\/\" >Lembach (FR)<\/a><\/h3><\/div><\/div><\/div><div class=\"ultp-block-item post-id-690\"><div class=\"ultp-block-content-wrap\"><div class=\"ultp-block-image ultp-block-image-opacity\"><a href=\"https:\/\/forte-cultura.com\/de_de\/haguenau-fr\/\" ><img decoding=\"async\"  class=\"ultp-block-image-content\"  alt=\"Haguenau (FR)\"  src=\"https:\/\/forte-cultura.com\/wp-content\/uploads\/2023\/11\/Musee-de-lAbri-Hatten\u00a9ADT-C.FLEITH_1-870x570.jpg\" \/><\/a><\/div><div class=\"ultp-block-content\"><h3 class=\"ultp-block-title \"><a href=\"https:\/\/forte-cultura.com\/de_de\/haguenau-fr\/\" >Haguenau (FR)<\/a><\/h3><\/div><\/div><\/div><\/div><\/div><div class=\"pagination-block-html\" aria-hidden=\"true\" style=\"display: none;\"><\/div><\/div>\n\n\n<hr class=\"is-style-wide wp-block-separator aligncenter has-text-color has-custom-farbe-1-color has-alpha-channel-opacity has-custom-farbe-1-background-color has-background eplus-wrapper\" style=\"margin-bottom:var(--wp--preset--spacing--30)\"\/>\n\n\n\n<p class=\" eplus-wrapper\">Weitere Verteidigungslinien dieser Epoche sind:<\/p>\n\n\n<ul class=\" wp-block-list eplus-wrapper eplus-styles-uid-b2139b\"><li class=\" eplus-wrapper eplus-styles-uid-1ceed8\"><a href=\"https:\/\/forte-cultura.com\/tag\/westwall\/\" data-type=\"post_tag\" data-id=\"415\">Westwall<\/a>, an der Westgrenze des ehemaligen Deutschen Reiches,<\/li>\n\n<li class=\" eplus-wrapper eplus-styles-uid-1ceed8\"><a href=\"https:\/\/forte-cultura.com\/tag\/maginot-linie\/\" data-type=\"post_tag\" data-id=\"49\">Maginot-Linie<\/a>, als Absicherung der dt.\/franz. Grenze in Frankreich,<\/li>\n\n<li class=\" eplus-wrapper eplus-styles-uid-1ceed8\">Pommernwall und Oder-Warthe-Bogen, an der Ostgrenze des ehemaligen Deutschen Reiches,<\/li>\n\n<li class=\" eplus-wrapper eplus-styles-uid-1ceed8\">Atlantikwall, von Norwegen bis Frankreich entlang der Nordgrenzen<\/li>\n\n<li class=\" eplus-wrapper eplus-styles-uid-1ceed8\">Metaxas-Linie in Griechenland,<\/li>\n\n<li class=\" eplus-wrapper eplus-styles-uid-1ceed8\">Tschechoslowakischer Wall in der ehemaligen Tschechoslowakei,<\/li>\n\n<li class=\" eplus-wrapper eplus-styles-uid-1ceed8\">Molotow-Linie im 1939 von der Sowjetunion besetzten Ostpolen,<\/li>\n\n<li class=\" eplus-wrapper eplus-styles-uid-1ceed8\">Sk\u00e5ne Linie in Schweden,<\/li>\n\n<li class=\" eplus-wrapper eplus-styles-uid-1ceed8\">Rupnik-Linie in Jugoslawien,<\/li>\n\n<li class=\" eplus-wrapper eplus-styles-uid-1ceed8\">Vallo-Alpino in Italien,<\/li>\n\n<li class=\" eplus-wrapper eplus-styles-uid-1ceed8\">Arpad-Linie in der Ukraine.<\/li><\/ul>\n\n\n<p class=\" eplus-wrapper\">All diese Bauten sollten als Abschreckung vor neuen Angriffen und Kriegen dienen oder eroberte Territorien sichern. Die Weiterentwicklung der Waffentechnologien und moderne Angriffstaktiken motorisierter Armeen machten immobile Stellungen jedoch zunehmend ineffektiv, sie konnten leicht umgangen werden.<\/p>\n\n\n<div  class=\"ultp-post-grid-block wp-block-ultimate-post-post-grid-1 ultp-block-b2925a\"><div class=\"ultp-block-wrapper\"><div class=\"ultp-loading\"><div class=\"ultp-loading-blocks\" style=\"width:100%;height:100%;\"><div style=\"left: 0;top: 0;animation-delay:0s;\"><\/div><div style=\"left: 21px;top: 0;animation-delay:0.125s;\"><\/div><div style=\"left: 42px;top: 0;animation-delay:0.25s;\"><\/div><div style=\"left: 0;top: 21px;animation-delay:0.875s;\"><\/div><div style=\"left: 42px;top: 21px;animation-delay:0.375s;\"><\/div><div style=\"left: 0;top: 42px;animation-delay:0.75s;\"><\/div><div style=\"left: 42px;top: 42px;animation-delay:0.625s;\"><\/div><div style=\"left: 21px;top: 42px;animation-delay:0.5s;\"><\/div><\/div><\/div><div class=\"ultp-heading-filter\"><div class=\"ultp-heading-filter-in\"><div class=\"ultp-heading-wrap ultp-heading-style1 ultp-heading-left\"><h4 class=\"ultp-heading-inner\"><span>Mit FORTE CULTURA den Westwall entdecken<\/span><\/h4><\/div><\/div><\/div><div class=\"ultp-block-items-wrap ultp-block-row ultp-pg1a-style1 ultp-grid1-responsive ultp-block-column-4 1 ultp-xs-column-1 ultp-layout1\"><div class=\"ultp-block-item post-id-2216\"><div class=\"ultp-block-content-wrap\"><div class=\"ultp-block-image ultp-block-image-opacity\"><a href=\"https:\/\/forte-cultura.com\/de_de\/westwall-radtour\/\" ><img decoding=\"async\"  class=\"ultp-block-image-content\"  alt=\"Westwall-Radtour\"  src=\"https:\/\/forte-cultura.com\/wp-content\/uploads\/Ein-Mann-Bunker_klein.jpg\" \/><\/a><\/div><div class=\"ultp-block-content\"><h3 class=\"ultp-block-title \"><a href=\"https:\/\/forte-cultura.com\/de_de\/westwall-radtour\/\" >Westwall-Radtour<\/a><\/h3><\/div><\/div><\/div><div class=\"ultp-block-item post-id-1656\"><div class=\"ultp-block-content-wrap\"><div class=\"ultp-block-image ultp-block-image-opacity\"><a href=\"https:\/\/forte-cultura.com\/de_de\/neuried-altenheimde\/\" ><img decoding=\"async\"  class=\"ultp-block-image-content\"  alt=\"Neuried Altenheim (DE)\"  src=\"https:\/\/forte-cultura.com\/wp-content\/uploads\/Emilie-870x570.png\" \/><\/a><\/div><div class=\"ultp-block-content\"><h3 class=\"ultp-block-title \"><a href=\"https:\/\/forte-cultura.com\/de_de\/neuried-altenheimde\/\" >Neuried Altenheim (DE)<\/a><\/h3><\/div><\/div><\/div><div class=\"ultp-block-item post-id-1647\"><div class=\"ultp-block-content-wrap\"><div class=\"ultp-block-image ultp-block-image-opacity\"><a href=\"https:\/\/forte-cultura.com\/de_de\/hornisgrinde-de\/\" ><img decoding=\"async\"  class=\"ultp-block-image-content\"  alt=\"Hornisgrinde (DE)\"  src=\"https:\/\/forte-cultura.com\/wp-content\/uploads\/Hornisgrinde-870x570.png\" \/><\/a><\/div><div class=\"ultp-block-content\"><h3 class=\"ultp-block-title \"><a href=\"https:\/\/forte-cultura.com\/de_de\/hornisgrinde-de\/\" >Hornisgrinde (DE)<\/a><\/h3><\/div><\/div><\/div><div class=\"ultp-block-item post-id-1636\"><div class=\"ultp-block-content-wrap\"><div class=\"ultp-block-image ultp-block-image-opacity\"><a href=\"https:\/\/forte-cultura.com\/de_de\/kehl-neumuehl-de\/\" ><img decoding=\"async\"  class=\"ultp-block-image-content\"  alt=\"Kehl-Neum\u00fchl (DE)\"  src=\"https:\/\/forte-cultura.com\/wp-content\/uploads\/Neumuehl-870x570.png\" \/><\/a><\/div><div class=\"ultp-block-content\"><h3 class=\"ultp-block-title \"><a href=\"https:\/\/forte-cultura.com\/de_de\/kehl-neumuehl-de\/\" >Kehl-Neum\u00fchl (DE)<\/a><\/h3><\/div><\/div><\/div><div class=\"ultp-block-item post-id-1623\"><div class=\"ultp-block-content-wrap\"><div class=\"ultp-block-image ultp-block-image-opacity\"><a href=\"https:\/\/forte-cultura.com\/de_de\/dettenheim-russheim-de\/\" ><img decoding=\"async\"  class=\"ultp-block-image-content\"  alt=\"Dettenheim-Ru\u00dfheim (DE)\"  src=\"https:\/\/forte-cultura.com\/wp-content\/uploads\/Dettenheim-870x570.png\" \/><\/a><\/div><div class=\"ultp-block-content\"><h3 class=\"ultp-block-title \"><a href=\"https:\/\/forte-cultura.com\/de_de\/dettenheim-russheim-de\/\" >Dettenheim-Ru\u00dfheim (DE)<\/a><\/h3><\/div><\/div><\/div><\/div><\/div><div class=\"pagination-block-html\" aria-hidden=\"true\" style=\"display: none;\"><\/div><\/div>\n\n\n<p class=\" eplus-wrapper\">Neben reinen Verteidigungslinien wie dem Atlantik- und dem S\u00fcdwall, entstanden so zunehmend Bunkerbauten f\u00fcr den zivilen Luftschutz, verbunkerte R\u00fcstungsanlagen oder milit\u00e4rische F\u00fchrungsbunker. <\/p>\n\n\n\n<p class=\" eplus-wrapper\">Zahlreiche Bauten aus dieser Zeit mahnen und erinnern heute noch europaweit als steinerne Zeugnisse an diese schicksalshafte Epoche.<\/p>\n\n\n\n<hr class=\"is-style-wide wp-block-separator aligncenter has-text-color has-custom-farbe-1-color has-alpha-channel-opacity has-custom-farbe-1-background-color has-background eplus-wrapper\" style=\"margin-bottom:var(--wp--preset--spacing--30)\"\/>\n\n\n<div class=\"wp-block-columns are-vertically-aligned-center eplus-wrapper is-layout-flex wp-container-core-columns-is-layout-28f84493 wp-block-columns-is-layout-flex eplus-styles-uid-50bd58\">\n<div class=\"wp-block-column is-vertically-aligned-center eplus-wrapper is-layout-flow wp-block-column-is-layout-flow\" style=\"flex-basis:20%\">\n<figure class=\" wp-block-image size-full is-resized eplus-wrapper\"><img loading=\"lazy\" decoding=\"async\" width=\"1392\" height=\"100\" src=\"https:\/\/forte-cultura.com\/wp-content\/uploads\/iron.png\" alt=\"\" class=\"wp-image-1911\" style=\"width:105px;height:auto\" srcset=\"https:\/\/forte-cultura.com\/wp-content\/uploads\/iron.png 1392w, https:\/\/forte-cultura.com\/wp-content\/uploads\/iron-300x22.png 300w, https:\/\/forte-cultura.com\/wp-content\/uploads\/iron-1024x74.png 1024w, https:\/\/forte-cultura.com\/wp-content\/uploads\/iron-768x55.png 768w, https:\/\/forte-cultura.com\/wp-content\/uploads\/iron-18x1.png 18w, https:\/\/forte-cultura.com\/wp-content\/uploads\/iron-200x14.png 200w\" sizes=\"auto, (max-width: 1392px) 100vw, 1392px\" \/><\/figure>\n<\/div>\n\n\n\n<div class=\"wp-block-column is-vertically-aligned-center eplus-wrapper is-layout-flow wp-block-column-is-layout-flow\" style=\"flex-basis:90%\">\n<h2 class=\"wp-block-heading has-custom-farbe-1-color has-text-color has-link-color has-large-font-size eplus-wrapper wp-elements-d16936b7dee38912ee43048d940bd988\">Verteidigungslinien des Kalten Krieges in Europa<\/h2>\n<\/div>\n<\/div>\n\n\n<p class=\" eplus-wrapper\">Die bis 1945 errichteten nationalen Verteidigungslinien quer durch Europa, wurden nach Ende des Zweiten Weltkrieges in der Zeit der Zuspitzung des Kalten Krieges nun als jeweilige Gemeinschaftsaufgabe durch die zusammengeschlossenen Staaten der westlich-demokratischen und der \u00f6stlich\u2013hierarchisch strukturierten Welt verst\u00e4rkt ausgebaut.<\/p>\n\n\n\n<p class=\" eplus-wrapper\">Zusammen mit den im Hinterland errichteten F\u00fchrungs- und Schutzbunkern und nuklearen Waffenarsenalen sicherte das den Frieden auf der n\u00f6rdlichen Hemisph\u00e4re f\u00fcr die n\u00e4chsten knapp 50 Jahre. Der <strong>&#8222;Eiserne Vorhang&#8220;<\/strong> erstreckte sich von Norden nach S\u00fcden quer durch Europa und kennzeichnete die Demarkationslinie zwischen den Westm\u00e4chten und dem Ostblock.<\/p>\n\n\n\n<p class=\" eplus-wrapper\"><\/p>\n","protected":false},"excerpt":{"rendered":"<p>Verteidigungslinien des Ersten und Zweiten Weltkrieges in Europa In der Zeit zwischen den beiden Weltkriegen setzte in allen gro\u00dfen Staaten Europas ein regelrechter Bauboom von befestigten Anlagen ein, die zur [&hellip;]<\/p>\n","protected":false},"author":1,"featured_media":1951,"parent":1892,"menu_order":0,"comment_status":"closed","ping_status":"closed","template":"","meta":{"editor_plus_copied_stylings":"{}","pgc_sgb_lightbox_settings":"","_price":"","_stock":"","_tribe_ticket_header":"","_tribe_default_ticket_provider":"","_tribe_ticket_capacity":"0","_ticket_start_date":"","_ticket_end_date":"","_tribe_ticket_show_description":"","_tribe_ticket_show_not_going":false,"_tribe_ticket_use_global_stock":"","_tribe_ticket_global_stock_level":"","_global_stock_mode":"","_global_stock_cap":"","_tribe_rsvp_for_event":"","_tribe_ticket_going_count":"","_tribe_ticket_not_going_count":"","_tribe_tickets_list":"[]","_tribe_ticket_has_attendee_info_fields":false,"_EventAllDay":false,"_EventTimezone":"","_EventStartDate":"","_EventEndDate":"","_EventStartDateUTC":"","_EventEndDateUTC":"","_EventShowMap":false,"_EventShowMapLink":false,"_EventURL":"","_EventCost":"","_EventCostDescription":"","_EventCurrencySymbol":"","_EventCurrencyCode":"","_EventCurrencyPosition":"","_EventDateTimeSeparator":"","_EventTimeRangeSeparator":"","_EventOrganizerID":[],"_EventVenueID":[],"_OrganizerEmail":"","_OrganizerPhone":"","_OrganizerWebsite":"","_VenueAddress":"","_VenueCity":"","_VenueCountry":"","_VenueProvince":"","_VenueState":"","_VenueZip":"","_VenuePhone":"","_VenueURL":"","_VenueStateProvince":"","_VenueLat":"","_VenueLng":"","_VenueShowMap":false,"_VenueShowMapLink":false,"footnotes":""},"class_list":["post-1949","page","type-page","status-publish","has-post-thumbnail","hentry"],"_links":{"self":[{"href":"https:\/\/forte-cultura.com\/de_de\/wp-json\/wp\/v2\/pages\/1949","targetHints":{"allow":["GET"]}}],"collection":[{"href":"https:\/\/forte-cultura.com\/de_de\/wp-json\/wp\/v2\/pages"}],"about":[{"href":"https:\/\/forte-cultura.com\/de_de\/wp-json\/wp\/v2\/types\/page"}],"author":[{"embeddable":true,"href":"https:\/\/forte-cultura.com\/de_de\/wp-json\/wp\/v2\/users\/1"}],"replies":[{"embeddable":true,"href":"https:\/\/forte-cultura.com\/de_de\/wp-json\/wp\/v2\/comments?post=1949"}],"version-history":[{"count":2,"href":"https:\/\/forte-cultura.com\/de_de\/wp-json\/wp\/v2\/pages\/1949\/revisions"}],"predecessor-version":[{"id":4977,"href":"https:\/\/forte-cultura.com\/de_de\/wp-json\/wp\/v2\/pages\/1949\/revisions\/4977"}],"up":[{"embeddable":true,"href":"https:\/\/forte-cultura.com\/de_de\/wp-json\/wp\/v2\/pages\/1892"}],"wp:featuredmedia":[{"embeddable":true,"href":"https:\/\/forte-cultura.com\/de_de\/wp-json\/wp\/v2\/media\/1951"}],"wp:attachment":[{"href":"https:\/\/forte-cultura.com\/de_de\/wp-json\/wp\/v2\/media?parent=1949"}],"curies":[{"name":"wp","href":"https:\/\/api.w.org\/{rel}","templated":true}]}}