{"id":1764,"date":"2024-01-13T11:32:27","date_gmt":"2024-01-13T10:32:27","guid":{"rendered":"https:\/\/forte-cultura.com\/?p=1764"},"modified":"2025-01-02T17:12:26","modified_gmt":"2025-01-02T16:12:26","slug":"kulturerbe-festungsmonumente-in-der-region-oberrhein-de-fr","status":"publish","type":"page","link":"https:\/\/forte-cultura.com\/de_de\/forte-cultura-reisewelt\/kulturerbe-festungsmonumente-in-der-region-oberrhein-de-fr\/","title":{"rendered":"Kulturerbe Festungsmonumente in der Region Oberrhein (DE-FR)"},"content":{"rendered":"<div class=\"wp-block-columns alignwide eplus-wrapper is-layout-flex wp-container-core-columns-is-layout-28f84493 wp-block-columns-is-layout-flex eplus-styles-uid-b796b6\">\n<div class=\"wp-block-column eplus-wrapper is-layout-flow wp-block-column-is-layout-flow\" style=\"flex-basis:100%\"><p class=\" eplus-wrapper eplus-styles-uid-e7c803\"><em>FORTE CULTURA Cluster: Festungsmonumente in der Region Oberrhein (DE-FR)<\/em><\/p>\n\n\n<h2 class=\"wp-block-heading alignwide has-custom-farbe-1-color has-text-color has-link-color has-x-large-font-size eplus-wrapper wp-elements-f882b9d7179200be4ab0a4fcf3b8633e\"><strong>Erlebnis Festungsmonumente am Oberrhein<\/strong><\/h2>\n\n\n\n<h3 class=\"is-style-default wp-block-heading alignwide eplus-wrapper\" style=\"margin-top:var(--wp--preset--spacing--10);margin-bottom:var(--wp--preset--spacing--10);font-size:clamp(1.092rem, 1.092rem + ((1vw - 0.2rem) * 1.013), 1.7rem);\"><em>Festungserbe der letzten 350 Jahre in der Region Oberrhein<\/em><\/h3>\n\n\n\n<p class=\" eplus-wrapper\">Die Geschichte des Festungsbaus am Oberrhein erstreckt sich von jahrtausendalten, einfachen Holzbefestigungen und Erdw\u00e4llen, \u00fcber r\u00f6mische Kastelle und den Limes, zu mittelalterlichen Burgen und Stadtmauern. Die Einf\u00fchrung der Feuerwaffen f\u00fchrte zu v\u00f6llig neuen Befestigungselementen f\u00fcr Burgen, Schl\u00f6sser und St\u00e4dte. Neue, m\u00e4chtige Festungsst\u00e4dte und Festungssysteme entstanden und wurden insbesondere in den letzten 350 Jahren stetig verst\u00e4rkt und ausgebaut.<\/p>\n\n\n\n<p class=\" eplus-wrapper\">Auf Initiative der Festungsstadt Germersheim, begleitet durch FORTE CULTURA, den Eurodistrikt PAMINA sowie die Touristik-Gemeinschaft Baden-Elsass-Pfalz e.V. (Vis-\u00e0-Vis), ist im Rahmen eines grenz\u00fcbergreifenden Projekts ein FORTE CULTURA Festungs-Cluster entstanden, dem aktuell 30 Festungsmonumente und Museen beiderseits der deutsch-franz\u00f6sischen Grenze angeh\u00f6ren.<\/p>\n\n\n\n<p class=\" eplus-wrapper\"><\/p>\n\n\n\n<div class=\"wp-block-kadence-spacer aligncenter kt-block-spacer-1764_9ebce3-b7\"><div class=\"kt-block-spacer kt-block-spacer-halign-center\"><\/div><\/div>\n\n\n<div class=\"ultp-post-grid-block wp-block-ultimate-post-post-grid-1 ultp-block-f60405\"><div class=\"ultp-block-wrapper\"><div class=\"ultp-loading\"><div class=\"ultp-loading-blocks\" style=\"width:100%;height:100%;\"><div style=\"left: 0;top: 0;animation-delay:0s;\"><\/div><div style=\"left: 21px;top: 0;animation-delay:0.125s;\"><\/div><div style=\"left: 42px;top: 0;animation-delay:0.25s;\"><\/div><div style=\"left: 0;top: 21px;animation-delay:0.875s;\"><\/div><div style=\"left: 42px;top: 21px;animation-delay:0.375s;\"><\/div><div style=\"left: 0;top: 42px;animation-delay:0.75s;\"><\/div><div style=\"left: 42px;top: 42px;animation-delay:0.625s;\"><\/div><div style=\"left: 21px;top: 42px;animation-delay:0.5s;\"><\/div><\/div><\/div><div class=\"ultp-heading-filter\"><div class=\"ultp-heading-filter-in\"><div class=\"ultp-heading-wrap ultp-heading-style1 ultp-heading-left\"><h3 class=\"ultp-heading-inner\"><span>FORTE CULTURA Stationen am Oberrhein<\/span><\/h3><\/div><\/div><\/div><div class=\"ultp-block-items-wrap ultp-block-row ultp-pg1a-style1 ultp-grid1-responsive ultp-block-column-4 1 ultp-xs-column-1 ultp-layout1\"><div class=\"ultp-block-item post-id-1792\"><div class=\"ultp-block-content-wrap\"><div class=\"ultp-block-image ultp-block-image-zoomIn\"><a href=\"https:\/\/forte-cultura.com\/de_de\/bad-duerkheim-de\/\"><img decoding=\"async\" class=\"ultp-block-image-content\" alt=\"Bad D\u00fcrkheim (DE)\" src=\"https:\/\/forte-cultura.com\/wp-content\/uploads\/Hardenburg-870x570.jpg\"><\/a><\/div><div class=\"ultp-block-content\"><h3 class=\"ultp-block-title \"><a href=\"https:\/\/forte-cultura.com\/de_de\/bad-duerkheim-de\/\">Bad D\u00fcrkheim (DE)<\/a><\/h3><div class=\"ultp-block-excerpt\">Schloss- und Festungsruine Hardenburg (DE)<\/div><\/div><\/div><\/div><div class=\"ultp-block-item post-id-2644\"><div class=\"ultp-block-content-wrap\"><div class=\"ultp-block-image ultp-block-image-zoomIn\"><a href=\"https:\/\/forte-cultura.com\/de_de\/burgen-festungen-und-geschichte-im-elsass-fr\/\"><img decoding=\"async\" class=\"ultp-block-image-content\" alt=\"Burgen, Festungen und Geschichte im Elsass (FR)\" src=\"https:\/\/forte-cultura.com\/wp-content\/uploads\/Chateaux-%C2%A9-Lez-Broz-Visit-Alsace-870x570.jpg\"><\/a><\/div><div class=\"ultp-block-content\"><h3 class=\"ultp-block-title \"><a href=\"https:\/\/forte-cultura.com\/de_de\/burgen-festungen-und-geschichte-im-elsass-fr\/\">Burgen, Festungen und Geschichte im Elsass (FR)<\/a><\/h3><div class=\"ultp-block-excerpt\">Foto: \u00a9Lez Broz, Visit-Alsace FORTE CULTURA Festungsgruppe: Festungsmonumente im Elsass (FR) Elsass, Land der Burgen Einst im Herzen des Heiligen R\u00f6mischen Reiches Deutscher Nation gelegen, war das Elsass die Wiege [\u2026]<\/div><\/div><\/div><\/div><div class=\"ultp-block-item post-id-1623\"><div class=\"ultp-block-content-wrap\"><div class=\"ultp-block-image ultp-block-image-zoomIn\"><a href=\"https:\/\/forte-cultura.com\/de_de\/dettenheim-russheim-de\/\"><img decoding=\"async\" class=\"ultp-block-image-content\" alt=\"Dettenheim-Ru\u00dfheim (DE)\" src=\"https:\/\/forte-cultura.com\/wp-content\/uploads\/Dettenheim-870x570.png\"><\/a><\/div><div class=\"ultp-block-content\"><h3 class=\"ultp-block-title \"><a href=\"https:\/\/forte-cultura.com\/de_de\/dettenheim-russheim-de\/\">Dettenheim-Ru\u00dfheim (DE)<\/a><\/h3><div class=\"ultp-block-excerpt\">Milit\u00e4rbunker: Museum Westwall-Bunker Dettenheim-Ru\u00dfheim (DE)<\/div><\/div><\/div><\/div><div class=\"ultp-block-item post-id-607\"><div class=\"ultp-block-content-wrap\"><div class=\"ultp-block-image ultp-block-image-zoomIn\"><a href=\"https:\/\/forte-cultura.com\/de_de\/germersheim-de\/\"><img decoding=\"async\" class=\"ultp-block-image-content\" alt=\"Wei\u00dfenburg Tor, Festungsstadt Germersheim (DE) \u00a9B.Hoff\" src=\"https:\/\/forte-cultura.com\/wp-content\/uploads\/Germersheim-870x570.jpg\"><\/a><\/div><div class=\"ultp-block-content\"><h3 class=\"ultp-block-title \"><a href=\"https:\/\/forte-cultura.com\/de_de\/germersheim-de\/\">Germersheim (DE)<\/a><\/h3><div class=\"ultp-block-excerpt\">Festungsstadt: Festung Germersheim im Verbund der Rheinischen Festungslinie des Deutschen Bundes<\/div><\/div><\/div><\/div><div class=\"ultp-block-item post-id-1683\"><div class=\"ultp-block-content-wrap\"><div class=\"ultp-block-image ultp-block-image-zoomIn\"><a href=\"https:\/\/forte-cultura.com\/de_de\/griesheim-sur-souffel-fr\/\"><img decoding=\"async\" class=\"ultp-block-image-content\" alt=\"Griesheim-sur-Souffel (FR)\" src=\"https:\/\/forte-cultura.com\/wp-content\/uploads\/Nellkopf-870x570.png\"><\/a><\/div><div class=\"ultp-block-content\"><h3 class=\"ultp-block-title \"><a href=\"https:\/\/forte-cultura.com\/de_de\/griesheim-sur-souffel-fr\/\">Griesheim-sur-Souffel (FR)<\/a><\/h3><div class=\"ultp-block-excerpt\">Milit\u00e4rbunker: Nellkopf Infanterie St\u00fctzpunkt I52 (FR)<\/div><\/div><\/div><\/div><div class=\"ultp-block-item post-id-690\"><div class=\"ultp-block-content-wrap\"><div class=\"ultp-block-image ultp-block-image-zoomIn\"><a href=\"https:\/\/forte-cultura.com\/de_de\/haguenau-fr\/\"><img decoding=\"async\" class=\"ultp-block-image-content\" alt=\"Haguenau (FR)\" src=\"https:\/\/forte-cultura.com\/wp-content\/uploads\/2023\/11\/Musee-de-lAbri-Hatten%C2%A9ADT-C.FLEITH_1-870x570.jpg\"><\/a><\/div><div class=\"ultp-block-content\"><h3 class=\"ultp-block-title \"><a href=\"https:\/\/forte-cultura.com\/de_de\/haguenau-fr\/\">Haguenau (FR)<\/a><\/h3><div class=\"ultp-block-excerpt\">Milit\u00e4rbunker: Festung (Gro\u00dfunterstand) der Maginot-Linie<\/div><\/div><\/div><\/div><div class=\"ultp-block-item post-id-1647\"><div class=\"ultp-block-content-wrap\"><div class=\"ultp-block-image ultp-block-image-zoomIn\"><a href=\"https:\/\/forte-cultura.com\/de_de\/hornisgrinde-de\/\"><img decoding=\"async\" class=\"ultp-block-image-content\" alt=\"Hornisgrinde (DE)\" src=\"https:\/\/forte-cultura.com\/wp-content\/uploads\/Hornisgrinde-870x570.png\"><\/a><\/div><div class=\"ultp-block-content\"><h3 class=\"ultp-block-title \"><a href=\"https:\/\/forte-cultura.com\/de_de\/hornisgrinde-de\/\">Hornisgrinde (DE)<\/a><\/h3><div class=\"ultp-block-excerpt\">Milit\u00e4rbunker: ehemaliger franz\u00f6sischer Kommandobunker Hornisgrinde (DE)<\/div><\/div><\/div><\/div><div class=\"ultp-block-item post-id-1636\"><div class=\"ultp-block-content-wrap\"><div class=\"ultp-block-image ultp-block-image-zoomIn\"><a href=\"https:\/\/forte-cultura.com\/de_de\/kehl-neumuehl-de\/\"><img decoding=\"async\" class=\"ultp-block-image-content\" alt=\"Kehl-Neum\u00fchl (DE)\" src=\"https:\/\/forte-cultura.com\/wp-content\/uploads\/Neumuehl-870x570.png\"><\/a><\/div><div class=\"ultp-block-content\"><h3 class=\"ultp-block-title \"><a href=\"https:\/\/forte-cultura.com\/de_de\/kehl-neumuehl-de\/\">Kehl-Neum\u00fchl (DE)<\/a><\/h3><div class=\"ultp-block-excerpt\">Milit\u00e4rbunker: Westwall-Tarnbunker Kehl-Neum\u00fchl (DE)<\/div><\/div><\/div><\/div><div class=\"ultp-block-item post-id-890\"><div class=\"ultp-block-content-wrap\"><div class=\"ultp-block-image ultp-block-image-zoomIn\"><a href=\"https:\/\/forte-cultura.com\/de_de\/lembach-fr\/\"><img decoding=\"async\" class=\"ultp-block-image-content\" alt=\"Lembach (FR)\" src=\"https:\/\/forte-cultura.com\/wp-content\/uploads\/Fort-a-Chaux_Lembach_%C2%A9SILE-870x570.jpg\"><\/a><\/div><div class=\"ultp-block-content\"><h3 class=\"ultp-block-title \"><a href=\"https:\/\/forte-cultura.com\/de_de\/lembach-fr\/\">Lembach (FR)<\/a><\/h3><div class=\"ultp-block-excerpt\">Milit\u00e4rbunker: Festung (Gro\u00dfunterstand) der Maginot-Linie<\/div><\/div><\/div><\/div><div class=\"ultp-block-item post-id-1656\"><div class=\"ultp-block-content-wrap\"><div class=\"ultp-block-image ultp-block-image-zoomIn\"><a href=\"https:\/\/forte-cultura.com\/de_de\/neuried-altenheimde\/\"><img decoding=\"async\" class=\"ultp-block-image-content\" alt=\"Neuried Altenheim (DE)\" src=\"https:\/\/forte-cultura.com\/wp-content\/uploads\/Emilie-870x570.png\"><\/a><\/div><div class=\"ultp-block-content\"><h3 class=\"ultp-block-title \"><a href=\"https:\/\/forte-cultura.com\/de_de\/neuried-altenheimde\/\">Neuried Altenheim (DE)<\/a><\/h3><div class=\"ultp-block-excerpt\">Milit\u00e4rbunker: Westwall-Tarnbunker &#8222;Emilie&#8220; (DE)<\/div><\/div><\/div><\/div><div class=\"ultp-block-item post-id-963\"><div class=\"ultp-block-content-wrap\"><div class=\"ultp-block-image ultp-block-image-zoomIn\"><a href=\"https:\/\/forte-cultura.com\/de_de\/rastatt-de\/\"><img decoding=\"async\" class=\"ultp-block-image-content\" alt=\"WGM-Wehrgeschichtliches Museum Rastatt (DE)\" src=\"https:\/\/forte-cultura.com\/wp-content\/uploads\/WGM-Rastatt-870x570.jpg\"><\/a><\/div><div class=\"ultp-block-content\"><h3 class=\"ultp-block-title \"><a href=\"https:\/\/forte-cultura.com\/de_de\/rastatt-de\/\">Rastatt (DE)<\/a><\/h3><div class=\"ultp-block-excerpt\">Wehrgeschichtliches Museum in der ehemaligen Bundesfestung Rastatt<\/div><\/div><\/div><\/div><div class=\"ultp-block-item post-id-1690\"><div class=\"ultp-block-content-wrap\"><div class=\"ultp-block-image ultp-block-image-zoomIn\"><a href=\"https:\/\/forte-cultura.com\/de_de\/reimerswiller-fr\/\"><img decoding=\"async\" class=\"ultp-block-image-content\" alt=\"Reimerswiller (FR)\" src=\"https:\/\/forte-cultura.com\/wp-content\/uploads\/Reimerswiller-870x570.png\"><\/a><\/div><div class=\"ultp-block-content\"><h3 class=\"ultp-block-title \"><a href=\"https:\/\/forte-cultura.com\/de_de\/reimerswiller-fr\/\">Reimerswiller (FR)<\/a><\/h3><div class=\"ultp-block-excerpt\">Milit\u00e4rbunker: Bunker PC Reimerswiller &#8211; Historisches Museum (FR)<\/div><\/div><\/div><\/div><div class=\"ultp-block-item post-id-995\"><div class=\"ultp-block-content-wrap\"><div class=\"ultp-block-image ultp-block-image-zoomIn\"><a href=\"https:\/\/forte-cultura.com\/de_de\/schoenenbourg-fr\/\"><img decoding=\"async\" class=\"ultp-block-image-content\" alt=\"Schoenenbourg (FR)\" src=\"https:\/\/forte-cultura.com\/wp-content\/uploads\/Schoenenbourg_1-870x570.jpg\"><\/a><\/div><div class=\"ultp-block-content\"><h3 class=\"ultp-block-title \"><a href=\"https:\/\/forte-cultura.com\/de_de\/schoenenbourg-fr\/\">Schoenenbourg (FR)<\/a><\/h3><div class=\"ultp-block-excerpt\">Milit\u00e4rbunker: Eckpfeiler der Maginot-Linie im Elsass<\/div><\/div><\/div><\/div><div class=\"ultp-block-item post-id-1674\"><div class=\"ultp-block-content-wrap\"><div class=\"ultp-block-image ultp-block-image-zoomIn\"><a href=\"https:\/\/forte-cultura.com\/de_de\/walbourg-fr\/\"><img decoding=\"async\" class=\"ultp-block-image-content\" alt=\"Walbourg (FR)\" src=\"https:\/\/forte-cultura.com\/wp-content\/uploads\/2MCLADN-Museum-Walbourg-870x570.png\"><\/a><\/div><div class=\"ultp-block-content\"><h3 class=\"ultp-block-title \"><a href=\"https:\/\/forte-cultura.com\/de_de\/walbourg-fr\/\">Walbourg (FR)<\/a><\/h3><div class=\"ultp-block-excerpt\">Museum 1870-1945 Elsass (FR)<\/div><\/div><\/div><\/div><\/div><\/div><div class=\"pagination-block-html\" aria-hidden=\"true\" style=\"display: none;\"><\/div><\/div><\/div>\n<\/div>\n\n\n<hr class=\" wp-block-separator alignwide has-text-color has-accent-2-color has-alpha-channel-opacity has-accent-2-background-color has-background eplus-wrapper\" style=\"margin-top:var(--wp--preset--spacing--30);margin-bottom:var(--wp--preset--spacing--30)\"\/>\n\n\n<div id=\"travelersmap-container-69d8bf9b46289\" class=\"travelersmap-container\" style=\"z-index: 1; min-height: 10px; min-width:10px; height:400px;width:100%; max-width:1280px; max-height:; position:relative;\"><div style=\"position:absolute; z-index:-1;top: 50%;text-align: center;display: block;left: 50%;transform: translate(-50%,-50%);\">Travelers' Map wird geladen &hellip;<br>Wenn du dies siehst, nachdem deine Seite vollst\u00e4ndig geladen wurde, fehlen leafletJS-Dateien.<\/div><\/div>\n\n\n\n<hr class=\" wp-block-separator alignwide has-text-color has-accent-2-color has-alpha-channel-opacity has-accent-2-background-color has-background eplus-wrapper\" style=\"margin-top:var(--wp--preset--spacing--30);margin-bottom:var(--wp--preset--spacing--30)\"\/>\n\n\n<div class=\"wp-block-columns alignwide eplus-wrapper is-layout-flex wp-container-core-columns-is-layout-28f84493 wp-block-columns-is-layout-flex eplus-styles-uid-18ddcc\">\n<div class=\"wp-block-column eplus-wrapper is-layout-flow wp-block-column-is-layout-flow\">\n<h3 class=\"wp-block-heading has-custom-farbe-1-color has-text-color has-link-color eplus-wrapper wp-elements-2c28cd2bea24182d2510c75500fcd312\">Weitere Festungen am Oberrhein<\/h3>\n\n\n\n<p class=\" eplus-wrapper\">Entdecken Sie mit unseren deutsch-franz\u00f6sischen Info-Materialien weitere Festungen am Oberrhein.<\/p>\n\n\n<div class=\"wp-block-columns eplus-wrapper is-layout-flex wp-container-core-columns-is-layout-28f84493 wp-block-columns-is-layout-flex eplus-styles-uid-219009\">\n<div class=\"wp-block-column eplus-wrapper is-layout-flow wp-block-column-is-layout-flow\"><div class=\"wp-block-columns is-not-stacked-on-mobile eplus-wrapper is-layout-flex wp-container-core-columns-is-layout-28f84493 wp-block-columns-is-layout-flex eplus-styles-uid-b63777\">\n<div class=\"wp-block-column eplus-wrapper is-layout-flow wp-block-column-is-layout-flow\" style=\"flex-basis:218px\"><figure class=\" wp-block-image aligncenter size-large is-resized eplus-wrapper eplus-styles-uid-946138\"><a href=\"https:\/\/forte-cultura.com\/wp-content\/uploads\/marketing\/flips\/Oberrhein\/index.html\" target=\"_blank\" rel=\"noreferrer noopener\"><img decoding=\"async\" src=\"https:\/\/forte-cultura.com\/wp-content\/uploads\/marketing\/flips\/Oberrhein\/Flyer-Oberrhein_coverweb.jpg\" alt=\"\" style=\"width:auto;height:400px\"><\/a><figcaption class=\"wp-element-caption\">Faltkarte Festungserbe Oberrhein (DE-FR)<\/figcaption><\/figure><\/div>\n<\/div><\/div>\n\n\n\n<div class=\"wp-block-column eplus-wrapper is-layout-flow wp-block-column-is-layout-flow\"><div class=\"wp-block-columns is-not-stacked-on-mobile eplus-wrapper is-layout-flex wp-container-core-columns-is-layout-28f84493 wp-block-columns-is-layout-flex eplus-styles-uid-922899\">\n<div class=\"wp-block-column eplus-wrapper is-layout-flow wp-block-column-is-layout-flow\" style=\"flex-basis:318px\"><figure class=\" wp-block-image aligncenter size-large is-resized eplus-wrapper eplus-styles-uid-946138\"><a href=\"https:\/\/forte-cultura.com\/wp-content\/uploads\/marketing\/flips\/Oberrhein_Stempelpass\/index.html\" target=\"_blank\" rel=\"noreferrer noopener\"><img decoding=\"async\" src=\"https:\/\/forte-cultura.com\/wp-content\/uploads\/marketing\/flips\/Oberrhein_Stempelpass\/SP_cover.jpg\" alt=\"\" style=\"width:auto;height:400px\"><\/a><figcaption class=\"wp-element-caption\">Stempelpass Festungserbe Oberrhein 2021  (DE-FR)<\/figcaption><\/figure><\/div>\n<\/div><\/div>\n\n\n\n<div class=\"wp-block-column eplus-wrapper is-layout-flow wp-block-column-is-layout-flow\"><div class=\"wp-block-columns is-not-stacked-on-mobile eplus-wrapper is-layout-flex wp-container-core-columns-is-layout-28f84493 wp-block-columns-is-layout-flex eplus-styles-uid-241b86\">\n<div class=\"wp-block-column eplus-wrapper is-layout-flow wp-block-column-is-layout-flow\" style=\"flex-basis:318px\"><figure class=\" wp-block-image aligncenter size-large is-resized eplus-wrapper eplus-styles-uid-946138\"><a href=\"https:\/\/forte-cultura.com\/wp-content\/uploads\/marketing\/flips\/Oberrhein_Pressemappe\/index.html\" target=\"_blank\" rel=\"noreferrer noopener\"><img decoding=\"async\" src=\"https:\/\/forte-cultura.com\/wp-content\/uploads\/marketing\/flips\/Oberrhein_Pressemappe\/Pressemappe_cover.jpg\" alt=\"\" style=\"width:auto;height:400px\"><\/a><figcaption class=\"wp-element-caption\">Pressemappe Festungserbe Oberrhein 2021  (DE-FR)<\/figcaption><\/figure><\/div>\n<\/div><\/div>\n<\/div><\/div>\n<\/div>\n\n\n<p class=\" eplus-wrapper\"><\/p>\n\n\n\n<div class=\"wp-block-group alignwide eplus-wrapper has-custom-verlauf-1-gradient-background has-background has-global-padding is-layout-constrained wp-container-core-group-is-layout-2bcd15f1 wp-block-group-is-layout-constrained\" style=\"border-radius:5px;margin-top:0;margin-bottom:0;padding-top:var(--wp--preset--spacing--30);padding-right:var(--wp--preset--spacing--40);padding-bottom:var(--wp--preset--spacing--30);padding-left:var(--wp--preset--spacing--40)\">\n<div class=\"wp-block-columns alignwide are-vertically-aligned-center eplus-wrapper is-layout-flex wp-container-core-columns-is-layout-47c06fe3 wp-block-columns-is-layout-flex\">\n<div class=\"wp-block-column is-vertically-aligned-center eplus-wrapper is-layout-flow wp-container-core-column-is-layout-43dc041e wp-block-column-is-layout-flow\" style=\"padding-top:0;padding-right:0;padding-bottom:0;padding-left:0;flex-basis:44%\">\n<figure class=\"wp-block-image size-full has-custom-border eplus-wrapper\"><img loading=\"lazy\" decoding=\"async\" width=\"537\" height=\"396\" src=\"https:\/\/forte-cultura.com\/wp-content\/uploads\/Elsassroute.jpg\" alt=\"\" class=\"wp-image-3259\" style=\"border-radius:15px\" srcset=\"https:\/\/forte-cultura.com\/wp-content\/uploads\/Elsassroute.jpg 537w, https:\/\/forte-cultura.com\/wp-content\/uploads\/Elsassroute-300x221.jpg 300w, https:\/\/forte-cultura.com\/wp-content\/uploads\/Elsassroute-16x12.jpg 16w\" sizes=\"auto, (max-width: 537px) 100vw, 537px\" \/><\/figure>\n<\/div>\n\n\n\n<div class=\"wp-block-column is-vertically-aligned-center eplus-wrapper is-layout-flow wp-block-column-is-layout-flow\" style=\"flex-basis:56%\">\n<h2 class=\"wp-block-heading eplus-wrapper\">Route der Burgen und befestigten St\u00e4dte im Elsass<\/h2>\n\n\n\n<p class=\"eplus-wrapper\">Die Route der Schl\u00f6sser und befestigten St\u00e4dte im Elsass umfasst mehr als 50 Standorte. Entdecken Sie wildromantische Burgruinen, charmante historische St\u00e4dte und traumhafte Ausblicke. Begegnen Sie denjenigen, die dieses Kulturerbe jeden Tag lebendig machen. Tauchen Sie ein in die Geschichte des Elsass und lassen Sie sich von der Magie dieser geschichtstr\u00e4chtigen Orte mitrei\u00dfen.<\/p>\n\n\n\n<div class=\"wp-block-buttons eplus-wrapper is-layout-flex wp-block-buttons-is-layout-flex\">\n<div class=\"wp-block-button is-style-outline eplus-wrapper is-style-outline--1\"><a class=\"wp-block-button__link wp-element-button\" href=\"https:\/\/forte-cultura.com\/route-der-burgen-und-befestigten-staedte-im-elsass\/\">Mehr erfahren<\/a><\/div>\n<\/div>\n<\/div>\n<\/div>\n<\/div>\n\n\n\n<hr class=\" wp-block-separator alignwide has-text-color has-accent-2-color has-alpha-channel-opacity has-accent-2-background-color has-background eplus-wrapper\" style=\"margin-top:var(--wp--preset--spacing--30);margin-bottom:var(--wp--preset--spacing--30)\"\/>\n\n\n\n<h2 class=\" wp-block-heading alignwide eplus-wrapper\">&#8230;<\/h2>\n\n\n<div class=\"wp-block-columns alignwide eplus-wrapper is-layout-flex wp-container-core-columns-is-layout-28f84493 wp-block-columns-is-layout-flex eplus-styles-uid-5ae5ad\">\n<div class=\"wp-block-column eplus-wrapper is-layout-flow wp-block-column-is-layout-flow\" style=\"flex-basis:100%\">\n<p class=\" eplus-wrapper\">Eventkalender &#8230;<\/p>\n<\/div>\n<\/div>\n\n\n<hr class=\" wp-block-separator alignwide has-text-color has-accent-2-color has-alpha-channel-opacity has-accent-2-background-color has-background eplus-wrapper\" style=\"margin-top:var(--wp--preset--spacing--30);margin-bottom:var(--wp--preset--spacing--30)\"\/>\n","protected":false},"excerpt":{"rendered":"<p>FORTE CULTURA Cluster: Festungsmonumente in der Region Oberrhein (DE-FR) Erlebnis Festungsmonumente am Oberrhein Festungserbe der letzten 350 Jahre in der Region Oberrhein Die Geschichte des Festungsbaus am Oberrhein erstreckt sich [&hellip;]<\/p>\n","protected":false},"author":1,"featured_media":487,"parent":465,"menu_order":0,"comment_status":"open","ping_status":"closed","template":"","meta":{"editor_plus_copied_stylings":"{}","pgc_sgb_lightbox_settings":"","_price":"","_stock":"","_tribe_ticket_header":"","_tribe_default_ticket_provider":"","_tribe_ticket_capacity":"0","_ticket_start_date":"","_ticket_end_date":"","_tribe_ticket_show_description":"","_tribe_ticket_show_not_going":false,"_tribe_ticket_use_global_stock":"","_tribe_ticket_global_stock_level":"","_global_stock_mode":"","_global_stock_cap":"","_tribe_rsvp_for_event":"","_tribe_ticket_going_count":"","_tribe_ticket_not_going_count":"","_tribe_tickets_list":"[]","_tribe_ticket_has_attendee_info_fields":false,"_EventAllDay":false,"_EventTimezone":"","_EventStartDate":"","_EventEndDate":"","_EventStartDateUTC":"","_EventEndDateUTC":"","_EventShowMap":false,"_EventShowMapLink":false,"_EventURL":"","_EventCost":"","_EventCostDescription":"","_EventCurrencySymbol":"","_EventCurrencyCode":"","_EventCurrencyPosition":"","_EventDateTimeSeparator":"","_EventTimeRangeSeparator":"","_EventOrganizerID":[],"_EventVenueID":[],"_OrganizerEmail":"","_OrganizerPhone":"","_OrganizerWebsite":"","_VenueAddress":"","_VenueCity":"","_VenueCountry":"","_VenueProvince":"","_VenueState":"","_VenueZip":"","_VenuePhone":"","_VenueURL":"","_VenueStateProvince":"","_VenueLat":"","_VenueLng":"","_VenueShowMap":false,"_VenueShowMapLink":false,"footnotes":""},"class_list":["post-1764","page","type-page","status-publish","has-post-thumbnail","hentry"],"_links":{"self":[{"href":"https:\/\/forte-cultura.com\/de_de\/wp-json\/wp\/v2\/pages\/1764","targetHints":{"allow":["GET"]}}],"collection":[{"href":"https:\/\/forte-cultura.com\/de_de\/wp-json\/wp\/v2\/pages"}],"about":[{"href":"https:\/\/forte-cultura.com\/de_de\/wp-json\/wp\/v2\/types\/page"}],"author":[{"embeddable":true,"href":"https:\/\/forte-cultura.com\/de_de\/wp-json\/wp\/v2\/users\/1"}],"replies":[{"embeddable":true,"href":"https:\/\/forte-cultura.com\/de_de\/wp-json\/wp\/v2\/comments?post=1764"}],"version-history":[{"count":3,"href":"https:\/\/forte-cultura.com\/de_de\/wp-json\/wp\/v2\/pages\/1764\/revisions"}],"predecessor-version":[{"id":3267,"href":"https:\/\/forte-cultura.com\/de_de\/wp-json\/wp\/v2\/pages\/1764\/revisions\/3267"}],"up":[{"embeddable":true,"href":"https:\/\/forte-cultura.com\/de_de\/wp-json\/wp\/v2\/pages\/465"}],"wp:featuredmedia":[{"embeddable":true,"href":"https:\/\/forte-cultura.com\/de_de\/wp-json\/wp\/v2\/media\/487"}],"wp:attachment":[{"href":"https:\/\/forte-cultura.com\/de_de\/wp-json\/wp\/v2\/media?parent=1764"}],"curies":[{"name":"wp","href":"https:\/\/api.w.org\/{rel}","templated":true}]}}