{"id":1262,"date":"2023-12-20T13:14:22","date_gmt":"2023-12-20T12:14:22","guid":{"rendered":"https:\/\/forte-cultura.com\/?page_id=1262"},"modified":"2026-01-15T14:55:04","modified_gmt":"2026-01-15T13:55:04","slug":"kulturerbe-festungsmonumente","status":"publish","type":"page","link":"https:\/\/forte-cultura.com\/de_de\/kulturerbe-festungsmonumente\/","title":{"rendered":"Kulturerbe Festungsmonumente"},"content":{"rendered":"\n<div style=\"height:13px\" aria-hidden=\"true\" class=\" wp-block-spacer eplus-wrapper\"><\/div>\n\n\n\n<p class=\"is-style-default has-text-align-center has-heading-font-family eplus-wrapper\" style=\"font-size:clamp(1.071rem, 1.071rem + ((1vw - 0.2rem) * 0.982), 1.66rem);font-style:italic;font-weight:400\">Zu allen Zeiten eroberten und unterwarfen Herrscher fremde Gebiete. Die Besatzer und auch die Bedrohten indes schufen sich Verteidigungsanlagen, die sie angesichts st\u00e4ndig verbesserter Waffentechnik immer m\u00e4chtiger und immer raffinierter ausbauten.<\/p>\n\n\n\n<div style=\"height:11px\" aria-hidden=\"true\" class=\" wp-block-spacer eplus-wrapper\"><\/div>\n\n\n\n<p class=\" eplus-wrapper\"><strong>&#8222;Architectura Militaris&#8220;<\/strong>\u00a0&#8211; bezeichnet diese besondere Befestigungsbaukunst, die ein au\u00dfergew\u00f6hnliches Kulturerbe aus mehreren Jahrtausenden europ\u00e4ischer Geschichte hinterlassen hat. Erfahren Sie mehr \u00fcber eine spannende, wenig bekannte Bauwerkskategorie und ihre vielf\u00e4ltigen architektonischen Besonderheiten. Sie ist Zeitzeuge der bewegten und dramatischen Auseinandersetzungen zwischen Herrschaftsh\u00e4usern, Dynastien und Imperien bis in die j\u00fcngere Vergangenheit Europas.<\/p>\n\n\n\n<hr class=\"is-style-wide wp-block-separator aligncenter has-text-color has-accent-2-color has-alpha-channel-opacity has-accent-2-background-color has-background eplus-wrapper\" style=\"margin-top:var(--wp--preset--spacing--20);margin-bottom:var(--wp--preset--spacing--10)\"\/>\n\n\n<div class=\"wp-block-columns eplus-wrapper is-layout-flex wp-container-core-columns-is-layout-c5150b4a wp-block-columns-is-layout-flex eplus-styles-uid-d13c36\">\n<div class=\"wp-block-column has-accent-5-background-color has-background eplus-wrapper is-layout-flow wp-container-core-column-is-layout-64d94144 wp-block-column-is-layout-flow\" style=\"padding-top:var(--wp--preset--spacing--20);padding-right:var(--wp--preset--spacing--10);padding-bottom:var(--wp--preset--spacing--20);padding-left:var(--wp--preset--spacing--10)\">\n<h3 class=\" wp-block-heading has-text-align-center eplus-wrapper\" style=\"padding-right:0;padding-left:0\"><a href=\"https:\/\/forte-cultura.com\/kulturerbe-festungsmonumente\/geschichte-des-festungsbaus\/\" data-type=\"page\" data-id=\"1702\">Geschichte des Festungsbaus<\/a><\/h3>\n\n\n\n<p class=\" has-text-align-center eplus-wrapper\" style=\"padding-right:0;padding-left:0\">Die Geschichte reicht von Jahrtausende alten, einfachen Holzbefestigungen und Erdw\u00e4llen \u00fcber Grenzw\u00e4lle und Mauern z.B. der R\u00f6mer und Chinesen, sp\u00e4ter zu mittelalterlichen Stadtmauern, deren Umwandlung zu W\u00e4llen und Bastionen, Festungen, Festungsst\u00e4dten, Festungssystemen und Verteidigungslinien.<\/p>\n<\/div>\n\n\n\n<div class=\"wp-block-column has-accent-background-color has-background eplus-wrapper is-layout-flow wp-block-column-is-layout-flow\" style=\"padding-top:var(--wp--preset--spacing--20);padding-right:var(--wp--preset--spacing--10);padding-bottom:var(--wp--preset--spacing--20);padding-left:var(--wp--preset--spacing--10)\">\n<h3 class=\" wp-block-heading has-text-align-center eplus-wrapper\"><a href=\"https:\/\/forte-cultura.com\/kulturerbe-festungsmonumente\/geschichte-des-festungsbaus\/festungsbau-vom-15-19-jahrhundert\/verteidigungslinien\/\" data-type=\"page\" data-id=\"2149\">Festungsarchitektur 15.-19. Jh.<\/a><\/h3>\n\n\n\n<p class=\" has-text-align-center eplus-wrapper\">Mit der Einf\u00fchrung der Feuerwaffen erfolgte ein fundamentaler Wandel im Festungsbau. Es begann ein Umbau und vielerorts gar der gesamte Ersatz von Wehranlagen und Burgt\u00fcrmen zu gewaltigen Bastionen, starken Mauerwerken mit tiefen Wallgr\u00e4ben, auf die Ballistik und Reichweite der neuen Geschosse abgestimmt.<\/p>\n<\/div>\n\n\n\n<div class=\"wp-block-column has-accent-2-background-color has-background eplus-wrapper is-layout-flow wp-block-column-is-layout-flow\" style=\"padding-top:var(--wp--preset--spacing--20);padding-right:var(--wp--preset--spacing--10);padding-bottom:var(--wp--preset--spacing--20);padding-left:var(--wp--preset--spacing--10)\">\n<h3 class=\" wp-block-heading has-text-align-center eplus-wrapper\"><a href=\"https:\/\/forte-cultura.com\/kulturerbe-festungsmonumente\/geschichte-des-festungsbaus\/festungen-des-20-jahrhunderts\/\" data-type=\"page\" data-id=\"1892\">Festungsarchitektur 20. Jh.<\/a><\/h3>\n\n\n\n<p class=\" has-text-align-center eplus-wrapper\">Die Entwicklung von Stahlbeton brachte den zweiten fundamentalen Wandel im Festungsbau mit sich. Festungen aus Stein waren weitgehend wirkungslos gegen moderne Waffen. Der Festungsbau tarnte sich und orientierte sich unterirdisch. Es entstanden gigantische Bunkerlinien, Luftschutzsysteme und Regierungsbunker.<\/p>\n<\/div>\n<\/div>\n\n\n<hr class=\"is-style-wide wp-block-separator aligncenter has-text-color has-accent-2-color has-alpha-channel-opacity has-accent-2-background-color has-background eplus-wrapper\" style=\"margin-top:var(--wp--preset--spacing--10);margin-bottom:var(--wp--preset--spacing--10)\"\/>\n\n\n<div  class=\"wp-block-ultimate-post-ultp-taxonomy ultp-block-cd9f09 \"><div class=\"ultp-block-wrapper\"><div class=\"ultp-loading\"><div class=\"ultp-loading-blocks\" style=\"width:100%;height:100%;\"><div style=\"left: 0;top: 0;animation-delay:0s;\"><\/div><div style=\"left: 21px;top: 0;animation-delay:0.125s;\"><\/div><div style=\"left: 42px;top: 0;animation-delay:0.25s;\"><\/div><div style=\"left: 0;top: 21px;animation-delay:0.875s;\"><\/div><div style=\"left: 42px;top: 21px;animation-delay:0.375s;\"><\/div><div style=\"left: 0;top: 42px;animation-delay:0.75s;\"><\/div><div style=\"left: 42px;top: 42px;animation-delay:0.625s;\"><\/div><div style=\"left: 21px;top: 42px;animation-delay:0.5s;\"><\/div><\/div><\/div><div class=\"ultp-heading-filter\"><div class=\"ultp-heading-filter-in\"><div class=\"ultp-heading-wrap ultp-heading-style9 ultp-heading-center\"><h2 class=\"ultp-heading-inner\"><span>FORTE CULTURA Stationen nach Festungstypen<\/span><\/h2><\/div><\/div><\/div><div class=\"ultp-block-items-wrap\"><ul class=\"ultp-taxonomy-items  ultp-taxonomy-animation-none ultp-taxonomy-column-3 ultp-taxonomy-layout-1\"><li class=\"ultp-block-item ultp-taxonomy-item\"><a href=\"https:\/\/forte-cultura.com\/de_de\/category\/festungserbe\/befestigte-burg\/\" ><span class=\"ultp-taxonomy-name\" >Befestigte Burg<\/span><span class=\"ultp-taxonomy-count\" >7<\/span><\/a><\/li><li class=\"ultp-block-item ultp-taxonomy-item\"><a href=\"https:\/\/forte-cultura.com\/de_de\/category\/festungserbe\/befestigte-idealstadt\/\" ><span class=\"ultp-taxonomy-name\" >Befestigte Idealstadt<\/span><span class=\"ultp-taxonomy-count\" >5<\/span><\/a><\/li><li class=\"ultp-block-item ultp-taxonomy-item\"><a href=\"https:\/\/forte-cultura.com\/de_de\/category\/festungserbe\/befestigte-stadt\/\" ><span class=\"ultp-taxonomy-name\" >Befestigte Stadt<\/span><span class=\"ultp-taxonomy-count\" >3<\/span><\/a><\/li><li class=\"ultp-block-item ultp-taxonomy-item\"><a href=\"https:\/\/forte-cultura.com\/de_de\/category\/festungserbe\/befestigtes-schloss\/\" ><span class=\"ultp-taxonomy-name\" >Befestigtes Schloss<\/span><span class=\"ultp-taxonomy-count\" >4<\/span><\/a><\/li><li class=\"ultp-block-item ultp-taxonomy-item\"><a href=\"https:\/\/forte-cultura.com\/de_de\/category\/festungserbe\/festung\/\" ><span class=\"ultp-taxonomy-name\" >Festung<\/span><span class=\"ultp-taxonomy-count\" >10<\/span><\/a><\/li><li class=\"ultp-block-item ultp-taxonomy-item\"><a href=\"https:\/\/forte-cultura.com\/de_de\/category\/festungserbe\/festungssystem\/\" ><span class=\"ultp-taxonomy-name\" >Festungssystem<\/span><span class=\"ultp-taxonomy-count\" >16<\/span><\/a><\/li><li class=\"ultp-block-item ultp-taxonomy-item\"><a href=\"https:\/\/forte-cultura.com\/de_de\/category\/festungserbe\/fort\/\" ><span class=\"ultp-taxonomy-name\" >Fort<\/span><span class=\"ultp-taxonomy-count\" >3<\/span><\/a><\/li><li class=\"ultp-block-item ultp-taxonomy-item\"><a href=\"https:\/\/forte-cultura.com\/de_de\/category\/festungserbe\/verteidigungslinie\/\" ><span class=\"ultp-taxonomy-name\" >Verteidigungslinie<\/span><span class=\"ultp-taxonomy-count\" >1<\/span><\/a><\/li><li class=\"ultp-block-item ultp-taxonomy-item\"><a href=\"https:\/\/forte-cultura.com\/de_de\/category\/festungserbe\/zitadelle\/\" ><span class=\"ultp-taxonomy-name\" >Zitadelle<\/span><span class=\"ultp-taxonomy-count\" >6<\/span><\/a><\/li><li class=\"ultp-block-item ultp-taxonomy-item\"><a href=\"https:\/\/forte-cultura.com\/de_de\/category\/festungserbe-20-jh\/militaerbunker\/\" ><span class=\"ultp-taxonomy-name\" >Milit\u00e4rbunker<\/span><span class=\"ultp-taxonomy-count\" >11<\/span><\/a><\/li><li class=\"ultp-block-item ultp-taxonomy-item\"><a href=\"https:\/\/forte-cultura.com\/de_de\/category\/festungserbe-20-jh\/regierungsbunker\/\" ><span class=\"ultp-taxonomy-name\" >Regierungsbunker<\/span><span class=\"ultp-taxonomy-count\" >3<\/span><\/a><\/li><li class=\"ultp-block-item ultp-taxonomy-item\"><a href=\"https:\/\/forte-cultura.com\/de_de\/category\/festungserbe-20-jh\/verteidigungslinie-20-jh\/\" ><span class=\"ultp-taxonomy-name\" >Verteidigungslinie 20. Jh.<\/span><span class=\"ultp-taxonomy-count\" >9<\/span><\/a><\/li><\/ul><\/div><\/div><\/div>\n\n\n<figure class=\" wp-block-image aligncenter size-large eplus-wrapper\"><img loading=\"lazy\" decoding=\"async\" width=\"1024\" height=\"865\" src=\"https:\/\/forte-cultura.com\/wp-content\/uploads\/2023\/11\/ECCOFORT_Festungskarte2023-1024x865.jpg\" alt=\"\" class=\"wp-image-108\" srcset=\"https:\/\/forte-cultura.com\/wp-content\/uploads\/2023\/11\/ECCOFORT_Festungskarte2023-1024x865.jpg 1024w, https:\/\/forte-cultura.com\/wp-content\/uploads\/2023\/11\/ECCOFORT_Festungskarte2023-300x254.jpg 300w, https:\/\/forte-cultura.com\/wp-content\/uploads\/2023\/11\/ECCOFORT_Festungskarte2023-768x649.jpg 768w, https:\/\/forte-cultura.com\/wp-content\/uploads\/2023\/11\/ECCOFORT_Festungskarte2023-1536x1298.jpg 1536w, https:\/\/forte-cultura.com\/wp-content\/uploads\/2023\/11\/ECCOFORT_Festungskarte2023.jpg 2000w\" sizes=\"auto, (max-width: 1024px) 100vw, 1024px\" \/><figcaption class=\"wp-element-caption\">Festungskarte Europa \u00a9ECCOFORT e.V.<\/figcaption><\/figure>\n","protected":false},"excerpt":{"rendered":"<p>Zu allen Zeiten eroberten und unterwarfen Herrscher fremde Gebiete. Die Besatzer und auch die Bedrohten indes schufen sich Verteidigungsanlagen, die sie angesichts st\u00e4ndig verbesserter Waffentechnik immer m\u00e4chtiger und immer raffinierter [&hellip;]<\/p>\n","protected":false},"author":1,"featured_media":1700,"parent":0,"menu_order":0,"comment_status":"closed","ping_status":"closed","template":"","meta":{"editor_plus_copied_stylings":"{}","pgc_sgb_lightbox_settings":"","_price":"","_stock":"","_tribe_ticket_header":"","_tribe_default_ticket_provider":"","_tribe_ticket_capacity":"0","_ticket_start_date":"","_ticket_end_date":"","_tribe_ticket_show_description":"","_tribe_ticket_show_not_going":false,"_tribe_ticket_use_global_stock":"","_tribe_ticket_global_stock_level":"","_global_stock_mode":"","_global_stock_cap":"","_tribe_rsvp_for_event":"","_tribe_ticket_going_count":"","_tribe_ticket_not_going_count":"","_tribe_tickets_list":"[]","_tribe_ticket_has_attendee_info_fields":false,"_EventAllDay":false,"_EventTimezone":"","_EventStartDate":"","_EventEndDate":"","_EventStartDateUTC":"","_EventEndDateUTC":"","_EventShowMap":false,"_EventShowMapLink":false,"_EventURL":"","_EventCost":"","_EventCostDescription":"","_EventCurrencySymbol":"","_EventCurrencyCode":"","_EventCurrencyPosition":"","_EventDateTimeSeparator":"","_EventTimeRangeSeparator":"","_EventOrganizerID":[],"_EventVenueID":[],"_OrganizerEmail":"","_OrganizerPhone":"","_OrganizerWebsite":"","_VenueAddress":"","_VenueCity":"","_VenueCountry":"","_VenueProvince":"","_VenueState":"","_VenueZip":"","_VenuePhone":"","_VenueURL":"","_VenueStateProvince":"","_VenueLat":"","_VenueLng":"","_VenueShowMap":false,"_VenueShowMapLink":false,"footnotes":""},"class_list":["post-1262","page","type-page","status-publish","has-post-thumbnail","hentry"],"_links":{"self":[{"href":"https:\/\/forte-cultura.com\/de_de\/wp-json\/wp\/v2\/pages\/1262","targetHints":{"allow":["GET"]}}],"collection":[{"href":"https:\/\/forte-cultura.com\/de_de\/wp-json\/wp\/v2\/pages"}],"about":[{"href":"https:\/\/forte-cultura.com\/de_de\/wp-json\/wp\/v2\/types\/page"}],"author":[{"embeddable":true,"href":"https:\/\/forte-cultura.com\/de_de\/wp-json\/wp\/v2\/users\/1"}],"replies":[{"embeddable":true,"href":"https:\/\/forte-cultura.com\/de_de\/wp-json\/wp\/v2\/comments?post=1262"}],"version-history":[{"count":3,"href":"https:\/\/forte-cultura.com\/de_de\/wp-json\/wp\/v2\/pages\/1262\/revisions"}],"predecessor-version":[{"id":4745,"href":"https:\/\/forte-cultura.com\/de_de\/wp-json\/wp\/v2\/pages\/1262\/revisions\/4745"}],"wp:featuredmedia":[{"embeddable":true,"href":"https:\/\/forte-cultura.com\/de_de\/wp-json\/wp\/v2\/media\/1700"}],"wp:attachment":[{"href":"https:\/\/forte-cultura.com\/de_de\/wp-json\/wp\/v2\/media?parent=1262"}],"curies":[{"name":"wp","href":"https:\/\/api.w.org\/{rel}","templated":true}]}}